{"id":772877,"date":"2025-08-28T15:56:01","date_gmt":"2025-08-28T12:56:01","guid":{"rendered":"https:\/\/roveyayinevi.com.tr\/index.php\/urun\/sayilari-yazmayi-kolayca-ogreten-kitap-sihirli-ucan-kalemli-oluklu-kabartmali-sayilar-kitabi\/"},"modified":"2026-04-15T03:39:15","modified_gmt":"2026-04-15T00:39:15","slug":"sayilari-yazmayi-kolayca-ogreten-kitap-sihirli-ucan-kalemli-oluklu-kabartmali-sayilar-kitabi","status":"publish","type":"product","link":"https:\/\/roveyayinevi.com.tr\/index.php\/urun\/sayilari-yazmayi-kolayca-ogreten-kitap-sihirli-ucan-kalemli-oluklu-kabartmali-sayilar-kitabi\/","title":{"rendered":"Say\u0131lar\u0131 Yazmay\u0131 Kolayca \u00d6\u011freten Kitap | Sihirli U\u00e7an Kalemli Oluklu (kabartmal\u0131) Say\u0131lar Kitab\u0131"},"content":{"rendered":"<p>Say\u0131lar\u0131 Yazmay\u0131 Kolayca \u00d6\u011freten Kitap | Sihirli U\u00e7an Kalemli Oluklu (Kabartmal\u0131) Say\u0131lar Kitab\u0131 | 4\u20138 Ya\u015f   \ufe0f Say\u0131lar\u0131 Yazmay\u0131 \u00f6\u011frenmenin en sihirli yolu!   Bu \u00f6zel kitapla \u00e7ocuklar, kabartmal\u0131 (oluklu) say\u0131 yollar\u0131n\u0131 takip ederek1\u2019den 10\u2019a kadar t\u00fcm say\u0131lar\u0131 do\u011fru \u015fekilde yazmay\u0131\u00f6\u011freniyor!   Sihirli u\u00e7an kalemsayesinde yazmak art\u0131k bir oyun gibi! \u00c7ocuklar harf ve say\u0131lar\u0131n izini s\u00fcrerken hem \u00f6\u011freniyor hem de motor becerilerini geli\u015ftiriyor. \u2b50 \u00dcr\u00fcn \u00d6zellikleri:  Sihirli U\u00e7an Kalem Hediyeli:Kalemin \u00f6zel ucu oluklar\u0131n i\u00e7inde rahat\u00e7a kayar, y\u00f6nlendirme sa\u011flar.  Kabartmal\u0131 Say\u0131lar:Her say\u0131y\u0131 yazarken \u00e7ocuklara rehberlik eder. \u270d\ufe0f Yaz\u0131 Y\u00f6n\u00fc E\u011fitimi:Say\u0131lar\u0131n ba\u015flang\u0131\u00e7 ve biti\u015f y\u00f6nleri do\u011fru \u015fekilde \u00f6\u011fretilir.  Motor Geli\u015fim ve Koordinasyon Deste\u011fi:Yazma becerisi, dikkat ve el-g\u00f6z koordinasyonu geli\u015fir.  Renkli ve E\u011flenceli Sayfa Tasar\u0131m\u0131:\u00d6\u011frenmeyi s\u0131k\u0131c\u0131 olmaktan \u00e7\u0131kar\u0131r, dikkat s\u00fcresini art\u0131r\u0131r.  Harika Hediye Se\u00e7ene\u011fi:Okul \u00f6ncesi, anaokulu ve ilkokula haz\u0131rl\u0131k s\u00fcrecindeki \u00e7ocuklar i\u00e7in m\u00fckemmel.  Kimler \u0130\u00e7in Uygun? 4\u20137 ya\u015f aras\u0131 \u00e7ocuklar Say\u0131lar\u0131 \u00f6\u011frenmeye ve yazmaya ba\u015flayanlar E\u011flenerek \u00f6\u011frenmeyi seven minikler  Neden Bu Kitap? \u2705 Yaz\u0131 y\u00f6n\u00fcn\u00fc \u00f6\u011fretir \u2705 Kalem kontrol\u00fcn\u00fc geli\u015ftirir \u2705 E\u011flenerek \u00f6\u011frenmeyi destekler \u2705 Hatalardan korkmadan deneme yapmay\u0131 sa\u011flar <\/p>\n","protected":false},"excerpt":{"rendered":"<p>Say\u0131lar\u0131 Yazmay\u0131 Kolayca \u00d6\u011freten Kitap | Sihirli U\u00e7an Kalemli Oluklu (Kabartmal\u0131) Say\u0131lar Kitab\u0131 | 4\u20138 Ya\u015f \ufe0f Say\u0131lar\u0131 Yazmay\u0131 \u00f6\u011frenmenin en sihirli yolu! Bu \u00f6zel kitapla<span class=\"excerpt-hellip\"> [\u2026]<\/span><\/p>\n","protected":false},"featured_media":0,"template":"","meta":{"_monsterinsights_skip_tracking":false,"_monsterinsights_sitenote_active":false,"_monsterinsights_sitenote_note":"","_monsterinsights_sitenote_category":0},"product_brand":[],"product_cat":[12274,15842],"product_tag":[],"class_list":{"0":"post-772877","1":"product","2":"type-product","3":"status-publish","5":"product_cat-cocuk-ve-genclik-kitaplari","6":"product_cat-egitici-kitaplar","7":"pa_cilt-ciltsiz","8":"pa_tur-kitap","9":"pa_yayinevi-dikkat-atolyesi-yayinlari","10":"pa_yazar-huseyin-demir","12":"first","13":"instock","14":"sale","15":"shipping-taxable","16":"purchasable","17":"product-type-simple"},"_links":{"self":[{"href":"https:\/\/roveyayinevi.com.tr\/index.php\/wp-json\/wp\/v2\/product\/772877","targetHints":{"allow":["GET"]}}],"collection":[{"href":"https:\/\/roveyayinevi.com.tr\/index.php\/wp-json\/wp\/v2\/product"}],"about":[{"href":"https:\/\/roveyayinevi.com.tr\/index.php\/wp-json\/wp\/v2\/types\/product"}],"wp:attachment":[{"href":"https:\/\/roveyayinevi.com.tr\/index.php\/wp-json\/wp\/v2\/media?parent=772877"}],"wp:term":[{"taxonomy":"product_brand","embeddable":true,"href":"https:\/\/roveyayinevi.com.tr\/index.php\/wp-json\/wp\/v2\/product_brand?post=772877"},{"taxonomy":"product_cat","embeddable":true,"href":"https:\/\/roveyayinevi.com.tr\/index.php\/wp-json\/wp\/v2\/product_cat?post=772877"},{"taxonomy":"product_tag","embeddable":true,"href":"https:\/\/roveyayinevi.com.tr\/index.php\/wp-json\/wp\/v2\/product_tag?post=772877"}],"curies":[{"name":"wp","href":"https:\/\/api.w.org\/{rel}","templated":true}]}}