{"id":772875,"date":"2025-08-28T15:55:57","date_gmt":"2025-08-28T12:55:57","guid":{"rendered":"https:\/\/roveyayinevi.com.tr\/index.php\/urun\/kirik-kalpteki-ayna\/"},"modified":"2026-04-15T03:39:15","modified_gmt":"2026-04-15T00:39:15","slug":"kirik-kalpteki-ayna","status":"publish","type":"product","link":"https:\/\/roveyayinevi.com.tr\/index.php\/urun\/kirik-kalpteki-ayna\/","title":{"rendered":"K\u0131r\u0131k Kalpteki Ayna"},"content":{"rendered":"<p>\u201cSEVG\u0130 SANDI\u011eIN \u015eEY, \u00c7OCUKKEN \u00d6\u011eREN\u0130LM\u0130\u015e B\u0130R SUSKUNLUK OLAB\u0130L\u0130R M\u0130?\u201d   Tu\u011fba, bir ayr\u0131l\u0131\u011f\u0131n ortas\u0131nda kendini buldu\u011funda, asl\u0131nda hep orada duran bir bo\u015flu\u011fa d\u00fc\u015fer. Kalbinin k\u0131y\u0131s\u0131nda y\u0131llard\u0131r konu\u015fmayan bir \u00e7ocukla ilk kez o g\u00fcn g\u00f6z g\u00f6ze gelir. Ac\u0131dan ka\u00e7mak yerine onu izlemeyi se\u00e7er. Ve b\u00f6ylece, hayat\u0131nda yeni bir d\u00f6neme ad\u0131m atm\u0131\u015f olur.   K\u0131r\u0131k Kalpteki Ayna, yaln\u0131zca bir a\u015fk\u0131n yas\u0131 de\u011fil; aileden miras kalan sevgi kal\u0131plar\u0131n\u0131n, fark etmeden ta\u015f\u0131d\u0131\u011f\u0131m\u0131z inan\u00e7lar\u0131n, \u201cde\u011fersizlik\u201d duygusunun karanl\u0131k aynas\u0131nda i\u00e7sel bir uyan\u0131\u015ft\u0131r. Tu\u011fba\u2019n\u0131n ya\u015fad\u0131\u011f\u0131 her faz, terk edilen birinin ya\u015fad\u0131\u011f\u0131 evreleri bir bir g\u00f6zler \u00f6n\u00fcne sererken, okur da kendi yaras\u0131na bakmaya davet edilir.   S\u00fchendan Erdin, duygunun \u00f6z\u00fcne dokunan samimi ve \u015fefkatli anlat\u0131m\u0131yla, kad\u0131n dayan\u0131\u015fmas\u0131n\u0131n, annelik miras\u0131n\u0131n ve sevgi aray\u0131\u015f\u0131n\u0131n izini s\u00fcr\u00fcyor.   Ayr\u0131l\u0131k sand\u0131\u011f\u0131n \u015fey, belki de kendine d\u00f6n\u00fc\u015f yolculu\u011funun ta kendisidir.   Peki sen, i\u00e7indeki aynada ne g\u00f6r\u00fcyorsun? <\/p>\n","protected":false},"excerpt":{"rendered":"<p>\u201cSEVG\u0130 SANDI\u011eIN \u015eEY, \u00c7OCUKKEN \u00d6\u011eREN\u0130LM\u0130\u015e B\u0130R SUSKUNLUK OLAB\u0130L\u0130R M\u0130?\u201d Tu\u011fba, bir ayr\u0131l\u0131\u011f\u0131n ortas\u0131nda kendini buldu\u011funda, asl\u0131nda hep orada duran bir bo\u015flu\u011fa d\u00fc\u015fer. Kalbinin k\u0131y\u0131s\u0131nda y\u0131llard\u0131r konu\u015fmayan<span class=\"excerpt-hellip\"> [\u2026]<\/span><\/p>\n","protected":false},"featured_media":0,"template":"","meta":{"_monsterinsights_skip_tracking":false,"_monsterinsights_sitenote_active":false,"_monsterinsights_sitenote_note":"","_monsterinsights_sitenote_category":0},"product_brand":[],"product_cat":[12291,12711],"product_tag":[],"class_list":{"0":"post-772875","1":"product","2":"type-product","3":"status-publish","5":"product_cat-edebiyat","6":"product_cat-roman-oyku","7":"pa_cilt-ciltsiz","8":"pa_tur-kitap","9":"pa_yayinevi-destek-yayinlari","10":"pa_yazar-suhendan-erdin","12":"first","13":"instock","14":"sale","15":"shipping-taxable","16":"purchasable","17":"product-type-simple"},"_links":{"self":[{"href":"https:\/\/roveyayinevi.com.tr\/index.php\/wp-json\/wp\/v2\/product\/772875","targetHints":{"allow":["GET"]}}],"collection":[{"href":"https:\/\/roveyayinevi.com.tr\/index.php\/wp-json\/wp\/v2\/product"}],"about":[{"href":"https:\/\/roveyayinevi.com.tr\/index.php\/wp-json\/wp\/v2\/types\/product"}],"wp:attachment":[{"href":"https:\/\/roveyayinevi.com.tr\/index.php\/wp-json\/wp\/v2\/media?parent=772875"}],"wp:term":[{"taxonomy":"product_brand","embeddable":true,"href":"https:\/\/roveyayinevi.com.tr\/index.php\/wp-json\/wp\/v2\/product_brand?post=772875"},{"taxonomy":"product_cat","embeddable":true,"href":"https:\/\/roveyayinevi.com.tr\/index.php\/wp-json\/wp\/v2\/product_cat?post=772875"},{"taxonomy":"product_tag","embeddable":true,"href":"https:\/\/roveyayinevi.com.tr\/index.php\/wp-json\/wp\/v2\/product_tag?post=772875"}],"curies":[{"name":"wp","href":"https:\/\/api.w.org\/{rel}","templated":true}]}}