{"id":772874,"date":"2025-08-28T15:55:56","date_gmt":"2025-08-28T12:55:56","guid":{"rendered":"https:\/\/roveyayinevi.com.tr\/index.php\/urun\/longevity-beslenmesi-hucrelerinizin-yaslanmasini-yavaslatmak-kronik-hastaliklardan-kurtulmak-zihinsel-fiziksel-gucunuzu-korumak-icin-bir-rehber\/"},"modified":"2026-04-15T03:39:15","modified_gmt":"2026-04-15T00:39:15","slug":"longevity-beslenmesi-hucrelerinizin-yaslanmasini-yavaslatmak-kronik-hastaliklardan-kurtulmak-zihinsel-fiziksel-gucunuzu-korumak-icin-bir-rehber","status":"publish","type":"product","link":"https:\/\/roveyayinevi.com.tr\/index.php\/urun\/longevity-beslenmesi-hucrelerinizin-yaslanmasini-yavaslatmak-kronik-hastaliklardan-kurtulmak-zihinsel-fiziksel-gucunuzu-korumak-icin-bir-rehber\/","title":{"rendered":"Longevity Beslenmesi H\u00fccrelerinizin ya\u015flanmas\u0131n\u0131 yava\u015flatmak, kronik hastal\u0131klardan kurtulmak, zihinsel-fiziksel g\u00fcc\u00fcn\u00fcz\u00fc korumak i\u00e7in bir rehber"},"content":{"rendered":"<p>Ya\u015flanmak kader de\u011fil, bir tercihtir. Peki siz, bu tercihi nas\u0131l yapacaks\u0131n\u0131z?   Modern ya\u015fam\u0131n i\u00e7inde h\u0131zla ak\u0131p giden y\u0131llar y\u00fcz\u00fcm\u00fczde derin izler b\u0131rak\u0131rken as\u0131l soru \u015fu: \u00d6mr\u00fcm\u00fcz\u00fc sadece uzatmak m\u0131 istiyoruz, yoksa bu y\u0131llar\u0131 sa\u011fl\u0131kl\u0131, mutlu ve anlaml\u0131 m\u0131 ya\u015famak istiyoruz? Bilimsel verileri sade ve etkileyici bir dille aktaran Longevity Beslenmesi ya\u015flanman\u0131n biyolojik s\u0131rlar\u0131n\u0131, gen\u00e7 kalman\u0131n ipu\u00e7lar\u0131n\u0131 ve h\u00fccre d\u00fczeyinde sa\u011fl\u0131\u011f\u0131 destekleyen beslenme stratejilerini g\u00f6zler \u00f6n\u00fcne seriyor.   Hangi g\u0131dalar ya\u015flanmay\u0131 yava\u015flat\u0131r? Genetik mi \u00f6nemli, yoksa ya\u015fam tarz\u0131 m\u0131 belirleyici? Mavi b\u00f6lgelerdeki insanlar neden daha uzun ya\u015f\u0131yor? G\u00fcnl\u00fck al\u0131\u015fkanl\u0131klar\u0131m\u0131z biyolojik ya\u015f\u0131m\u0131z\u0131 nas\u0131l etkiler?   Enerji k\u0131s\u0131tlamas\u0131ndan senolitik besinlere, epigenetikten mikrobiyotaya uzanan bu bilimsel ke\u015fif yolculu\u011fu, sadece bilgi vermiyor, sa\u011fl\u0131kl\u0131 ya\u015f alman\u0131n m\u00fcmk\u00fcn oldu\u011funu kan\u0131tl\u0131yor.   Unutmay\u0131n: Uzun \u00f6m\u00fcr, mucizevi genlerde de\u011fil; do\u011fru bilgilerle at\u0131lan k\u00fc\u00e7\u00fck ama kararl\u0131 ad\u0131mlarda gizlidir. <\/p>\n","protected":false},"excerpt":{"rendered":"<p>Ya\u015flanmak kader de\u011fil, bir tercihtir. Peki siz, bu tercihi nas\u0131l yapacaks\u0131n\u0131z? Modern ya\u015fam\u0131n i\u00e7inde h\u0131zla ak\u0131p giden y\u0131llar y\u00fcz\u00fcm\u00fczde derin izler b\u0131rak\u0131rken as\u0131l soru \u015fu: \u00d6mr\u00fcm\u00fcz\u00fc<span class=\"excerpt-hellip\"> [\u2026]<\/span><\/p>\n","protected":false},"featured_media":0,"template":"","meta":{"_monsterinsights_skip_tracking":false,"_monsterinsights_sitenote_active":false,"_monsterinsights_sitenote_note":"","_monsterinsights_sitenote_category":0},"product_brand":[],"product_cat":[13402,13365],"product_tag":[],"class_list":{"0":"post-772874","1":"product","2":"type-product","3":"status-publish","5":"product_cat-beslenme-ve-diyet","6":"product_cat-saglik","7":"pa_cilt-ciltsiz","8":"pa_tur-kitap","9":"pa_yayinevi-destek-yayinlari","10":"pa_yazar-murat-bas","12":"first","13":"instock","14":"sale","15":"shipping-taxable","16":"purchasable","17":"product-type-simple"},"_links":{"self":[{"href":"https:\/\/roveyayinevi.com.tr\/index.php\/wp-json\/wp\/v2\/product\/772874","targetHints":{"allow":["GET"]}}],"collection":[{"href":"https:\/\/roveyayinevi.com.tr\/index.php\/wp-json\/wp\/v2\/product"}],"about":[{"href":"https:\/\/roveyayinevi.com.tr\/index.php\/wp-json\/wp\/v2\/types\/product"}],"wp:attachment":[{"href":"https:\/\/roveyayinevi.com.tr\/index.php\/wp-json\/wp\/v2\/media?parent=772874"}],"wp:term":[{"taxonomy":"product_brand","embeddable":true,"href":"https:\/\/roveyayinevi.com.tr\/index.php\/wp-json\/wp\/v2\/product_brand?post=772874"},{"taxonomy":"product_cat","embeddable":true,"href":"https:\/\/roveyayinevi.com.tr\/index.php\/wp-json\/wp\/v2\/product_cat?post=772874"},{"taxonomy":"product_tag","embeddable":true,"href":"https:\/\/roveyayinevi.com.tr\/index.php\/wp-json\/wp\/v2\/product_tag?post=772874"}],"curies":[{"name":"wp","href":"https:\/\/api.w.org\/{rel}","templated":true}]}}