{"id":772873,"date":"2025-08-28T15:55:55","date_gmt":"2025-08-28T12:55:55","guid":{"rendered":"https:\/\/roveyayinevi.com.tr\/index.php\/urun\/son-perde-bop-kanli-arap-baharinda\/"},"modified":"2026-04-15T03:39:15","modified_gmt":"2026-04-15T00:39:15","slug":"son-perde-bop-kanli-arap-baharinda","status":"publish","type":"product","link":"https:\/\/roveyayinevi.com.tr\/index.php\/urun\/son-perde-bop-kanli-arap-baharinda\/","title":{"rendered":"Son Perde &#8211; BOP &amp; Kanl\u0131 Arap Bahar\u0131nda"},"content":{"rendered":"<p>\u2022 Arap Bahar\u0131 BOP\u2019un devam\u0131 m\u0131? \u2022 Esad\u2019\u0131 kim, nas\u0131l devirdi? \u2022 NUSRA\u2019c\u0131 ter\u00f6ristleri kim neden seviyor? \u2022 Trump\u2019\u0131n \u201c\u00e7ekici\u201d dedi\u011fi Colani kimdir? \u2022 Yeni Emeviler yeni Kerbela pe\u015finde mi? \u2022 Herkes \u0130srail\u2019e mi hizmet edecek? \u2022 Sevr\u2019in zaman\u0131 geldi mi? \u2022 AKP yeni Ortado\u011fu\u2019da neyin pe\u015finde?   Suriye\u2019den Libya\u2019ya, Gazze\u2019den L\u00fcbnan\u2019a uzanan bu co\u011frafyada ya\u015fananlar ne \u201cbahar\u201dd\u0131 ne de ge\u00e7iciydi. Her biri farkl\u0131 \u00fclkelerde, ayn\u0131 karanl\u0131k akl\u0131n yazd\u0131\u011f\u0131 senaryoyla sahnelenen kanl\u0131 tiyatrolard\u0131.   Bu kitap, 7 Ekim 2023\u2019te Gazze\u2019de ba\u015flayan ve 471 g\u00fcn s\u00fcren kanl\u0131 sava\u015f\u0131n \u00f6tesine ge\u00e7erek, b\u00f6lgeyi y\u0131llard\u0131r k\u0131skac\u0131nda tutan kirli ittifaklar\u0131, emperyalizmin g\u00f6lgesindeki kukla iktidarlar\u0131 ve kal\u0131c\u0131 hale getirilen \u00e7at\u0131\u015fmalar\u0131 g\u00f6zler \u00f6n\u00fcne seriyor. Bu, \u0130srail\u2019in g\u00fcvenli\u011fi ad\u0131na \u015fekillendirilen bir co\u011frafyada, susturulan liderlerin ve par\u00e7alanan halklar\u0131n hik\u00e2yesi&#8230;   H\u00fcsn\u00fc Mahalli\u2019den, istihbarat raporlar\u0131 kadar net, diplomatik belgeler kadar so\u011fukkanl\u0131 bir anlat\u0131mla, ger\u00e7eklerin \u00fczeri \u00f6rt\u00fclmeden, hi\u00e7bir g\u00fcce selam \u00e7ak\u0131lmadan yaz\u0131lm\u0131\u015f bir yak\u0131n Ortado\u011fu tarihi. <\/p>\n","protected":false},"excerpt":{"rendered":"<p>\u2022 Arap Bahar\u0131 BOP\u2019un devam\u0131 m\u0131? \u2022 Esad\u2019\u0131 kim, nas\u0131l devirdi? \u2022 NUSRA\u2019c\u0131 ter\u00f6ristleri kim neden seviyor? \u2022 Trump\u2019\u0131n \u201c\u00e7ekici\u201d dedi\u011fi Colani kimdir? \u2022 Yeni Emeviler<span class=\"excerpt-hellip\"> [\u2026]<\/span><\/p>\n","protected":false},"featured_media":0,"template":"","meta":{"_monsterinsights_skip_tracking":false,"_monsterinsights_sitenote_active":false,"_monsterinsights_sitenote_note":"","_monsterinsights_sitenote_category":0},"product_brand":[],"product_cat":[13590,12337],"product_tag":[],"class_list":{"0":"post-772873","1":"product","2":"type-product","3":"status-publish","5":"product_cat-arastirma-inceleme-politika-siyaset","6":"product_cat-politika-siyaset","7":"pa_cilt-ciltsiz","8":"pa_tur-kitap","9":"pa_yayinevi-destek-yayinlari","10":"pa_yazar-husnu-mahalli","12":"first","13":"instock","14":"sale","15":"shipping-taxable","16":"purchasable","17":"product-type-simple"},"_links":{"self":[{"href":"https:\/\/roveyayinevi.com.tr\/index.php\/wp-json\/wp\/v2\/product\/772873","targetHints":{"allow":["GET"]}}],"collection":[{"href":"https:\/\/roveyayinevi.com.tr\/index.php\/wp-json\/wp\/v2\/product"}],"about":[{"href":"https:\/\/roveyayinevi.com.tr\/index.php\/wp-json\/wp\/v2\/types\/product"}],"wp:attachment":[{"href":"https:\/\/roveyayinevi.com.tr\/index.php\/wp-json\/wp\/v2\/media?parent=772873"}],"wp:term":[{"taxonomy":"product_brand","embeddable":true,"href":"https:\/\/roveyayinevi.com.tr\/index.php\/wp-json\/wp\/v2\/product_brand?post=772873"},{"taxonomy":"product_cat","embeddable":true,"href":"https:\/\/roveyayinevi.com.tr\/index.php\/wp-json\/wp\/v2\/product_cat?post=772873"},{"taxonomy":"product_tag","embeddable":true,"href":"https:\/\/roveyayinevi.com.tr\/index.php\/wp-json\/wp\/v2\/product_tag?post=772873"}],"curies":[{"name":"wp","href":"https:\/\/api.w.org\/{rel}","templated":true}]}}