{"id":772872,"date":"2025-08-28T15:55:52","date_gmt":"2025-08-28T12:55:52","guid":{"rendered":"https:\/\/roveyayinevi.com.tr\/index.php\/urun\/ben-asi\/"},"modified":"2026-04-15T03:39:15","modified_gmt":"2026-04-15T00:39:15","slug":"ben-asi","status":"publish","type":"product","link":"https:\/\/roveyayinevi.com.tr\/index.php\/urun\/ben-asi\/","title":{"rendered":"Ben Asi"},"content":{"rendered":"<p>Kronik \u00c7ocuk\u2019tan dostlu\u011fun ve cesaretin de\u011ferini bilen okurlar i\u00e7in unutulmaz bir roman: Ben Asi. Ross Montgomery\u2019nin yaz\u0131p Nazl\u0131can Kabata\u015f\u2019\u0131n \u00e7evirdi\u011fi Ben Asi, her ya\u015ftan okurun kalbine dokunacak bir dostluk hik\u00e2yesi.   Asi, en yak\u0131n dostu Tom ve ailesiyle mutlu bir hayat s\u00fcrerken ac\u0131mas\u0131z bir Kral her \u015feyi alt\u00fcst eder. \u00dclke karanl\u0131\u011fa g\u00f6m\u00fcl\u00fcr, umutlar t\u00fckenir, insanlar mutsuzla\u015f\u0131r. Bu duruma bir son vermek isteyen Tom, Kral\u2019la m\u00fccadele eden K\u0131z\u0131llar\u2019a kat\u0131lma karar\u0131 al\u0131r. Ancak geride b\u0131rakt\u0131\u011f\u0131 Asi, Tom\u2019un olmad\u0131\u011f\u0131 bir ya\u015fam\u0131 asla kabul etmeyecektir.   Orman\u0131n derinliklerinde tekinsiz bir yolculu\u011fa \u00e7\u0131kan Asi, hayat\u0131nda en \u00e7ok sevdi\u011fi insan olan Tom\u2019un izinde birbirinden farkl\u0131 maceralar ya\u015far. Bu yaln\u0131zca sevdi\u011fi insan\u0131 kurtarmak i\u00e7in \u00e7\u0131kt\u0131\u011f\u0131 bir yolculuk de\u011fil, ayn\u0131 zamanda kendini ve s\u0131n\u0131rlar\u0131n\u0131 ke\u015ffetti\u011fi bir m\u00fccadeledir.   Ben Asi; sadakatin, sevginin ve cesaretin \u00f6nemini anlat\u0131rken ayn\u0131 zamanda ger\u00e7ek bir dostlukta nelerin g\u00f6ze al\u0131nabilece\u011fini g\u00f6steren s\u0131cac\u0131k bir hik\u00e2ye. ***Kronik \u00c7ocuk\u2019tan dostlu\u011fun ve sadakatin g\u00fcc\u00fcn\u00fc g\u00f6steren cesur bir hik\u00e2ye: Ben Asi. Ross Montgomery\u2019nin gen\u00e7ler i\u00e7in kaleme ald\u0131\u011f\u0131 Ben Asi, Nazl\u0131can Kabata\u015f\u2019\u0131n \u00e7evirisiyle okurla bulu\u015fuyor. Asi, d\u00fcnyada herkesten \u00e7ok sevdi\u011fi dostu Tom ve ailesiyle mutlu bir hayat s\u00fcrer. Ancak ac\u0131mas\u0131z bir Kral\u2019\u0131n ba\u015fa ge\u00e7mesiyle her \u015fey temelinden sars\u0131l\u0131r. Halk yoksulla\u015fm\u0131\u015f, \u00fclke karanl\u0131\u011fa bo\u011fulmu\u015f, t\u00fcm umutlar yerle bir olmu\u015ftur. Asi, Kral\u2019a kar\u0131 isyan eden K\u0131z\u0131llar\u2019a kat\u0131lan Tom\u2019un izini s\u00fcrmek i\u00e7in tehlikeler ve bilinmezliklerle dolu bir yolculuga \u00e7\u0131kar. Orman\u0131n derinliklerinde, a\u00e7 kurtlar\u0131n aras\u0131nda, dostun ve d\u00fc\u015fman\u0131n belirsizle\u015fti\u011fi bir d\u00fcnyada Asi, kendi i\u00e7indeki ger\u00e7ek benli\u011fi de bulmak zorunda kalacakt\u0131r. Bu yaln\u0131zca sadakat u\u011fruna \u00e7\u0131k\u0131lan bir yolculuk de\u011fil; ayn\u0131 zamanda dostluk, cesaret ve kendini ke\u015ffetme yolunda verilen bir m\u00fccadeledir. Ben Asi; insanlar ve hayvanlar aras\u0131ndaki bag\u0131, sevgiyi ve cesareti dokunakl\u0131 bir \u015fekilde ele al\u0131yor. Asi, sevgi i\u00e7in nelerin g\u00f6ze al\u0131nabilecegini hepimize yeniden hat\u0131rlat\u0131yor. <\/p>\n","protected":false},"excerpt":{"rendered":"<p>Kronik \u00c7ocuk\u2019tan dostlu\u011fun ve cesaretin de\u011ferini bilen okurlar i\u00e7in unutulmaz bir roman: Ben Asi. Ross Montgomery\u2019nin yaz\u0131p Nazl\u0131can Kabata\u015f\u2019\u0131n \u00e7evirdi\u011fi Ben Asi, her ya\u015ftan okurun kalbine<span class=\"excerpt-hellip\"> [\u2026]<\/span><\/p>\n","protected":false},"featured_media":0,"template":"","meta":{"_monsterinsights_skip_tracking":false,"_monsterinsights_sitenote_active":false,"_monsterinsights_sitenote_note":"","_monsterinsights_sitenote_category":0},"product_brand":[],"product_cat":[12274,12284],"product_tag":[],"class_list":{"0":"post-772872","1":"product","2":"type-product","3":"status-publish","5":"product_cat-cocuk-ve-genclik-kitaplari","6":"product_cat-hikayeler","7":"pa_cilt-ciltsiz","8":"pa_tur-kitap","9":"pa_yayinevi-kronik-kitap","10":"pa_yazar-ross-montgomery","12":"first","13":"instock","14":"sale","15":"shipping-taxable","16":"purchasable","17":"product-type-simple"},"_links":{"self":[{"href":"https:\/\/roveyayinevi.com.tr\/index.php\/wp-json\/wp\/v2\/product\/772872","targetHints":{"allow":["GET"]}}],"collection":[{"href":"https:\/\/roveyayinevi.com.tr\/index.php\/wp-json\/wp\/v2\/product"}],"about":[{"href":"https:\/\/roveyayinevi.com.tr\/index.php\/wp-json\/wp\/v2\/types\/product"}],"wp:attachment":[{"href":"https:\/\/roveyayinevi.com.tr\/index.php\/wp-json\/wp\/v2\/media?parent=772872"}],"wp:term":[{"taxonomy":"product_brand","embeddable":true,"href":"https:\/\/roveyayinevi.com.tr\/index.php\/wp-json\/wp\/v2\/product_brand?post=772872"},{"taxonomy":"product_cat","embeddable":true,"href":"https:\/\/roveyayinevi.com.tr\/index.php\/wp-json\/wp\/v2\/product_cat?post=772872"},{"taxonomy":"product_tag","embeddable":true,"href":"https:\/\/roveyayinevi.com.tr\/index.php\/wp-json\/wp\/v2\/product_tag?post=772872"}],"curies":[{"name":"wp","href":"https:\/\/api.w.org\/{rel}","templated":true}]}}