{"id":772870,"date":"2025-08-28T15:55:49","date_gmt":"2025-08-28T12:55:49","guid":{"rendered":"https:\/\/roveyayinevi.com.tr\/index.php\/urun\/davetsiz-misafirler-2\/"},"modified":"2026-04-15T03:39:15","modified_gmt":"2026-04-15T00:39:15","slug":"davetsiz-misafirler-2","status":"publish","type":"product","link":"https:\/\/roveyayinevi.com.tr\/index.php\/urun\/davetsiz-misafirler-2\/","title":{"rendered":"Davetsiz Misafirler"},"content":{"rendered":"<p>Osmanl\u0131 \u00c7\u00f6kerken Amerikan Misyonerleri On dokuzuncu y\u00fczy\u0131l\u0131n ba\u015flar\u0131nda, Amerika Birle\u015fik Devletleri hen\u00fcz d\u00fcnya siyasetinde a\u011f\u0131rl\u0131\u011f\u0131n\u0131 hissettirmeyen gen\u00e7 bir devletken, s\u0131n\u0131rlar\u0131n\u0131 a\u015fan ilk b\u00fcy\u00fck d\u0131\u015f politika hamlesini \u201cruhani\u201d bir k\u0131l\u0131fla ger\u00e7ekle\u015ftirdi. Ba\u015flang\u0131\u00e7ta \u201cHristiyan olmayanlara \u0130ncil g\u00f6t\u00fcrme\u201d hedefiyle kurulan Amerikan Board of Commissioners for Foreign Missions, k\u0131sa s\u00fcrede Osmanl\u0131 co\u011frafyas\u0131na yay\u0131ld\u0131. Anadolu\u2019nun en \u00fccra k\u00f6ylerinden b\u00fcy\u00fck \u015fehirlerine, e\u011fitim kurumlar\u0131ndan matbaalara, yetimhanelerden hastanelere kadar geni\u015fleyen bu yap\u0131, zamanla sadece din\u00ee bir hizmet olmaktan \u00e7\u0131kt\u0131; bir zihniyet in\u015fas\u0131 ve sosyo-politik d\u00f6n\u00fc\u015f\u00fcm arac\u0131 h\u00e2line geldi. Misyonerlerin ta\u015f\u0131d\u0131\u011f\u0131 \u0130ncil ile birlikte yeni bir form kazanm\u0131\u015f az\u0131nl\u0131k milliyet\u00e7ili\u011fi ve derin bir k\u00fclt\u00fcrel m\u00fcdahale Osmanl\u0131 toplumunun damarlar\u0131na n\u00fcfuz etti. \u00b7         Amerikan misyonerleri Osmanl\u0131 topraklar\u0131na neden geldiler ve as\u0131l hedefleri neydi? \u00b7         Din\u00ee yard\u0131m faaliyeti gibi sunulan bu misyonerlik hareketi, Osmanl\u0131 toplum yap\u0131s\u0131n\u0131 nas\u0131l etkiledi? \u00b7         Osmanl\u0131 Devleti, misyonerlerin faaliyetlerine ne \u00f6l\u00e7\u00fcde m\u00fcdahale edebildi? \u00b7         Misyonerlik faaliyetleri hangi b\u00f6lgelerde ve topluluklarda daha derin etkiler b\u0131rakt\u0131? \u00b7         Protestan misyonerler, Ermeni meselesinin uluslararas\u0131 bir krize d\u00f6n\u00fc\u015fmesinde nas\u0131l bir rol oynad\u0131? \u0130smail K\u00f6se\u2019nin uzun y\u0131llar s\u00fcren ar\u015fiv taramalar\u0131, gazete incelemeleri ve saha ara\u015ft\u0131rmalar\u0131na dayanan Davetsiz Misafirler, Amerikan misyonerlerinin Osmanl\u0131\u2019daki faaliyetlerini misyoner raporlar\u0131 ve d\u00f6nemin Osmanl\u0131 kay\u0131tlar\u0131 \u0131\u015f\u0131\u011f\u0131nda inceliyor. Misyonerli\u011fin arkas\u0131ndaki ideolojik kodlar \u00e7\u00f6z\u00fcmlenirken, imparatorlu\u011fun son d\u00f6nemindeki k\u00fclt\u00fcrel, toplumsal ve siyas\u00ee k\u0131r\u0131lmalara da \u0131\u015f\u0131k tutuluyor.<\/p>\n","protected":false},"excerpt":{"rendered":"<p>Osmanl\u0131 \u00c7\u00f6kerken Amerikan Misyonerleri On dokuzuncu y\u00fczy\u0131l\u0131n ba\u015flar\u0131nda, Amerika Birle\u015fik Devletleri hen\u00fcz d\u00fcnya siyasetinde a\u011f\u0131rl\u0131\u011f\u0131n\u0131 hissettirmeyen gen\u00e7 bir devletken, s\u0131n\u0131rlar\u0131n\u0131 a\u015fan ilk b\u00fcy\u00fck d\u0131\u015f politika hamlesini<span class=\"excerpt-hellip\"> [\u2026]<\/span><\/p>\n","protected":false},"featured_media":0,"template":"","meta":{"_monsterinsights_skip_tracking":false,"_monsterinsights_sitenote_active":false,"_monsterinsights_sitenote_note":"","_monsterinsights_sitenote_category":0},"product_brand":[],"product_cat":[12304,13650],"product_tag":[],"class_list":{"0":"post-772870","1":"product","2":"type-product","3":"status-publish","5":"product_cat-tarih","6":"product_cat-turk-tarihi-arastirmalari","7":"pa_cilt-ciltsiz","8":"pa_tur-kitap","9":"pa_yayinevi-kronik-kitap","10":"pa_yazar-ismail-kose","12":"first","13":"instock","14":"sale","15":"shipping-taxable","16":"purchasable","17":"product-type-simple"},"_links":{"self":[{"href":"https:\/\/roveyayinevi.com.tr\/index.php\/wp-json\/wp\/v2\/product\/772870","targetHints":{"allow":["GET"]}}],"collection":[{"href":"https:\/\/roveyayinevi.com.tr\/index.php\/wp-json\/wp\/v2\/product"}],"about":[{"href":"https:\/\/roveyayinevi.com.tr\/index.php\/wp-json\/wp\/v2\/types\/product"}],"wp:attachment":[{"href":"https:\/\/roveyayinevi.com.tr\/index.php\/wp-json\/wp\/v2\/media?parent=772870"}],"wp:term":[{"taxonomy":"product_brand","embeddable":true,"href":"https:\/\/roveyayinevi.com.tr\/index.php\/wp-json\/wp\/v2\/product_brand?post=772870"},{"taxonomy":"product_cat","embeddable":true,"href":"https:\/\/roveyayinevi.com.tr\/index.php\/wp-json\/wp\/v2\/product_cat?post=772870"},{"taxonomy":"product_tag","embeddable":true,"href":"https:\/\/roveyayinevi.com.tr\/index.php\/wp-json\/wp\/v2\/product_tag?post=772870"}],"curies":[{"name":"wp","href":"https:\/\/api.w.org\/{rel}","templated":true}]}}