{"id":772868,"date":"2025-08-28T15:55:45","date_gmt":"2025-08-28T12:55:45","guid":{"rendered":"https:\/\/roveyayinevi.com.tr\/index.php\/urun\/dikkat-tank-achtung-panzer\/"},"modified":"2026-04-15T03:39:15","modified_gmt":"2026-04-15T00:39:15","slug":"dikkat-tank-achtung-panzer","status":"publish","type":"product","link":"https:\/\/roveyayinevi.com.tr\/index.php\/urun\/dikkat-tank-achtung-panzer\/","title":{"rendered":"Dikkat Tank! \u2013 Achtung Panzer!"},"content":{"rendered":"<p>SAVA\u015eIN \u00c7EL\u0130K S\u00dcVAR\u0130LER\u0130 Y\u00dcKSEL\u0130YOR   \u0130lk kez Birinci D\u00fcnya Sava\u015f\u0131\u2019nda muharebe sahas\u0131na \u00e7\u0131kan tanklar, d\u00f6nemin komutanlar\u0131nda \u00f6nce \u015fa\u015fk\u0131nl\u0131k, sonra da hayal k\u0131r\u0131kl\u0131\u011f\u0131 yaratm\u0131\u015ft\u0131. Hantal yap\u0131lar\u0131, s\u0131n\u0131rl\u0131 menzilleri ve teknik yetersizlikleri nedeniyle bir\u00e7ok asker\u00ee otorite onlar\u0131 ge\u00e7ici bir heves olarak g\u00f6rm\u00fc\u015ft\u00fc. Ancak tarih, tank\u0131 sadece \u00e7elikten bir sava\u015f makinesi olarak de\u011fil, ayn\u0131 zamanda bir devrin doktrinini yerle bir eden devrimsel bir ara\u00e7 olarak yazacakt\u0131.   Hen\u00fcz bir albayken, geleneksel sava\u015f anlay\u0131\u015f\u0131na meydan okuyan gen\u00e7 bir Alman subay, tank\u0131n potansiyelini t\u00fcm \u00e7\u0131plakl\u0131\u011f\u0131yla kavram\u0131\u015ft\u0131. Heinz Guderian\u2019a g\u00f6re, sava\u015f art\u0131k siperde bekleyenlerle de\u011fil; h\u0131zla ilerleyen, \u00e7elikten do\u011fan bir \u015fim\u015fek gibi d\u00fc\u015fmana \u00e7arpan birliklerle kazan\u0131lacakt\u0131. Bu vizyonunu sat\u0131rlara d\u00f6kmeye karar vererek Achtung \u2013 Panzer!\u2019i kaleme ald\u0131.   Guderian bu kitapta, z\u0131rhl\u0131 birliklerin yaln\u0131zca bir destek unsuru de\u011fil, harbin asli unsuru oldu\u011funu savunuyor. Takti\u011fi, stratejiyi ve teknolojiyi birle\u015ftiren bu eser, ileride II. D\u00fcnya Sava\u015f\u0131\u2019n\u0131n me\u015fhur Blitzkrieg (Y\u0131ld\u0131r\u0131m Harbi) taktiklerine ilham vererek, Panzer birliklerinin teorik temelini olu\u015fturdu.   Dikkat Tank!, sadece bir askerin notlar\u0131 de\u011fil; modern mekanize harbin do\u011fum belgesi niteli\u011finde. Asker\u00ee tarih merakl\u0131lar\u0131, strateji tutkunlar\u0131 ve sava\u015f doktrinlerine ilgi duyan herkes i\u00e7in zamans\u0131z bir ba\u015fyap\u0131t.<\/p>\n","protected":false},"excerpt":{"rendered":"<p>SAVA\u015eIN \u00c7EL\u0130K S\u00dcVAR\u0130LER\u0130 Y\u00dcKSEL\u0130YOR \u0130lk kez Birinci D\u00fcnya Sava\u015f\u0131\u2019nda muharebe sahas\u0131na \u00e7\u0131kan tanklar, d\u00f6nemin komutanlar\u0131nda \u00f6nce \u015fa\u015fk\u0131nl\u0131k, sonra da hayal k\u0131r\u0131kl\u0131\u011f\u0131 yaratm\u0131\u015ft\u0131. Hantal yap\u0131lar\u0131, s\u0131n\u0131rl\u0131 menzilleri<span class=\"excerpt-hellip\"> [\u2026]<\/span><\/p>\n","protected":false},"featured_media":0,"template":"","meta":{"_monsterinsights_skip_tracking":false,"_monsterinsights_sitenote_active":false,"_monsterinsights_sitenote_note":"","_monsterinsights_sitenote_category":0},"product_brand":[],"product_cat":[12305,12304],"product_tag":[],"class_list":{"0":"post-772868","1":"product","2":"type-product","3":"status-publish","5":"product_cat-dunya-tarihi","6":"product_cat-tarih","7":"pa_cilt-ciltsiz","8":"pa_tur-kitap","9":"pa_yayinevi-kronik-kitap","10":"pa_yazar-heinz-guderian","12":"first","13":"instock","14":"sale","15":"shipping-taxable","16":"purchasable","17":"product-type-simple"},"_links":{"self":[{"href":"https:\/\/roveyayinevi.com.tr\/index.php\/wp-json\/wp\/v2\/product\/772868","targetHints":{"allow":["GET"]}}],"collection":[{"href":"https:\/\/roveyayinevi.com.tr\/index.php\/wp-json\/wp\/v2\/product"}],"about":[{"href":"https:\/\/roveyayinevi.com.tr\/index.php\/wp-json\/wp\/v2\/types\/product"}],"wp:attachment":[{"href":"https:\/\/roveyayinevi.com.tr\/index.php\/wp-json\/wp\/v2\/media?parent=772868"}],"wp:term":[{"taxonomy":"product_brand","embeddable":true,"href":"https:\/\/roveyayinevi.com.tr\/index.php\/wp-json\/wp\/v2\/product_brand?post=772868"},{"taxonomy":"product_cat","embeddable":true,"href":"https:\/\/roveyayinevi.com.tr\/index.php\/wp-json\/wp\/v2\/product_cat?post=772868"},{"taxonomy":"product_tag","embeddable":true,"href":"https:\/\/roveyayinevi.com.tr\/index.php\/wp-json\/wp\/v2\/product_tag?post=772868"}],"curies":[{"name":"wp","href":"https:\/\/api.w.org\/{rel}","templated":true}]}}