{"id":772866,"date":"2025-08-28T15:55:42","date_gmt":"2025-08-28T12:55:42","guid":{"rendered":"https:\/\/roveyayinevi.com.tr\/index.php\/urun\/soz-merdiveni\/"},"modified":"2026-04-15T03:39:15","modified_gmt":"2026-04-15T00:39:15","slug":"soz-merdiveni","status":"publish","type":"product","link":"https:\/\/roveyayinevi.com.tr\/index.php\/urun\/soz-merdiveni\/","title":{"rendered":"S\u00f6z Merdiveni"},"content":{"rendered":"<p>\u00c7a\u011fda\u015f Azerbaycan \u015fiirinin bilinen isimlerinden olan \u015fair Firuze Memmedli 1960 y\u0131l\u0131ndan beri edebiyat alan\u0131nda eser vermektedir. Bug\u00fcne kadar \u015fairin 37 kitab\u0131 bas\u0131lm\u0131\u015ft\u0131r. 4 monografi \u00e7al\u0131\u015fmas\u0131 ve 120&#8217;den \u00e7ok ilmi makalesi ve denemesi yay\u0131nlanm\u0131\u015ft\u0131r. Filoloji \u00fcst\u00fcne felsefe doktorudur. Azerbaycan Yazarlar Birli\u011fi&#8217;nin Meslek Birli\u011fi ba\u015fkan\u0131d\u0131r. \u015eiirleri \u0130ngiliz, Rus, \u00d6zbek, T\u00fcrkmen, T\u00fcrk\u00e7e, G\u00fcrc\u00fc, Ukrayna, Fars, Polonya ve Kore dillerine \u00e7evrilmi\u015ftir. Yazar ayr\u0131ca \u00d6zbek, Rus, Tacik dillerinden \u00e7eviriler yapm\u0131\u015ft\u0131r. Bir\u00e7ok T\u00fcrk \u015fairlerin \u015fiirlerini Azerbaycan T\u00fcrk\u00e7esine uygunla\u015ft\u0131rm\u0131\u015ft\u0131r. \u015eiirleri uluslararas\u0131 \u015fiir festivallerinde \u00f6d\u00fcllendirilmi\u015ftir. Bir\u00e7ok \u00f6nemli \u00f6d\u00fcller kazanm\u0131\u015ft\u0131r. Bu kitapta Firuze Memmedli&#8217;nin farkl\u0131 y\u0131llarda kaleme ald\u0131\u011f\u0131 \u015fiirleri yer almaktad\u0131r. <\/p>\n","protected":false},"excerpt":{"rendered":"<p>\u00c7a\u011fda\u015f Azerbaycan \u015fiirinin bilinen isimlerinden olan \u015fair Firuze Memmedli 1960 y\u0131l\u0131ndan beri edebiyat alan\u0131nda eser vermektedir. Bug\u00fcne kadar \u015fairin 37 kitab\u0131 bas\u0131lm\u0131\u015ft\u0131r. 4 monografi \u00e7al\u0131\u015fmas\u0131 ve<span class=\"excerpt-hellip\"> [\u2026]<\/span><\/p>\n","protected":false},"featured_media":0,"template":"","meta":{"_monsterinsights_skip_tracking":false,"_monsterinsights_sitenote_active":false,"_monsterinsights_sitenote_note":"","_monsterinsights_sitenote_category":0},"product_brand":[],"product_cat":[12291,12509],"product_tag":[],"class_list":{"0":"post-772866","1":"product","2":"type-product","3":"status-publish","5":"product_cat-edebiyat","6":"product_cat-siir","7":"pa_cilt-ciltsiz","8":"pa_tur-kitap","9":"pa_yayinevi-korkut-yayinlari","10":"pa_yazar-firuze-memmedli","12":"first","13":"instock","14":"sale","15":"shipping-taxable","16":"purchasable","17":"product-type-simple"},"_links":{"self":[{"href":"https:\/\/roveyayinevi.com.tr\/index.php\/wp-json\/wp\/v2\/product\/772866","targetHints":{"allow":["GET"]}}],"collection":[{"href":"https:\/\/roveyayinevi.com.tr\/index.php\/wp-json\/wp\/v2\/product"}],"about":[{"href":"https:\/\/roveyayinevi.com.tr\/index.php\/wp-json\/wp\/v2\/types\/product"}],"wp:attachment":[{"href":"https:\/\/roveyayinevi.com.tr\/index.php\/wp-json\/wp\/v2\/media?parent=772866"}],"wp:term":[{"taxonomy":"product_brand","embeddable":true,"href":"https:\/\/roveyayinevi.com.tr\/index.php\/wp-json\/wp\/v2\/product_brand?post=772866"},{"taxonomy":"product_cat","embeddable":true,"href":"https:\/\/roveyayinevi.com.tr\/index.php\/wp-json\/wp\/v2\/product_cat?post=772866"},{"taxonomy":"product_tag","embeddable":true,"href":"https:\/\/roveyayinevi.com.tr\/index.php\/wp-json\/wp\/v2\/product_tag?post=772866"}],"curies":[{"name":"wp","href":"https:\/\/api.w.org\/{rel}","templated":true}]}}