{"id":772865,"date":"2025-08-28T15:55:40","date_gmt":"2025-08-28T12:55:40","guid":{"rendered":"https:\/\/roveyayinevi.com.tr\/index.php\/urun\/dakikalar-icinde-roma\/"},"modified":"2026-04-15T03:39:15","modified_gmt":"2026-04-15T00:39:15","slug":"dakikalar-icinde-roma","status":"publish","type":"product","link":"https:\/\/roveyayinevi.com.tr\/index.php\/urun\/dakikalar-icinde-roma\/","title":{"rendered":"Dakikalar \u0130\u00e7inde Roma"},"content":{"rendered":"<p>D\u00dcNYANIN EN B\u00dcY\u00dcK DEVLETLER\u0130NDEN ROMA \u0130MPARATORLU\u011eU\u2019NA DA\u0130R HER \u015eEY BU K\u0130TAPTA Siyasi, k\u00fclt\u00fcrel, hukuki ve toplumsal yap\u0131lar\u0131 bug\u00fcn de etkisini s\u00fcrd\u00fcren Roma \u0130mparatorlu\u011fu\u2019nun kurulu\u015fundan \u00e7\u00f6k\u00fc\u015f\u00fcne yakla\u015f\u0131k 1000 y\u0131ll\u0131k tarihi Dakikalar \u0130\u00e7inde Serisi\u2019nde hayat buluyor. Devletin kurucusu say\u0131lan Romulus ve Remus\u2019a dair anlat\u0131lar nelerdi? Roma devleti Etr\u00fcsklerden ne denli etkilenmi\u015fti? Hannibal\u2019\u0131n seferleri Roma\u2019y\u0131 ne kadar sarst\u0131? Kartaca\u2019n\u0131n ak\u0131beti ne oldu? Bir krall\u0131k olan Roma nas\u0131l oldu da Cumhuriyet y\u00f6netimini benimsedi? Iullius Caesar ebedi diktat\u00f6r unvan\u0131n\u0131 nas\u0131l kazand\u0131? Bu g\u00f6rkemli imparatorluk nas\u0131l y\u0131k\u0131ld\u0131? Bu sorulara cevaplar\u0131n yan\u0131 s\u0131ra \u0130mparator Augustus, Filozof \u0130mparator Marcus Aurelius, Turist \u0130mparator Hadrianus, Neron, Caligula, Gotlar, H\u0131ristiyanl\u0131\u011f\u0131n devlet dini haline gelmesi, Roma\u2019n\u0131n barbarlarca ya\u011fmalanmas\u0131 ve daha nice konu sayfalar aras\u0131nda okura k\u0131sa ve \u00f6zl\u00fc bir \u015fekilde sunuluyor. Okura bir b\u00fct\u00fcn olarak Roma devletinin tarihini sunan elinizdeki kitap Roma\u2019n\u0131n kurulu\u015fu, alt\u0131n g\u00fcnleri, karma\u015fa g\u00fcnlerini ve da\u011f\u0131l\u0131\u015f\u0131n\u0131 b\u00fcy\u00fck bir maharetle ortaya koyuyor. G\u00f6ksel G\u00f6ksoy\u2019un kaleminden Dakikalar \u0130\u00e7inde Roma \u0130mparatorlu\u011fu size benzersiz bir okuma deneyimi sunuyor.<\/p>\n","protected":false},"excerpt":{"rendered":"<p>D\u00dcNYANIN EN B\u00dcY\u00dcK DEVLETLER\u0130NDEN ROMA \u0130MPARATORLU\u011eU\u2019NA DA\u0130R HER \u015eEY BU K\u0130TAPTA Siyasi, k\u00fclt\u00fcrel, hukuki ve toplumsal yap\u0131lar\u0131 bug\u00fcn de etkisini s\u00fcrd\u00fcren Roma \u0130mparatorlu\u011fu\u2019nun kurulu\u015fundan \u00e7\u00f6k\u00fc\u015f\u00fcne yakla\u015f\u0131k<span class=\"excerpt-hellip\"> [\u2026]<\/span><\/p>\n","protected":false},"featured_media":0,"template":"","meta":{"_monsterinsights_skip_tracking":false,"_monsterinsights_sitenote_active":false,"_monsterinsights_sitenote_note":"","_monsterinsights_sitenote_category":0},"product_brand":[],"product_cat":[12370,12304],"product_tag":[],"class_list":{"0":"post-772865","1":"product","2":"type-product","3":"status-publish","5":"product_cat-arastirma-inceleme","6":"product_cat-tarih","7":"pa_cilt-ciltsiz","8":"pa_tur-kitap","9":"pa_yayinevi-kronik-kitap","10":"pa_yazar-goksel-goksoy","12":"first","13":"instock","14":"sale","15":"shipping-taxable","16":"purchasable","17":"product-type-simple"},"_links":{"self":[{"href":"https:\/\/roveyayinevi.com.tr\/index.php\/wp-json\/wp\/v2\/product\/772865","targetHints":{"allow":["GET"]}}],"collection":[{"href":"https:\/\/roveyayinevi.com.tr\/index.php\/wp-json\/wp\/v2\/product"}],"about":[{"href":"https:\/\/roveyayinevi.com.tr\/index.php\/wp-json\/wp\/v2\/types\/product"}],"wp:attachment":[{"href":"https:\/\/roveyayinevi.com.tr\/index.php\/wp-json\/wp\/v2\/media?parent=772865"}],"wp:term":[{"taxonomy":"product_brand","embeddable":true,"href":"https:\/\/roveyayinevi.com.tr\/index.php\/wp-json\/wp\/v2\/product_brand?post=772865"},{"taxonomy":"product_cat","embeddable":true,"href":"https:\/\/roveyayinevi.com.tr\/index.php\/wp-json\/wp\/v2\/product_cat?post=772865"},{"taxonomy":"product_tag","embeddable":true,"href":"https:\/\/roveyayinevi.com.tr\/index.php\/wp-json\/wp\/v2\/product_tag?post=772865"}],"curies":[{"name":"wp","href":"https:\/\/api.w.org\/{rel}","templated":true}]}}