{"id":772864,"date":"2025-08-28T15:55:37","date_gmt":"2025-08-28T12:55:37","guid":{"rendered":"https:\/\/roveyayinevi.com.tr\/index.php\/urun\/son-olimposlular\/"},"modified":"2026-04-15T03:39:15","modified_gmt":"2026-04-15T00:39:15","slug":"son-olimposlular","status":"publish","type":"product","link":"https:\/\/roveyayinevi.com.tr\/index.php\/urun\/son-olimposlular\/","title":{"rendered":"Son Olimposlular"},"content":{"rendered":"<p>Be\u015f Arkada\u015f&#8230; \u00c7ocukluktan beri hi\u00e7 ayr\u0131lmam\u0131\u015f, birlikte b\u00fcy\u00fcm\u00fc\u015f, ayn\u0131 hayalleri payla\u015fm\u0131\u015flard\u0131. Ama hi\u00e7bir hayal, kaderin onlar i\u00e7in yazd\u0131klar\u0131 kadar s\u0131ra d\u0131\u015f\u0131 olamazd\u0131. Bir anda, hayatlar\u0131 alt\u00fcst olur:                                                                     Ger\u00e7ek ailelerini, kim olduklar\u0131n\u0131 ve kaderlerinin \u00e7ok daha kadim bir masala ba\u011fl\u0131 oldu\u011funu \u00f6\u011frenirler. \u00c7\u00fcnk\u00fc onlar, Olimpos\u2019un kay\u0131p \u00e7ocuklar\u0131, Yar\u0131 tanr\u0131lar\u0131n son halkas\u0131, eski bir kehanetin ya\u015fayan g\u00f6lgeleri\u2026 Tanr\u0131lar\u0131n taht oyunlar\u0131 s\u00fcrerken, Ares\u2019in o\u011fullar\u0131yla kesi\u015fen yollar\u0131 hem kalplerini \u0131s\u0131tacak hem de sava\u015f meydanlar\u0131n\u0131 yakacak. Bu sava\u015f yaln\u0131zca tanr\u0131lar\u0131n de\u011fil. A\u015fk\u0131n, dostlu\u011fun, fedak\u00e2rl\u0131\u011f\u0131n ve \u00f6zg\u00fcr iradenin de sava\u015f\u0131. Zeus onlar\u0131 yok etmek isterken, Hades karanl\u0131\u011f\u0131n i\u00e7inde pusuya yatar. Ve bir gece\u2026 Her \u015fey geri d\u00f6n\u00fclmez \u015fekilde de\u011fi\u015fir. Gizemli g\u00fc\u00e7ler, yasak a\u015fklar ve tarihin unuttu\u011fu bir lanet. Tanr\u0131lara kar\u015f\u0131 koyabilir misin\u2026 e\u011fer biri senin i\u00e7inde ya\u015f\u0131yorsa? Yeni bir t\u00fcr\u00fcn ilk tohumudur. <\/p>\n","protected":false},"excerpt":{"rendered":"<p>Be\u015f Arkada\u015f&#8230; \u00c7ocukluktan beri hi\u00e7 ayr\u0131lmam\u0131\u015f, birlikte b\u00fcy\u00fcm\u00fc\u015f, ayn\u0131 hayalleri payla\u015fm\u0131\u015flard\u0131. Ama hi\u00e7bir hayal, kaderin onlar i\u00e7in yazd\u0131klar\u0131 kadar s\u0131ra d\u0131\u015f\u0131 olamazd\u0131. Bir anda, hayatlar\u0131 alt\u00fcst<span class=\"excerpt-hellip\"> [\u2026]<\/span><\/p>\n","protected":false},"featured_media":0,"template":"","meta":{"_monsterinsights_skip_tracking":false,"_monsterinsights_sitenote_active":false,"_monsterinsights_sitenote_note":"","_monsterinsights_sitenote_category":0},"product_brand":[],"product_cat":[12291,14777],"product_tag":[],"class_list":{"0":"post-772864","1":"product","2":"type-product","3":"status-publish","5":"product_cat-edebiyat","6":"product_cat-fantastik","7":"pa_cilt-ciltsiz","8":"pa_tur-kitap","9":"pa_yayinevi-elpis-yayinlari","10":"pa_yazar-irem-acar","12":"first","13":"instock","14":"sale","15":"shipping-taxable","16":"purchasable","17":"product-type-simple"},"_links":{"self":[{"href":"https:\/\/roveyayinevi.com.tr\/index.php\/wp-json\/wp\/v2\/product\/772864","targetHints":{"allow":["GET"]}}],"collection":[{"href":"https:\/\/roveyayinevi.com.tr\/index.php\/wp-json\/wp\/v2\/product"}],"about":[{"href":"https:\/\/roveyayinevi.com.tr\/index.php\/wp-json\/wp\/v2\/types\/product"}],"wp:attachment":[{"href":"https:\/\/roveyayinevi.com.tr\/index.php\/wp-json\/wp\/v2\/media?parent=772864"}],"wp:term":[{"taxonomy":"product_brand","embeddable":true,"href":"https:\/\/roveyayinevi.com.tr\/index.php\/wp-json\/wp\/v2\/product_brand?post=772864"},{"taxonomy":"product_cat","embeddable":true,"href":"https:\/\/roveyayinevi.com.tr\/index.php\/wp-json\/wp\/v2\/product_cat?post=772864"},{"taxonomy":"product_tag","embeddable":true,"href":"https:\/\/roveyayinevi.com.tr\/index.php\/wp-json\/wp\/v2\/product_tag?post=772864"}],"curies":[{"name":"wp","href":"https:\/\/api.w.org\/{rel}","templated":true}]}}