{"id":772863,"date":"2025-08-28T15:55:35","date_gmt":"2025-08-28T12:55:35","guid":{"rendered":"https:\/\/roveyayinevi.com.tr\/index.php\/urun\/zamansiz-ebeveyn\/"},"modified":"2026-04-15T03:39:15","modified_gmt":"2026-04-15T00:39:15","slug":"zamansiz-ebeveyn","status":"publish","type":"product","link":"https:\/\/roveyayinevi.com.tr\/index.php\/urun\/zamansiz-ebeveyn\/","title":{"rendered":"Zamans\u0131z Ebeveyn"},"content":{"rendered":"<p>\u00c7OCUK B\u00dcY\u00dcTMEN\u0130N MODASI GE\u00c7MEYEN YOLLARI Bir zamanlar b\u00fcy\u00fcklerimizin tavsiyeleri bize yol g\u00f6sterirdi. Bug\u00fcnse \u00e7ocuklar\u0131m\u0131z\u0131 yeti\u015ftirirken, o \u00f6\u011f\u00fctler \u00e7o\u011fu zaman yetersiz kal\u0131yor. Acaba biz mi farkl\u0131 b\u00fcy\u00fcd\u00fck, yoksa \u00e7ocuklar\u0131m\u0131z bizden bamba\u015fka bir d\u00fcnyaya m\u0131 do\u011fdu? Sorun sadece de\u011fi\u015fen \u00e7a\u011fda m\u0131, yoksa biz modern ebeveynler olarak yetersiz mi kald\u0131k? Zamans\u0131z Ebeveyn, bu ve benzeri pek \u00e7ok soruya yan\u0131t ararken, \u00e7ocuk yeti\u015ftirmeye dair zamana meydan okuyan tavsiyeleri bir araya getiriyor. Kimi y\u0131llar \u00f6nce s\u00f6ylenmi\u015f, kimi bug\u00fcn kaleme al\u0131nm\u0131\u015f bu \u00f6neriler, ortak bir yerden, kalpten do\u011farak bu kitapta bulu\u015fuyor. Zaman de\u011fi\u015fiyor, kavramlar d\u00f6n\u00fc\u015f\u00fcyor, bilgiler g\u00fcncelleniyor. Ama bir \u00e7ocu\u011fun anne babas\u0131ndan duydu\u011fu g\u00f6r\u00fclmek, duyulmak ve ko\u015fulsuz sevilmek ihtiyac\u0131 asla de\u011fi\u015fmiyor. Zamans\u0131z Ebeveyn, gazeteci-yazar Mert \u0130nan ile e\u011fitimci ve iki \u00e7ocuk babas\u0131 Abdulkadir \u00d6zbek\u2019in i\u00e7ten ve derinlikli sohbetlerinden olu\u015fuyor. Modern ebeveynli\u011fin bilgi kalabal\u0131\u011f\u0131nda y\u00f6n\u00fcn\u00fc bulmaya \u00e7al\u0131\u015fan annelere ve babalara, sade, denenmi\u015f ve i\u015fe yarayan \u00e7\u00f6z\u00fcmler sunuyor. Abdulkadir \u00d6zbek, e\u011fitime y\u00f6n veren \u00e7al\u0131\u015fmalar\u0131, \u00e7ocuklarla kurdu\u011fu ba\u011f ve ya\u015fam\u0131n i\u00e7inden gelen ebeveynlik anlay\u0131\u015f\u0131yla; sosyal medya bask\u0131s\u0131ndan e\u011fitim sisteminin \u00e7\u0131kmazlar\u0131na, yapay zek\u00e2 \u00e7a\u011f\u0131nda \u00e7ocuklarla ba\u011f kurmaktan ev i\u00e7i \u00f6z disipline kadar pek \u00e7ok ba\u015fl\u0131kta pratik \u00f6neriler payla\u015f\u0131yor. Zamans\u0131z Ebeveyn: Zamanlar \u00dcst\u00fc De\u011ferlerle \u00c7ocuk Yeti\u015ftirmek, de\u011fi\u015fen \u015fartlara ra\u011fmen \u00e7ocuk b\u00fcy\u00fctmenin modas\u0131 ge\u00e7meyen yollar\u0131na dair bir rehber niteli\u011finde.<\/p>\n","protected":false},"excerpt":{"rendered":"<p>\u00c7OCUK B\u00dcY\u00dcTMEN\u0130N MODASI GE\u00c7MEYEN YOLLARI Bir zamanlar b\u00fcy\u00fcklerimizin tavsiyeleri bize yol g\u00f6sterirdi. Bug\u00fcnse \u00e7ocuklar\u0131m\u0131z\u0131 yeti\u015ftirirken, o \u00f6\u011f\u00fctler \u00e7o\u011fu zaman yetersiz kal\u0131yor. Acaba biz mi farkl\u0131 b\u00fcy\u00fcd\u00fck,<span class=\"excerpt-hellip\"> [\u2026]<\/span><\/p>\n","protected":false},"featured_media":0,"template":"","meta":{"_monsterinsights_skip_tracking":false,"_monsterinsights_sitenote_active":false,"_monsterinsights_sitenote_note":"","_monsterinsights_sitenote_category":0},"product_brand":[],"product_cat":[12831,12324],"product_tag":[],"class_list":{"0":"post-772863","1":"product","2":"type-product","3":"status-publish","5":"product_cat-aile-ve-cocuk","6":"product_cat-sosyoloji","7":"pa_cilt-ciltsiz","8":"pa_tur-kitap","9":"pa_yayinevi-kronik-kitap","10":"pa_yazar-abdulkadir-ozbek","12":"first","13":"instock","14":"sale","15":"shipping-taxable","16":"purchasable","17":"product-type-simple"},"_links":{"self":[{"href":"https:\/\/roveyayinevi.com.tr\/index.php\/wp-json\/wp\/v2\/product\/772863","targetHints":{"allow":["GET"]}}],"collection":[{"href":"https:\/\/roveyayinevi.com.tr\/index.php\/wp-json\/wp\/v2\/product"}],"about":[{"href":"https:\/\/roveyayinevi.com.tr\/index.php\/wp-json\/wp\/v2\/types\/product"}],"wp:attachment":[{"href":"https:\/\/roveyayinevi.com.tr\/index.php\/wp-json\/wp\/v2\/media?parent=772863"}],"wp:term":[{"taxonomy":"product_brand","embeddable":true,"href":"https:\/\/roveyayinevi.com.tr\/index.php\/wp-json\/wp\/v2\/product_brand?post=772863"},{"taxonomy":"product_cat","embeddable":true,"href":"https:\/\/roveyayinevi.com.tr\/index.php\/wp-json\/wp\/v2\/product_cat?post=772863"},{"taxonomy":"product_tag","embeddable":true,"href":"https:\/\/roveyayinevi.com.tr\/index.php\/wp-json\/wp\/v2\/product_tag?post=772863"}],"curies":[{"name":"wp","href":"https:\/\/api.w.org\/{rel}","templated":true}]}}