{"id":772861,"date":"2025-08-28T15:55:31","date_gmt":"2025-08-28T12:55:31","guid":{"rendered":"https:\/\/roveyayinevi.com.tr\/index.php\/urun\/isimsizler\/"},"modified":"2026-04-15T03:39:14","modified_gmt":"2026-04-15T00:39:14","slug":"isimsizler","status":"publish","type":"product","link":"https:\/\/roveyayinevi.com.tr\/index.php\/urun\/isimsizler\/","title":{"rendered":"\u0130simsizler"},"content":{"rendered":"<p>\u201cD\u0131\u015fa bakan r\u00fcya g\u00f6r\u00fcr, i\u00e7e bakan uyan\u0131r&#8230;\u201d Carl Gustav Yung   Yata\u011f\u0131nda g\u00f6zleri kapal\u0131 hareketsiz yatarken g\u00f6zleri i\u00e7ine a\u00e7\u0131kt\u0131. Her \u015fey i\u00e7eride par\u00e7alar\u0131na ayr\u0131l\u0131yor, bu par\u00e7alanma h\u00fccrelerinde hissetti\u011fi ac\u0131y\u0131 dindiremiyordu. Canavar\u0131n duvar\u0131n k\u00f6\u015fesinde, karanl\u0131\u011fa sar\u0131lm\u0131\u015f ve a\u011fz\u0131 sular i\u00e7inde o an\u0131n gelmesini bekledi\u011fini biliyordu. O an\u0131 ondan daha \u00e7ok bekleyen biri oldu\u011funu bilmeden karanl\u0131kta \u00f6ylece bekliyordu. Karanl\u0131\u011f\u0131n k\u0131p\u0131rdad\u0131\u011f\u0131n\u0131 ve \u00fcst\u00fcne serilmek i\u00e7in harekete ge\u00e7ti\u011fini kendisinden beklemedi\u011fi bir sakinlikle kar\u015f\u0131lad\u0131\u011f\u0131n\u0131 fark etti. Canavar yava\u015f\u00e7a yata\u011f\u0131n sa\u011f alt taraf\u0131ndan yakla\u015f\u0131yordu. Karanl\u0131k, yatakta \u00f6ylece yatan gen\u00e7 bedenin ayaklar\u0131ndan ba\u015flayarak h\u0131zla b\u00fct\u00fcn v\u00fccuduna yay\u0131l\u0131yordu. Bekledi, sadece bekledi. Canavar\u0131n al\u0131\u015f\u0131k oldu\u011fu gibi, \u00f6ylece, sanki yokmu\u015f\u00e7as\u0131na hareketsiz ve tepkisiz bekledi. Bu bekleyi\u015f kimileri i\u00e7in birka\u00e7 saniye s\u00fcrm\u00fc\u015ft\u00fc; o s\u0131rada, bir adam yata\u011f\u0131ndan yanan midesi y\u00fcz\u00fcnden kalm\u0131\u015f, bir anne a\u011flayan bebe\u011fine y\u00f6nelmi\u015f, bir polis sirenini a\u00e7\u0131p kovalamacaya kat\u0131lm\u0131\u015f, yeni yetme bir gen\u00e7 ilk alkol\u00fcn\u00fcn etkisi ile kusmu\u015f, bir gen\u00e7 sevdi\u011fine mesaj atm\u0131\u015ft\u0131. O saniyeler kimi i\u00e7in ger\u00e7ekten saniye iken, bu yatakta \u00f6ylece uzanan i\u00e7in saatler, g\u00fcnler hatta bir \u00f6m\u00fcrd\u00fc. Canavar t\u00fcm karanl\u0131\u011f\u0131 ile \u00fcst\u00fcne \u00e7\u0131kt\u0131\u011f\u0131nda k\u00f6m\u00fcr karas\u0131 pis a\u011fz\u0131ndan o c\u00fcmle gen\u00e7 k\u0131z\u0131n surat\u0131na d\u00f6k\u00fcld\u00fc;   SEN BEN\u0130MS\u0130N\u2026 <\/p>\n","protected":false},"excerpt":{"rendered":"<p>\u201cD\u0131\u015fa bakan r\u00fcya g\u00f6r\u00fcr, i\u00e7e bakan uyan\u0131r&#8230;\u201d Carl Gustav Yung Yata\u011f\u0131nda g\u00f6zleri kapal\u0131 hareketsiz yatarken g\u00f6zleri i\u00e7ine a\u00e7\u0131kt\u0131. Her \u015fey i\u00e7eride par\u00e7alar\u0131na ayr\u0131l\u0131yor, bu par\u00e7alanma h\u00fccrelerinde<span class=\"excerpt-hellip\"> [\u2026]<\/span><\/p>\n","protected":false},"featured_media":0,"template":"","meta":{"_monsterinsights_skip_tracking":false,"_monsterinsights_sitenote_active":false,"_monsterinsights_sitenote_note":"","_monsterinsights_sitenote_category":0},"product_brand":[],"product_cat":[12540,12291],"product_tag":[],"class_list":{"0":"post-772861","1":"product","2":"type-product","3":"status-publish","5":"product_cat-bilim-kurgu","6":"product_cat-edebiyat","7":"pa_cilt-ciltsiz","8":"pa_tur-kitap","9":"pa_yayinevi-theseus-yayinevi","10":"pa_yazar-onur-inan-sonmez","12":"first","13":"instock","14":"sale","15":"shipping-taxable","16":"purchasable","17":"product-type-simple"},"_links":{"self":[{"href":"https:\/\/roveyayinevi.com.tr\/index.php\/wp-json\/wp\/v2\/product\/772861","targetHints":{"allow":["GET"]}}],"collection":[{"href":"https:\/\/roveyayinevi.com.tr\/index.php\/wp-json\/wp\/v2\/product"}],"about":[{"href":"https:\/\/roveyayinevi.com.tr\/index.php\/wp-json\/wp\/v2\/types\/product"}],"wp:attachment":[{"href":"https:\/\/roveyayinevi.com.tr\/index.php\/wp-json\/wp\/v2\/media?parent=772861"}],"wp:term":[{"taxonomy":"product_brand","embeddable":true,"href":"https:\/\/roveyayinevi.com.tr\/index.php\/wp-json\/wp\/v2\/product_brand?post=772861"},{"taxonomy":"product_cat","embeddable":true,"href":"https:\/\/roveyayinevi.com.tr\/index.php\/wp-json\/wp\/v2\/product_cat?post=772861"},{"taxonomy":"product_tag","embeddable":true,"href":"https:\/\/roveyayinevi.com.tr\/index.php\/wp-json\/wp\/v2\/product_tag?post=772861"}],"curies":[{"name":"wp","href":"https:\/\/api.w.org\/{rel}","templated":true}]}}