{"id":772856,"date":"2025-08-28T15:55:22","date_gmt":"2025-08-28T12:55:22","guid":{"rendered":"https:\/\/roveyayinevi.com.tr\/index.php\/urun\/benim-minik-pocahontasim\/"},"modified":"2026-04-15T03:39:14","modified_gmt":"2026-04-15T00:39:14","slug":"benim-minik-pocahontasim","status":"publish","type":"product","link":"https:\/\/roveyayinevi.com.tr\/index.php\/urun\/benim-minik-pocahontasim\/","title":{"rendered":"Benim Minik Pocahontas\u2019\u0131m"},"content":{"rendered":"<p>&#8220;Anne ve baba kelimeleri ka\u00e7 anlama gelir?  Aile olmak hangi s\u0131n\u0131rlarla belirlenir?&#8221; Bu kitap, k\u00f6kl\u00fc kabulleri sarsan, al\u0131\u015f\u0131lm\u0131\u015f aile kavram\u0131n\u0131n \u00f6tesine uzanan bir hik\u00e2yeyi anlat\u0131yor. Onlar, evlerini ve kalplerini k\u00fc\u00e7\u00fck bir k\u0131z \u00e7ocu\u011funa a\u00e7arken, kendi girift ge\u00e7mi\u015fleri ve toplumsal yarg\u0131larla da y\u00fczle\u015fmek zorunda kald\u0131lar. Dal \u00e7eli\u011fimizden bir a\u011fa\u00e7 gibi nas\u0131l tekrar k\u00f6kleniriz? Ait olmak i\u00e7in kan ba\u011f\u0131 zorunlu mu? Bir yuvay\u0131 yuva yapan nedir? Bazen en b\u00fcy\u00fck dersleri \u00e7ocuklar verir. Ba\u011flar\u0131n yeniden in\u015fa edildi\u011fi, sevginin derinle\u015fti\u011fi bu yolculukta, yazar bizi aile olman\u0131n farkl\u0131, fakat bir o kadar da sahici ve samimi y\u00fcz\u00fcyle tan\u0131\u015ft\u0131r\u0131yor. Bildiklerimizi sorgulatan, kalbimize dokunan, aile olman\u0131n &#8220;\u00f6z&#8221;\u00fcne dair ezber bozan, ger\u00e7ek, b\u00fcy\u00fcleyici bir yolculuk\u2026   <\/p>\n","protected":false},"excerpt":{"rendered":"<p>&#8220;Anne ve baba kelimeleri ka\u00e7 anlama gelir? Aile olmak hangi s\u0131n\u0131rlarla belirlenir?&#8221; Bu kitap, k\u00f6kl\u00fc kabulleri sarsan, al\u0131\u015f\u0131lm\u0131\u015f aile kavram\u0131n\u0131n \u00f6tesine uzanan bir hik\u00e2yeyi anlat\u0131yor. Onlar,<span class=\"excerpt-hellip\"> [\u2026]<\/span><\/p>\n","protected":false},"featured_media":0,"template":"","meta":{"_monsterinsights_skip_tracking":false,"_monsterinsights_sitenote_active":false,"_monsterinsights_sitenote_note":"","_monsterinsights_sitenote_category":0},"product_brand":[],"product_cat":[12831,12324],"product_tag":[],"class_list":{"0":"post-772856","1":"product","2":"type-product","3":"status-publish","5":"product_cat-aile-ve-cocuk","6":"product_cat-sosyoloji","7":"pa_cilt-ciltsiz","8":"pa_tur-kitap","9":"pa_yayinevi-elpis-yayinlari","10":"pa_yazar-aysegul-temin","12":"first","13":"instock","14":"sale","15":"shipping-taxable","16":"purchasable","17":"product-type-simple"},"_links":{"self":[{"href":"https:\/\/roveyayinevi.com.tr\/index.php\/wp-json\/wp\/v2\/product\/772856","targetHints":{"allow":["GET"]}}],"collection":[{"href":"https:\/\/roveyayinevi.com.tr\/index.php\/wp-json\/wp\/v2\/product"}],"about":[{"href":"https:\/\/roveyayinevi.com.tr\/index.php\/wp-json\/wp\/v2\/types\/product"}],"wp:attachment":[{"href":"https:\/\/roveyayinevi.com.tr\/index.php\/wp-json\/wp\/v2\/media?parent=772856"}],"wp:term":[{"taxonomy":"product_brand","embeddable":true,"href":"https:\/\/roveyayinevi.com.tr\/index.php\/wp-json\/wp\/v2\/product_brand?post=772856"},{"taxonomy":"product_cat","embeddable":true,"href":"https:\/\/roveyayinevi.com.tr\/index.php\/wp-json\/wp\/v2\/product_cat?post=772856"},{"taxonomy":"product_tag","embeddable":true,"href":"https:\/\/roveyayinevi.com.tr\/index.php\/wp-json\/wp\/v2\/product_tag?post=772856"}],"curies":[{"name":"wp","href":"https:\/\/api.w.org\/{rel}","templated":true}]}}