{"id":772855,"date":"2025-08-28T15:55:20","date_gmt":"2025-08-28T12:55:20","guid":{"rendered":"https:\/\/roveyayinevi.com.tr\/index.php\/urun\/adana-katliamlari-20-yuzyil-basinda-devrim-ve-siddet\/"},"modified":"2026-04-15T03:39:14","modified_gmt":"2026-04-15T00:39:14","slug":"adana-katliamlari-20-yuzyil-basinda-devrim-ve-siddet","status":"publish","type":"product","link":"https:\/\/roveyayinevi.com.tr\/index.php\/urun\/adana-katliamlari-20-yuzyil-basinda-devrim-ve-siddet\/","title":{"rendered":"Adana Katliamlar\u0131 20.Y\u00fczy\u0131l Ba\u015f\u0131nda Devrim ve \u015eiddet"},"content":{"rendered":"<p>Adana Katliamlar\u0131, 1908 J\u00f6n T\u00fcrk Devrimi sonras\u0131 olu\u015fan birlikte ya\u015fama ve \u00f6zg\u00fcrl\u00fck umutlar\u0131n\u0131n yerini nas\u0131l \u015fiddetin ve \u00e7at\u0131\u015fman\u0131n ald\u0131\u011f\u0131n\u0131 g\u00f6zler \u00f6n\u00fcne seriyor. 1909 y\u0131l\u0131nda Adana ve \u00e7evresinde paranoyan\u0131n neden oldu\u011fu iki ayr\u0131 katliam dalgas\u0131yla \u00f6ld\u00fcr\u00fclen Ermenileri, yak\u0131p y\u0131k\u0131lan mahalleleri, i\u015fyerlerini, Osmanl\u0131 h\u00fck\u00fcmetinin m\u00fcdahale etmekteki ba\u015far\u0131s\u0131zl\u0131\u011f\u0131n\u0131, s\u0131radan insanlar\u0131n faillere d\u00f6n\u00fc\u015f\u00fcmlerini anlat\u0131yor. Bedross Der Matossian, bu katliamlara giden yoldaki t\u00fcm etkenleri incelerken, katliamlar sonras\u0131 insani yard\u0131mlar\u0131 ve m\u00fcdahaleleri, yarg\u0131lamalar\u0131 da es ge\u00e7miyor. \u00c7ok say\u0131da kaynaktan yararlanarak yazd\u0131\u011f\u0131 bu eseriyle tarih \u00e7al\u0131\u015fmalar\u0131nda kendisine pek yer bulamam\u0131\u015f Adana katliamlar\u0131n\u0131 g\u00fcn y\u00fcz\u00fcne \u00e7\u0131kar\u0131yor, ya\u015fanan trajedinin neden ve sonu\u00e7lar\u0131n\u0131 titizlikle masaya yat\u0131r\u0131yor. \u201cBu kitap, b\u00f6lgenin sosyal-siyasi, din\u00ee ve ekonomik yap\u0131lar\u0131ndaki de\u011fi\u015fimleri analiz ederek, Adana\u2019da geli\u015fen olaylara \u00e7ok nedenli ve \u00e7ok y\u00f6nl\u00fc a\u00e7\u0131klamalar getiriyor. Bir d\u00fczine dilden birincil kaynaklar\u0131 kullanarak, \u015fiddeti ve iktidar m\u00fccadelelerini kamusal alandaki ba\u015far\u0131s\u0131zl\u0131klar ve ba\u015far\u0131lar a\u00e7\u0131s\u0131ndan, daha genel olarak da 1908 Devrimi\u2019yle ba\u011flant\u0131l\u0131 inceliyor. Adana katliamlar\u0131n\u0131, Ermeni soyk\u0131r\u0131m\u0131na giden yoldaki Ermeni katliamlar\u0131 s\u00fcrecinin bir par\u00e7as\u0131 olarak de\u011fil, 19. y\u00fczy\u0131lda ve 20. y\u00fczy\u0131l ba\u015f\u0131nda b\u00f6lgede uygulanan etnik-din\u00ee \u015fiddetin bir sonucu olarak g\u00f6r\u00fcyor.\u201dBEDROSS DER MATOSSIAN<\/p>\n","protected":false},"excerpt":{"rendered":"<p>Adana Katliamlar\u0131, 1908 J\u00f6n T\u00fcrk Devrimi sonras\u0131 olu\u015fan birlikte ya\u015fama ve \u00f6zg\u00fcrl\u00fck umutlar\u0131n\u0131n yerini nas\u0131l \u015fiddetin ve \u00e7at\u0131\u015fman\u0131n ald\u0131\u011f\u0131n\u0131 g\u00f6zler \u00f6n\u00fcne seriyor. 1909 y\u0131l\u0131nda Adana ve<span class=\"excerpt-hellip\"> [\u2026]<\/span><\/p>\n","protected":false},"featured_media":0,"template":"","meta":{"_monsterinsights_skip_tracking":false,"_monsterinsights_sitenote_active":false,"_monsterinsights_sitenote_note":"","_monsterinsights_sitenote_category":0},"product_brand":[],"product_cat":[12304,13650],"product_tag":[],"class_list":{"0":"post-772855","1":"product","2":"type-product","3":"status-publish","5":"product_cat-tarih","6":"product_cat-turk-tarihi-arastirmalari","7":"pa_cilt-ciltsiz","8":"pa_tur-kitap","9":"pa_yayinevi-iletisim-yayinlari","10":"pa_yazar-bedross-der-matossian","12":"first","13":"instock","14":"sale","15":"shipping-taxable","16":"purchasable","17":"product-type-simple"},"_links":{"self":[{"href":"https:\/\/roveyayinevi.com.tr\/index.php\/wp-json\/wp\/v2\/product\/772855","targetHints":{"allow":["GET"]}}],"collection":[{"href":"https:\/\/roveyayinevi.com.tr\/index.php\/wp-json\/wp\/v2\/product"}],"about":[{"href":"https:\/\/roveyayinevi.com.tr\/index.php\/wp-json\/wp\/v2\/types\/product"}],"wp:attachment":[{"href":"https:\/\/roveyayinevi.com.tr\/index.php\/wp-json\/wp\/v2\/media?parent=772855"}],"wp:term":[{"taxonomy":"product_brand","embeddable":true,"href":"https:\/\/roveyayinevi.com.tr\/index.php\/wp-json\/wp\/v2\/product_brand?post=772855"},{"taxonomy":"product_cat","embeddable":true,"href":"https:\/\/roveyayinevi.com.tr\/index.php\/wp-json\/wp\/v2\/product_cat?post=772855"},{"taxonomy":"product_tag","embeddable":true,"href":"https:\/\/roveyayinevi.com.tr\/index.php\/wp-json\/wp\/v2\/product_tag?post=772855"}],"curies":[{"name":"wp","href":"https:\/\/api.w.org\/{rel}","templated":true}]}}