{"id":772854,"date":"2025-08-28T15:55:17","date_gmt":"2025-08-28T12:55:17","guid":{"rendered":"https:\/\/roveyayinevi.com.tr\/index.php\/urun\/ayana-sinir-dunya-ilk-temas\/"},"modified":"2026-04-15T03:39:14","modified_gmt":"2026-04-15T00:39:14","slug":"ayana-sinir-dunya-ilk-temas","status":"publish","type":"product","link":"https:\/\/roveyayinevi.com.tr\/index.php\/urun\/ayana-sinir-dunya-ilk-temas\/","title":{"rendered":"Ayana \u2013 S\u0131n\u0131r D\u00fcnya: \u0130lk Temas"},"content":{"rendered":"<p>UMAY Baz\u0131 hik\u00e2yeler anlat\u0131lmaz, ya\u015fan\u0131r. Ama ya\u015fanan her \u015fey anlat\u0131lmal\u0131 m\u0131d\u0131r? Bilmiyorum. Bildi\u011fim tek \u015fey, bir kere ba\u015flad\u0131ysan geri d\u00f6n\u00fc\u015f\u00fcn olmad\u0131\u011f\u0131. Bunu ben se\u00e7medim, ama yazd\u0131m. Yazd\u0131k\u00e7a ger\u00e7ek mi, yoksa sadece bir k\u00e2\u011f\u0131t \u00fczerinde mi var oldu\u011funu anlayamaz hale geldim. Siz de \u00f6yle olacaks\u0131n\u0131z. \u015eimdi okurken, baz\u0131 c\u00fcmlelerde durup d\u00fc\u015f\u00fcneceksiniz. \u2018Bunu ger\u00e7ekten ben mi d\u00fc\u015f\u00fcnd\u00fcm, yoksa bana d\u00fc\u015f\u00fcnd\u00fcr\u00fclen mi?\u2019 diye soracaks\u0131n\u0131z. \u0130\u015fte o zaman, biz ayn\u0131 yerde olaca\u011f\u0131z. \u2022 Gecenin karanl\u0131\u011f\u0131nda kula\u011f\u0131na f\u0131s\u0131ldayan o ses\u2026 Ger\u00e7ek mi, yoksa sadece bir hik\u00e2ye mi?  \u2022 Umay, dedesinin anlatt\u0131\u011f\u0131 masallar\u0131n i\u00e7inde kaybolurken bir g\u00f6lgeye mi d\u00f6n\u00fc\u015f\u00fcyor? \u2022 Dedelerimiz bizi korumak i\u00e7in baz\u0131 hik\u00e2yeleri yumu\u015fatt\u0131. Umay, ger\u00e7e\u011fi \u00f6\u011frendi\u011finde korkunun bamba\u015fka bir y\u00fcz\u00fcyle kar\u015f\u0131la\u015ft\u0131.   AYANA  Bu hik\u00e2ye bir hat\u0131rlay\u0131\u015f\u2026 Ama kimin hat\u0131rlad\u0131\u011f\u0131 ger\u00e7ekten \u00f6nemli mi? Bazen ge\u00e7mi\u015f dedi\u011fimiz \u015fey bize ait de\u011fildir, fakat onu yine de s\u0131rt\u0131m\u0131zda ta\u015f\u0131r\u0131z. Bazen bir ismi ilk kez duydu\u011fumuzu san\u0131r\u0131z; ama o isim \u00e7ok daha \u00f6nce, belki bir f\u0131s\u0131lt\u0131yla zihnimize kaz\u0131nm\u0131\u015ft\u0131r. Ger\u00e7ek ile kurgu aras\u0131ndaki s\u0131n\u0131r, sand\u0131\u011f\u0131n\u0131z kadar belirgin de\u011fildir. O y\u00fczden neye inanaca\u011f\u0131n\u0131z\u0131 se\u00e7meyin. \u00c7\u00fcnk\u00fc se\u00e7im yapt\u0131\u011f\u0131n\u0131z an, ger\u00e7e\u011finiz sizi bulacakt\u0131r. \u2022 Ayana ger\u00e7ek mi? Kurgu mu? Yoksa hepimizin i\u00e7inde ya\u015fayan bir varl\u0131k m\u0131? \u2022 Yer\u00e7ekimi gibi en derin inan\u00e7lar\u0131n\u0131z\u0131n bile, anl\u0131k k\u0131r\u0131lmalarla de\u011fi\u015febilece\u011fini fark ettim. \u2022 Baz\u0131 isimler sadece bir kelime de\u011fildir. Onu s\u00f6yledi\u011finde ya bir kap\u0131 a\u00e7ars\u0131n\u2026 Ya da asla kapanmayacak bir k\u00e2bus.    MUSTAFA  Ben oyunlar oynad\u0131m. Hep oynad\u0131m. Ama bu bir oyun de\u011fil. Umay ne yazarsa yazs\u0131n, Ayana ne s\u00f6ylerse s\u00f6ylesin, baz\u0131 \u015feyler sadece vard\u0131r. Siz inanmay\u0131 b\u0131raksan\u0131z da var olmaya devam ederler. Baz\u0131 isimleri hi\u00e7 s\u00f6ylememek gerekir. Bunu hat\u0131rlay\u0131n.  Ve size \u00f6nerim; benim b\u00f6l\u00fcm\u00fcm\u00fc l\u00fctfen gece 23:00\u2019den sonra okumamaya \u00e7al\u0131\u015f\u0131n.   \u201cBaz\u0131 isimler sadece kelime de\u011fildir. Onlar birer \u00e7a\u011fr\u0131d\u0131r.\u201d Ve \u015fimdi, siz de i\u00e7indesiniz.    \u2022 Alk\u0131z\u2019\u0131 hi\u00e7 duydun mu? Peki ya karabasan\u0131?  \u2022 Bir hik\u00e2yenin i\u00e7inde kay\u0131p m\u0131 oldum, yoksa o hik\u00e2yeyi yazan m\u0131 oldum?  \u2022 Umay, art\u0131k g\u00f6zlerini kapatt\u0131\u011f\u0131nda karanl\u0131\u011f\u0131 de\u011fil, Ayana\u2019y\u0131 g\u00f6r\u00fcyor.  \u2022 Ayana\u2026 F\u0131s\u0131ldayan bir ses mi, yoksa unutturulmu\u015f bir ger\u00e7ek mi?  <\/p>\n","protected":false},"excerpt":{"rendered":"<p>UMAY Baz\u0131 hik\u00e2yeler anlat\u0131lmaz, ya\u015fan\u0131r. Ama ya\u015fanan her \u015fey anlat\u0131lmal\u0131 m\u0131d\u0131r? Bilmiyorum. Bildi\u011fim tek \u015fey, bir kere ba\u015flad\u0131ysan geri d\u00f6n\u00fc\u015f\u00fcn olmad\u0131\u011f\u0131. Bunu ben se\u00e7medim, ama yazd\u0131m.<span class=\"excerpt-hellip\"> [\u2026]<\/span><\/p>\n","protected":false},"featured_media":0,"template":"","meta":{"_monsterinsights_skip_tracking":false,"_monsterinsights_sitenote_active":false,"_monsterinsights_sitenote_note":"","_monsterinsights_sitenote_category":0},"product_brand":[],"product_cat":[12291,12711],"product_tag":[],"class_list":{"0":"post-772854","1":"product","2":"type-product","3":"status-publish","5":"product_cat-edebiyat","6":"product_cat-roman-oyku","7":"pa_cilt-ciltsiz","8":"pa_tur-kitap","9":"pa_yayinevi-elpis-yayinlari","10":"pa_yazar-mehmet-ugur-toksari","12":"first","13":"instock","14":"sale","15":"shipping-taxable","16":"purchasable","17":"product-type-simple"},"_links":{"self":[{"href":"https:\/\/roveyayinevi.com.tr\/index.php\/wp-json\/wp\/v2\/product\/772854","targetHints":{"allow":["GET"]}}],"collection":[{"href":"https:\/\/roveyayinevi.com.tr\/index.php\/wp-json\/wp\/v2\/product"}],"about":[{"href":"https:\/\/roveyayinevi.com.tr\/index.php\/wp-json\/wp\/v2\/types\/product"}],"wp:attachment":[{"href":"https:\/\/roveyayinevi.com.tr\/index.php\/wp-json\/wp\/v2\/media?parent=772854"}],"wp:term":[{"taxonomy":"product_brand","embeddable":true,"href":"https:\/\/roveyayinevi.com.tr\/index.php\/wp-json\/wp\/v2\/product_brand?post=772854"},{"taxonomy":"product_cat","embeddable":true,"href":"https:\/\/roveyayinevi.com.tr\/index.php\/wp-json\/wp\/v2\/product_cat?post=772854"},{"taxonomy":"product_tag","embeddable":true,"href":"https:\/\/roveyayinevi.com.tr\/index.php\/wp-json\/wp\/v2\/product_tag?post=772854"}],"curies":[{"name":"wp","href":"https:\/\/api.w.org\/{rel}","templated":true}]}}