{"id":772851,"date":"2025-08-28T15:55:11","date_gmt":"2025-08-28T12:55:11","guid":{"rendered":"https:\/\/roveyayinevi.com.tr\/index.php\/urun\/kendini-sevme-sanati-kendini-hayatin-buna-bagliymiscasina-sev\/"},"modified":"2026-04-12T03:30:38","modified_gmt":"2026-04-12T00:30:38","slug":"kendini-sevme-sanati-kendini-hayatin-buna-bagliymiscasina-sev","status":"publish","type":"product","link":"https:\/\/roveyayinevi.com.tr\/index.php\/urun\/kendini-sevme-sanati-kendini-hayatin-buna-bagliymiscasina-sev\/","title":{"rendered":"Kendini Sevme Sanat\u0131: Kendini Hayat\u0131n Buna Ba\u011fl\u0131ym\u0131\u015f\u00e7as\u0131na Sev"},"content":{"rendered":"<p>\u00c7I\u011eIR A\u00c7AN K\u0130\u015e\u0130SEL YARDIM SANSASYONU   &#8216;En d\u00f6n\u00fc\u015ft\u00fcr\u00fcc\u00fc deneyim, kendimi sevmek gibi basit bir eylem oldu&#8230;&#8217;   On y\u0131l\u0131 a\u015fk\u0131n bir s\u00fcre boyunca b\u00fcy\u00fctt\u00fc\u011f\u00fc \u015firket \u00e7\u00f6kt\u00fc\u011f\u00fcnde, Silikon Vadisi CEO&#8217;su Kamal Ravikant kendini derin bir depresyonda buldu. Dibe vurduktan sonra, Kamal&#8217;\u0131n tek \u0131\u015f\u0131k kayna\u011f\u0131 basit bir meditasyon oldu: Kendimi seviyorum. Bu, hayat\u0131n\u0131 de\u011fi\u015ftiren bir zihinsel uygulamaya d\u00f6n\u00fc\u015ft\u00fc ve bu sayede pozitif, dengeli kalmak ve ilerlemek i\u00e7in bir sistem ke\u015ffetmeye ba\u015flad\u0131. \u00c7o\u011fumuza kendimizi nas\u0131l sevece\u011fimiz hi\u00e7 \u00f6\u011fretilmedi ve Kendini Sevme Sanat\u0131 \u2013 Kendini Hayat\u0131n Buna Ba\u011fl\u0131ym\u0131\u015f\u00e7as\u0131na Sev kitab\u0131nda Kamal \u00f6\u011frendi\u011fi her \u015feyi payla\u015f\u0131yor. Pratik ve g\u00fc\u00e7lendiren bu \u00e7\u0131\u011f\u0131r a\u00e7an kitap, kal\u0131c\u0131 \u00f6z-sevginin paha bi\u00e7ilmez arma\u011fan\u0131n\u0131 sunuyor. <\/p>\n","protected":false},"excerpt":{"rendered":"<p>\u00c7I\u011eIR A\u00c7AN K\u0130\u015e\u0130SEL YARDIM SANSASYONU &#8216;En d\u00f6n\u00fc\u015ft\u00fcr\u00fcc\u00fc deneyim, kendimi sevmek gibi basit bir eylem oldu&#8230;&#8217; On y\u0131l\u0131 a\u015fk\u0131n bir s\u00fcre boyunca b\u00fcy\u00fctt\u00fc\u011f\u00fc \u015firket \u00e7\u00f6kt\u00fc\u011f\u00fcnde, Silikon Vadisi<span class=\"excerpt-hellip\"> [\u2026]<\/span><\/p>\n","protected":false},"featured_media":0,"template":"","meta":{"_monsterinsights_skip_tracking":false,"_monsterinsights_sitenote_active":false,"_monsterinsights_sitenote_note":"","_monsterinsights_sitenote_category":0},"product_brand":[],"product_cat":[12364,12376],"product_tag":[],"class_list":{"0":"post-772851","1":"product","2":"type-product","3":"status-publish","5":"product_cat-genel-konular","6":"product_cat-kisisel-gelisim","7":"pa_cilt-ciltsiz","8":"pa_tur-kitap","9":"pa_yayinevi-felix-kitap","10":"pa_yazar-kamal-ravikant","12":"first","13":"instock","14":"sale","15":"shipping-taxable","16":"purchasable","17":"product-type-simple"},"_links":{"self":[{"href":"https:\/\/roveyayinevi.com.tr\/index.php\/wp-json\/wp\/v2\/product\/772851","targetHints":{"allow":["GET"]}}],"collection":[{"href":"https:\/\/roveyayinevi.com.tr\/index.php\/wp-json\/wp\/v2\/product"}],"about":[{"href":"https:\/\/roveyayinevi.com.tr\/index.php\/wp-json\/wp\/v2\/types\/product"}],"wp:attachment":[{"href":"https:\/\/roveyayinevi.com.tr\/index.php\/wp-json\/wp\/v2\/media?parent=772851"}],"wp:term":[{"taxonomy":"product_brand","embeddable":true,"href":"https:\/\/roveyayinevi.com.tr\/index.php\/wp-json\/wp\/v2\/product_brand?post=772851"},{"taxonomy":"product_cat","embeddable":true,"href":"https:\/\/roveyayinevi.com.tr\/index.php\/wp-json\/wp\/v2\/product_cat?post=772851"},{"taxonomy":"product_tag","embeddable":true,"href":"https:\/\/roveyayinevi.com.tr\/index.php\/wp-json\/wp\/v2\/product_tag?post=772851"}],"curies":[{"name":"wp","href":"https:\/\/api.w.org\/{rel}","templated":true}]}}