{"id":772847,"date":"2025-08-28T15:55:02","date_gmt":"2025-08-28T12:55:02","guid":{"rendered":"https:\/\/roveyayinevi.com.tr\/index.php\/urun\/kendine-yalan-soylemeyi-birak\/"},"modified":"2026-04-15T03:39:14","modified_gmt":"2026-04-15T00:39:14","slug":"kendine-yalan-soylemeyi-birak","status":"publish","type":"product","link":"https:\/\/roveyayinevi.com.tr\/index.php\/urun\/kendine-yalan-soylemeyi-birak\/","title":{"rendered":"Kendine Yalan S\u00f6ylemeyi B\u0131rak"},"content":{"rendered":"<p>\u201cD\u0131\u015f etkenler ruh h\u00e2lini etkilerken, nas\u0131l tepki verece\u011fini ve hangi eylemleri ger\u00e7ekle\u015ftirece\u011fini se\u00e7me g\u00fcc\u00fcne sahip olan sensin. \u00d6z bak\u0131m\u0131, pozitif d\u00fc\u015f\u00fcnmeyi ve ki\u015fisel geli\u015fimi \u00f6nceliklendir. Neyin sana ne\u015fe ve tatmin getirdi\u011fine odaklanarak kendi refah\u0131n\u0131n sorumlulu\u011funu al. Mutlulu\u011funda kendi rol\u00fcn\u00fc fark ederek hayat\u0131n ini\u015f \u00e7\u0131k\u0131\u015flar\u0131n\u0131 diren\u00e7le a\u015fabilir, daha mutlu ve tatmin edici bir hayat yaratabilirsin.\u201d Kendine Yalan S\u00f6ylemeyi B\u0131rak, hayat\u0131n\u0131 de\u011fi\u015ftirebilmen i\u00e7in fark\u0131na varman gereken 101 ac\u0131 ger\u00e7e\u011fi, i\u00e7inde bulundu\u011fun duygudan daha g\u00fc\u00e7l\u00fc bir \u015fekilde \u00e7\u0131kabilmen i\u00e7in sana hat\u0131rlat\u0131yor. Unutmamal\u0131y\u0131z ki hayat\u0131n ini\u015f \u00e7\u0131k\u0131\u015flar\u0131nda g\u00fc\u00e7 bulabilmek ancak ve \u00f6nce kendimize d\u00fcr\u00fcst olmakla kolayla\u015facakt\u0131r.<\/p>\n","protected":false},"excerpt":{"rendered":"<p>\u201cD\u0131\u015f etkenler ruh h\u00e2lini etkilerken, nas\u0131l tepki verece\u011fini ve hangi eylemleri ger\u00e7ekle\u015ftirece\u011fini se\u00e7me g\u00fcc\u00fcne sahip olan sensin. \u00d6z bak\u0131m\u0131, pozitif d\u00fc\u015f\u00fcnmeyi ve ki\u015fisel geli\u015fimi \u00f6nceliklendir. Neyin<span class=\"excerpt-hellip\"> [\u2026]<\/span><\/p>\n","protected":false},"featured_media":0,"template":"","meta":{"_monsterinsights_skip_tracking":false,"_monsterinsights_sitenote_active":false,"_monsterinsights_sitenote_note":"","_monsterinsights_sitenote_category":0},"product_brand":[],"product_cat":[12358,12357],"product_tag":[],"class_list":{"0":"post-772847","1":"product","2":"type-product","3":"status-publish","5":"product_cat-genel-psikoloji","6":"product_cat-psikoloji","7":"pa_cilt-ciltsiz","8":"pa_tur-kitap","9":"pa_yayinevi-literatur-yayinevi","10":"pa_yazar-simon-gilham","12":"first","13":"instock","14":"sale","15":"shipping-taxable","16":"purchasable","17":"product-type-simple"},"_links":{"self":[{"href":"https:\/\/roveyayinevi.com.tr\/index.php\/wp-json\/wp\/v2\/product\/772847","targetHints":{"allow":["GET"]}}],"collection":[{"href":"https:\/\/roveyayinevi.com.tr\/index.php\/wp-json\/wp\/v2\/product"}],"about":[{"href":"https:\/\/roveyayinevi.com.tr\/index.php\/wp-json\/wp\/v2\/types\/product"}],"wp:attachment":[{"href":"https:\/\/roveyayinevi.com.tr\/index.php\/wp-json\/wp\/v2\/media?parent=772847"}],"wp:term":[{"taxonomy":"product_brand","embeddable":true,"href":"https:\/\/roveyayinevi.com.tr\/index.php\/wp-json\/wp\/v2\/product_brand?post=772847"},{"taxonomy":"product_cat","embeddable":true,"href":"https:\/\/roveyayinevi.com.tr\/index.php\/wp-json\/wp\/v2\/product_cat?post=772847"},{"taxonomy":"product_tag","embeddable":true,"href":"https:\/\/roveyayinevi.com.tr\/index.php\/wp-json\/wp\/v2\/product_tag?post=772847"}],"curies":[{"name":"wp","href":"https:\/\/api.w.org\/{rel}","templated":true}]}}