{"id":772846,"date":"2025-08-28T15:54:59","date_gmt":"2025-08-28T12:54:59","guid":{"rendered":"https:\/\/roveyayinevi.com.tr\/index.php\/urun\/dikkat-isirir-olumle-saklambac\/"},"modified":"2026-04-08T03:35:35","modified_gmt":"2026-04-08T00:35:35","slug":"dikkat-isirir-olumle-saklambac","status":"publish","type":"product","link":"https:\/\/roveyayinevi.com.tr\/index.php\/urun\/dikkat-isirir-olumle-saklambac\/","title":{"rendered":"Dikkat Is\u0131r\u0131r-\u00d6l\u00fcmle Saklamba\u00e7"},"content":{"rendered":"<p>D\u00d6N\u00dc\u015eENLER\u0130N KASABASINDA G\u00dc\u00c7L\u00dc B\u0130R \u015eEY B\u00dcY\u00dcYOR\u2026  Sel Archer ve arkada\u015flar\u0131, d\u00fcnyay\u0131 alt\u00fcst eden bir komployu a\u00e7\u0131\u011fa \u00e7\u0131kard\u0131ktan sonra, Tremorglade halk\u0131 nihayet \u00f6zg\u00fcrl\u00fcklerine kavu\u015fmu\u015f gibidir. Art\u0131k yeti\u015fkinler, dolunayda hi\u00e7bir k\u0131s\u0131tlama olmadan d\u00f6n\u00fc\u015febilmektedir; kafeslere t\u0131k\u0131l\u0131p kapal\u0131 tutulmalar\u0131na gerek kalmam\u0131\u015ft\u0131r. Ancak kasaban\u0131n bu yeni \u015f\u00f6hreti tehdit alt\u0131ndad\u0131r, \u00e7\u00fcnk\u00fc Uluma Gecesi\u2019nde gizemli sald\u0131r\u0131lar ortaya \u00e7\u0131kar. Karanl\u0131k, yok edilemeyen bir yarat\u0131\u011f\u0131n s\u00f6ylentileri h\u0131zla yay\u0131l\u0131r&#8230; Biri ya da bir \u015fey, d\u00f6n\u00fc\u015fenleri sonsuza dek kontrol alt\u0131na alacak bir plan\u0131n pe\u015findedir.      E\u011eLENCEL\u0130, S\u00dcR\u00dcKLEY\u0130C\u0130 VE \u015eAHANE B\u0130R \u015eEK\u0130LDE KORKUTUCU.\u201d <\/p>\n","protected":false},"excerpt":{"rendered":"<p>D\u00d6N\u00dc\u015eENLER\u0130N KASABASINDA G\u00dc\u00c7L\u00dc B\u0130R \u015eEY B\u00dcY\u00dcYOR\u2026 Sel Archer ve arkada\u015flar\u0131, d\u00fcnyay\u0131 alt\u00fcst eden bir komployu a\u00e7\u0131\u011fa \u00e7\u0131kard\u0131ktan sonra, Tremorglade halk\u0131 nihayet \u00f6zg\u00fcrl\u00fcklerine kavu\u015fmu\u015f gibidir. Art\u0131k yeti\u015fkinler,<span class=\"excerpt-hellip\"> [\u2026]<\/span><\/p>\n","protected":false},"featured_media":0,"template":"","meta":{"_monsterinsights_skip_tracking":false,"_monsterinsights_sitenote_active":false,"_monsterinsights_sitenote_note":"","_monsterinsights_sitenote_category":0},"product_brand":[],"product_cat":[12291,12711],"product_tag":[],"class_list":{"0":"post-772846","1":"product","2":"type-product","3":"status-publish","5":"product_cat-edebiyat","6":"product_cat-roman-oyku","7":"pa_cilt-ciltsiz","8":"pa_tur-kitap","9":"pa_yayinevi-x-libris","10":"pa_yazar-s-j-wills","12":"first","13":"instock","14":"sale","15":"shipping-taxable","16":"purchasable","17":"product-type-simple"},"_links":{"self":[{"href":"https:\/\/roveyayinevi.com.tr\/index.php\/wp-json\/wp\/v2\/product\/772846","targetHints":{"allow":["GET"]}}],"collection":[{"href":"https:\/\/roveyayinevi.com.tr\/index.php\/wp-json\/wp\/v2\/product"}],"about":[{"href":"https:\/\/roveyayinevi.com.tr\/index.php\/wp-json\/wp\/v2\/types\/product"}],"wp:attachment":[{"href":"https:\/\/roveyayinevi.com.tr\/index.php\/wp-json\/wp\/v2\/media?parent=772846"}],"wp:term":[{"taxonomy":"product_brand","embeddable":true,"href":"https:\/\/roveyayinevi.com.tr\/index.php\/wp-json\/wp\/v2\/product_brand?post=772846"},{"taxonomy":"product_cat","embeddable":true,"href":"https:\/\/roveyayinevi.com.tr\/index.php\/wp-json\/wp\/v2\/product_cat?post=772846"},{"taxonomy":"product_tag","embeddable":true,"href":"https:\/\/roveyayinevi.com.tr\/index.php\/wp-json\/wp\/v2\/product_tag?post=772846"}],"curies":[{"name":"wp","href":"https:\/\/api.w.org\/{rel}","templated":true}]}}