{"id":772845,"date":"2025-08-28T15:54:57","date_gmt":"2025-08-28T12:54:57","guid":{"rendered":"https:\/\/roveyayinevi.com.tr\/index.php\/urun\/etimoloji-101-kelimelerin-kokeni\/"},"modified":"2026-04-15T03:39:14","modified_gmt":"2026-04-15T00:39:14","slug":"etimoloji-101-kelimelerin-kokeni","status":"publish","type":"product","link":"https:\/\/roveyayinevi.com.tr\/index.php\/urun\/etimoloji-101-kelimelerin-kokeni\/","title":{"rendered":"Etimoloji 101 &#8211; Kelimelerin K\u00f6keni"},"content":{"rendered":"<p>\u201cG\u00f6r\u00fcld\u00fc\u011f\u00fc gibi bir lunapark oyunca\u011f\u0131n\u0131n ad\u0131n\u0131 sorgulayarak \u00e7\u0131kt\u0131\u011f\u0131m\u0131z bu etimolojik yolculuk, bizi hi\u00e7 tahmin etmedi\u011fimiz yerlere g\u00f6t\u00fcrd\u00fc. Dilde kelimeler yaln\u0131zca bir anlam ta\u015f\u0131makla kalmaz, ayn\u0131 zamanda tarih\u00ee ve k\u00fclt\u00fcrel izler de bar\u0131nd\u0131r\u0131r. Belki de atl\u0131kar\u0131ncalar, ge\u00e7mi\u015fin izlerini d\u00f6ne d\u00f6ne bug\u00fcne ta\u015f\u0131yan bir zaman makinesidir. Ne dersiniz?\u201d Kelimelerin k\u00f6kenleri, toplumlar\u0131n haf\u0131zas\u0131n\u0131 ta\u015f\u0131r. Etimoloji 101, ge\u00e7mi\u015fin izlerini s\u00fcrerek dilin ve k\u00fclt\u00fcr\u00fcn nas\u0131l i\u00e7 i\u00e7e ge\u00e7ti\u011fini g\u00f6steren, sohbeti samimi, bilgi deryas\u0131 bir rehber. T\u00fcrkolog Ay\u00e7a Ak\u00e7ay\u2019\u0131n titizlikle haz\u0131rlad\u0131\u011f\u0131 bu rehberde dilin bilgisini de\u011fil, dilin ruhunu ke\u015ffedeceksiniz. \u2022 G\u00fcnl\u00fck hayatta s\u0131k\u00e7a kulland\u0131\u011f\u0131n\u0131z kelimelerin nereden geldi\u011fini \u00f6\u011frenmek sizi \u015fa\u015f\u0131rtacak. \u2022 Kelimeler aras\u0131ndaki g\u00f6r\u00fcnmez ba\u011flar\u0131 fark edeceksiniz! \u2022 Dillerin birbirinden nas\u0131l etkilendi\u011fini, ayn\u0131 k\u00f6kten gelen s\u00f6zc\u00fcklerin farkl\u0131 anlamlara b\u00fcr\u00fcnmesini g\u00f6zlemleyeceksiniz.<\/p>\n","protected":false},"excerpt":{"rendered":"<p>\u201cG\u00f6r\u00fcld\u00fc\u011f\u00fc gibi bir lunapark oyunca\u011f\u0131n\u0131n ad\u0131n\u0131 sorgulayarak \u00e7\u0131kt\u0131\u011f\u0131m\u0131z bu etimolojik yolculuk, bizi hi\u00e7 tahmin etmedi\u011fimiz yerlere g\u00f6t\u00fcrd\u00fc. Dilde kelimeler yaln\u0131zca bir anlam ta\u015f\u0131makla kalmaz, ayn\u0131 zamanda<span class=\"excerpt-hellip\"> [\u2026]<\/span><\/p>\n","protected":false},"featured_media":0,"template":"","meta":{"_monsterinsights_skip_tracking":false,"_monsterinsights_sitenote_active":false,"_monsterinsights_sitenote_note":"","_monsterinsights_sitenote_category":0},"product_brand":[],"product_cat":[13072,12291],"product_tag":[],"class_list":{"0":"post-772845","1":"product","2":"type-product","3":"status-publish","5":"product_cat-arastirma-inceleme-referans","6":"product_cat-edebiyat","7":"pa_cilt-ciltsiz","8":"pa_tur-kitap","9":"pa_yayinevi-literatur-yayinevi","10":"pa_yazar-ayca-akcay","12":"first","13":"instock","14":"sale","15":"shipping-taxable","16":"purchasable","17":"product-type-simple"},"_links":{"self":[{"href":"https:\/\/roveyayinevi.com.tr\/index.php\/wp-json\/wp\/v2\/product\/772845","targetHints":{"allow":["GET"]}}],"collection":[{"href":"https:\/\/roveyayinevi.com.tr\/index.php\/wp-json\/wp\/v2\/product"}],"about":[{"href":"https:\/\/roveyayinevi.com.tr\/index.php\/wp-json\/wp\/v2\/types\/product"}],"wp:attachment":[{"href":"https:\/\/roveyayinevi.com.tr\/index.php\/wp-json\/wp\/v2\/media?parent=772845"}],"wp:term":[{"taxonomy":"product_brand","embeddable":true,"href":"https:\/\/roveyayinevi.com.tr\/index.php\/wp-json\/wp\/v2\/product_brand?post=772845"},{"taxonomy":"product_cat","embeddable":true,"href":"https:\/\/roveyayinevi.com.tr\/index.php\/wp-json\/wp\/v2\/product_cat?post=772845"},{"taxonomy":"product_tag","embeddable":true,"href":"https:\/\/roveyayinevi.com.tr\/index.php\/wp-json\/wp\/v2\/product_tag?post=772845"}],"curies":[{"name":"wp","href":"https:\/\/api.w.org\/{rel}","templated":true}]}}