{"id":772840,"date":"2025-08-28T15:54:46","date_gmt":"2025-08-28T12:54:46","guid":{"rendered":"https:\/\/roveyayinevi.com.tr\/index.php\/urun\/barbie-medmaid-power-pofuduk-cikartmali-boyama-kitabi\/"},"modified":"2026-04-15T03:39:14","modified_gmt":"2026-04-15T00:39:14","slug":"barbie-medmaid-power-pofuduk-cikartmali-boyama-kitabi","status":"publish","type":"product","link":"https:\/\/roveyayinevi.com.tr\/index.php\/urun\/barbie-medmaid-power-pofuduk-cikartmali-boyama-kitabi\/","title":{"rendered":"Barbie Medmaid Power \u2013 Pofuduk \u00c7\u0131kartmal\u0131 Boyama Kitab\u0131"},"content":{"rendered":"<p>Barbie Mermaid Power d\u00fcnyas\u0131n\u0131n sihir dolu maceralar\u0131 seni bekliyor! Birbirinden b\u00fcy\u00fcleyici sayfalar\u0131 istedi\u011fin renklere boya. Pofuduk \u00e7\u0131kartmalarla deniz k\u0131zlar\u0131n\u0131n \u0131\u015f\u0131lt\u0131s\u0131 ve g\u00fczelli\u011fi her yerde seninle! \u0130ster kitap sayfalar\u0131na yap\u0131\u015ft\u0131r ister odan\u0131 s\u00fcsle! <\/p>\n","protected":false},"excerpt":{"rendered":"<p>Barbie Mermaid Power d\u00fcnyas\u0131n\u0131n sihir dolu maceralar\u0131 seni bekliyor! Birbirinden b\u00fcy\u00fcleyici sayfalar\u0131 istedi\u011fin renklere boya. Pofuduk \u00e7\u0131kartmalarla deniz k\u0131zlar\u0131n\u0131n \u0131\u015f\u0131lt\u0131s\u0131 ve g\u00fczelli\u011fi her yerde seninle! \u0130ster<span class=\"excerpt-hellip\"> [\u2026]<\/span><\/p>\n","protected":false},"featured_media":0,"template":"","meta":{"_monsterinsights_skip_tracking":false,"_monsterinsights_sitenote_active":false,"_monsterinsights_sitenote_note":"","_monsterinsights_sitenote_category":0},"product_brand":[],"product_cat":[12644,12274],"product_tag":[],"class_list":{"0":"post-772840","1":"product","2":"type-product","3":"status-publish","5":"product_cat-boyama-kitaplari","6":"product_cat-cocuk-ve-genclik-kitaplari","7":"pa_cilt-ciltsiz","8":"pa_tur-kitap","9":"pa_yayinevi-dogan-cocuk","10":"pa_yazar-kolektif","12":"first","13":"instock","14":"sale","15":"shipping-taxable","16":"purchasable","17":"product-type-simple"},"_links":{"self":[{"href":"https:\/\/roveyayinevi.com.tr\/index.php\/wp-json\/wp\/v2\/product\/772840","targetHints":{"allow":["GET"]}}],"collection":[{"href":"https:\/\/roveyayinevi.com.tr\/index.php\/wp-json\/wp\/v2\/product"}],"about":[{"href":"https:\/\/roveyayinevi.com.tr\/index.php\/wp-json\/wp\/v2\/types\/product"}],"wp:attachment":[{"href":"https:\/\/roveyayinevi.com.tr\/index.php\/wp-json\/wp\/v2\/media?parent=772840"}],"wp:term":[{"taxonomy":"product_brand","embeddable":true,"href":"https:\/\/roveyayinevi.com.tr\/index.php\/wp-json\/wp\/v2\/product_brand?post=772840"},{"taxonomy":"product_cat","embeddable":true,"href":"https:\/\/roveyayinevi.com.tr\/index.php\/wp-json\/wp\/v2\/product_cat?post=772840"},{"taxonomy":"product_tag","embeddable":true,"href":"https:\/\/roveyayinevi.com.tr\/index.php\/wp-json\/wp\/v2\/product_tag?post=772840"}],"curies":[{"name":"wp","href":"https:\/\/api.w.org\/{rel}","templated":true}]}}