{"id":772836,"date":"2025-08-28T15:54:38","date_gmt":"2025-08-28T12:54:38","guid":{"rendered":"https:\/\/roveyayinevi.com.tr\/index.php\/urun\/menopoz-rehberi\/"},"modified":"2026-04-15T03:39:14","modified_gmt":"2026-04-15T00:39:14","slug":"menopoz-rehberi","status":"publish","type":"product","link":"https:\/\/roveyayinevi.com.tr\/index.php\/urun\/menopoz-rehberi\/","title":{"rendered":"Menopoz Rehberi"},"content":{"rendered":"<p>Menopoz Rehberi, menopozun belirsizliklerini gideren, her ad\u0131mda kad\u0131nlara yol arkada\u015fl\u0131\u011f\u0131 eden kapsaml\u0131 bir kaynak.   Menopoz 40\u2019l\u0131 ya\u015flardan itibaren her kad\u0131n\u0131n ad\u0131m att\u0131\u011f\u0131, bilin\u00e7le kar\u015f\u0131land\u0131\u011f\u0131nda kendini yeniden ke\u015ffetme ve g\u00fc\u00e7lenme f\u0131rsat\u0131 sunan bir yolculuk. Melis Alphan, Kas\u0131m 2024\u2019te Instagram\u2019da Menopoz Seyir Defteri hesab\u0131yla menopoz hik\u00e2yesini payla\u015fmaya ba\u015flay\u0131nca, bir\u00e7ok kad\u0131n kendi deneyimlerini ve sorular\u0131n\u0131 payla\u015ft\u0131. Ortaya \u00e7\u0131kt\u0131 ki menopoz konusunda h\u00e2l\u00e2 b\u00fcy\u00fck bir bilgi eksikli\u011fi var.   Alphan, uzman hekimlerle yapt\u0131\u011f\u0131 canl\u0131 yay\u0131nlar ve g\u00fcndeme getirdi\u011fi g\u00fcncel ara\u015ft\u0131rmalarla menopozla ilgili tabular\u0131 y\u0131kmak ve kad\u0131nlar\u0131 bilin\u00e7lendirmek yolunda \u00f6nemli ad\u0131mlar att\u0131. Menopoz Rehberi beyin sa\u011fl\u0131\u011f\u0131, psikoloji, beslenme, cinsellik, egzersiz, tamamlay\u0131c\u0131 t\u0131p ve hormon tedavisi gibi konular\u0131n menopozla ili\u015fkisini uzman g\u00f6r\u00fc\u015fleriyle aktaran de\u011ferli bir kaynak. Kad\u0131nlar\u0131n kariyerlerinin zirvesine ula\u015ft\u0131klar\u0131 bu d\u00f6nemde i\u015f hayat\u0131nda kar\u015f\u0131la\u015fabilecekleri zorluklara da de\u011finen bu \u00e7al\u0131\u015fma, Alphan\u2019\u0131n deneyimleriyle destekleniyor ve menopoz s\u00fcrecinde her kad\u0131n\u0131n bilin\u00e7li, g\u00fc\u00e7l\u00fc ve umutlu olmas\u0131n\u0131 ama\u00e7l\u0131yor. <\/p>\n","protected":false},"excerpt":{"rendered":"<p>Menopoz Rehberi, menopozun belirsizliklerini gideren, her ad\u0131mda kad\u0131nlara yol arkada\u015fl\u0131\u011f\u0131 eden kapsaml\u0131 bir kaynak. Menopoz 40\u2019l\u0131 ya\u015flardan itibaren her kad\u0131n\u0131n ad\u0131m att\u0131\u011f\u0131, bilin\u00e7le kar\u015f\u0131land\u0131\u011f\u0131nda kendini yeniden<span class=\"excerpt-hellip\"> [\u2026]<\/span><\/p>\n","protected":false},"featured_media":0,"template":"","meta":{"_monsterinsights_skip_tracking":false,"_monsterinsights_sitenote_active":false,"_monsterinsights_sitenote_note":"","_monsterinsights_sitenote_category":0},"product_brand":[],"product_cat":[13365],"product_tag":[],"class_list":{"0":"post-772836","1":"product","2":"type-product","3":"status-publish","5":"product_cat-saglik","6":"pa_cilt-ciltsiz","7":"pa_tur-kitap","8":"pa_yayinevi-dogan-kitap","9":"pa_yazar-melis-alphan","11":"first","12":"instock","13":"sale","14":"shipping-taxable","15":"purchasable","16":"product-type-simple"},"_links":{"self":[{"href":"https:\/\/roveyayinevi.com.tr\/index.php\/wp-json\/wp\/v2\/product\/772836","targetHints":{"allow":["GET"]}}],"collection":[{"href":"https:\/\/roveyayinevi.com.tr\/index.php\/wp-json\/wp\/v2\/product"}],"about":[{"href":"https:\/\/roveyayinevi.com.tr\/index.php\/wp-json\/wp\/v2\/types\/product"}],"wp:attachment":[{"href":"https:\/\/roveyayinevi.com.tr\/index.php\/wp-json\/wp\/v2\/media?parent=772836"}],"wp:term":[{"taxonomy":"product_brand","embeddable":true,"href":"https:\/\/roveyayinevi.com.tr\/index.php\/wp-json\/wp\/v2\/product_brand?post=772836"},{"taxonomy":"product_cat","embeddable":true,"href":"https:\/\/roveyayinevi.com.tr\/index.php\/wp-json\/wp\/v2\/product_cat?post=772836"},{"taxonomy":"product_tag","embeddable":true,"href":"https:\/\/roveyayinevi.com.tr\/index.php\/wp-json\/wp\/v2\/product_tag?post=772836"}],"curies":[{"name":"wp","href":"https:\/\/api.w.org\/{rel}","templated":true}]}}