{"id":772834,"date":"2025-08-28T15:54:33","date_gmt":"2025-08-28T12:54:33","guid":{"rendered":"https:\/\/roveyayinevi.com.tr\/index.php\/urun\/kul-4\/"},"modified":"2026-04-15T03:39:14","modified_gmt":"2026-04-15T00:39:14","slug":"kul-4","status":"publish","type":"product","link":"https:\/\/roveyayinevi.com.tr\/index.php\/urun\/kul-4\/","title":{"rendered":"Kul"},"content":{"rendered":"<p>\u201c\u0130nsan\u0131n bir derdi olmayag\u00f6rs\u00fcn, b\u00fct\u00fcn \u00e7areleri \u00f6\u011frenirdi.\u201d   Kul\u2019un ba\u015fkahraman\u0131 Mercan ortadan kaybolan kocas\u0131n\u0131n eve d\u00f6nmesine ba\u011flad\u0131\u011f\u0131 hayallerle umudunu koruyan, ya\u015famaya azmeden bir kad\u0131n. Kullu\u011funu y\u00fcz\u00fcne vurmaya ant i\u00e7mi\u015f bir d\u00fcnyada, cemevi-cami-kilise-t\u00fcrbe, hazret-ululardan g\u00f6nderilecek o alameti bekliyor. Se\u00e7ilmi\u015f bir yaln\u0131zl\u0131ktan ziyade, dayat\u0131lm\u0131\u015f bir insans\u0131zl\u0131kla s\u0131nanan Mercan, medet aramak i\u00e7in \u00e7\u0131kt\u0131\u011f\u0131 bu yolda anl\u0131yor ki as\u0131l derdi, varl\u0131\u011f\u0131n\u0131 fark edecek bir muhatap bulmak. Orhan Kemal Roman Arma\u011fan\u0131\u2019na lay\u0131k g\u00f6r\u00fclen Kul sadece g\u00f6r\u00fclmeyen bir kad\u0131n\u0131n anlat\u0131s\u0131 de\u011fil. Seray \u015eahiner roman\u0131nda s\u0131n\u0131f meselesine bodrum kat\u0131ndan bakt\u0131rmakla kalm\u0131yor, kentsel d\u00f6n\u00fc\u015f\u00fcmle yok olan bir \u0130stanbul\u2019un, beraberinde kaybolan arkada\u015flar\u0131n, i\u015flerin, \u015fehirdeki yaln\u0131zl\u0131\u011f\u0131n hik\u00e2yesini, zamanla ve dille ustaca oynayarak anlat\u0131yor. <\/p>\n","protected":false},"excerpt":{"rendered":"<p>\u201c\u0130nsan\u0131n bir derdi olmayag\u00f6rs\u00fcn, b\u00fct\u00fcn \u00e7areleri \u00f6\u011frenirdi.\u201d Kul\u2019un ba\u015fkahraman\u0131 Mercan ortadan kaybolan kocas\u0131n\u0131n eve d\u00f6nmesine ba\u011flad\u0131\u011f\u0131 hayallerle umudunu koruyan, ya\u015famaya azmeden bir kad\u0131n. Kullu\u011funu y\u00fcz\u00fcne vurmaya<span class=\"excerpt-hellip\"> [\u2026]<\/span><\/p>\n","protected":false},"featured_media":0,"template":"","meta":{"_monsterinsights_skip_tracking":false,"_monsterinsights_sitenote_active":false,"_monsterinsights_sitenote_note":"","_monsterinsights_sitenote_category":0},"product_brand":[],"product_cat":[12291,12711],"product_tag":[],"class_list":{"0":"post-772834","1":"product","2":"type-product","3":"status-publish","5":"product_cat-edebiyat","6":"product_cat-roman-oyku","7":"pa_cilt-ciltsiz","8":"pa_tur-kitap","9":"pa_yayinevi-dogan-kitap","10":"pa_yazar-seray-sahiner","12":"first","13":"instock","14":"sale","15":"shipping-taxable","16":"purchasable","17":"product-type-simple"},"_links":{"self":[{"href":"https:\/\/roveyayinevi.com.tr\/index.php\/wp-json\/wp\/v2\/product\/772834","targetHints":{"allow":["GET"]}}],"collection":[{"href":"https:\/\/roveyayinevi.com.tr\/index.php\/wp-json\/wp\/v2\/product"}],"about":[{"href":"https:\/\/roveyayinevi.com.tr\/index.php\/wp-json\/wp\/v2\/types\/product"}],"wp:attachment":[{"href":"https:\/\/roveyayinevi.com.tr\/index.php\/wp-json\/wp\/v2\/media?parent=772834"}],"wp:term":[{"taxonomy":"product_brand","embeddable":true,"href":"https:\/\/roveyayinevi.com.tr\/index.php\/wp-json\/wp\/v2\/product_brand?post=772834"},{"taxonomy":"product_cat","embeddable":true,"href":"https:\/\/roveyayinevi.com.tr\/index.php\/wp-json\/wp\/v2\/product_cat?post=772834"},{"taxonomy":"product_tag","embeddable":true,"href":"https:\/\/roveyayinevi.com.tr\/index.php\/wp-json\/wp\/v2\/product_tag?post=772834"}],"curies":[{"name":"wp","href":"https:\/\/api.w.org\/{rel}","templated":true}]}}