{"id":772832,"date":"2025-08-28T15:54:28","date_gmt":"2025-08-28T12:54:28","guid":{"rendered":"https:\/\/roveyayinevi.com.tr\/index.php\/urun\/dehbli-harika-beynim\/"},"modified":"2026-04-15T03:39:14","modified_gmt":"2026-04-15T00:39:14","slug":"dehbli-harika-beynim","status":"publish","type":"product","link":"https:\/\/roveyayinevi.com.tr\/index.php\/urun\/dehbli-harika-beynim\/","title":{"rendered":"DEHB\u2019li Harika Beynim"},"content":{"rendered":"<p>Dikkat Eksikli\u011fi ve Hiperaktivite Bozuklu\u011fu olan \u00e7ocuklar i\u00e7in&#8230; Pip, DEHB\u2019si olan, kendine g\u00fcvenen k\u00fc\u00e7\u00fck bir canavar. Bu kitapta, DEHB\u2019nin ne anlama geldi\u011fini ve baz\u0131 harika faydalar\u0131n\u0131 b\u00fcy\u00fck bir co\u015fkuyla anlat\u0131yor. Pip ayr\u0131ca ya\u015fad\u0131\u011f\u0131 zorluklardan ve d\u00fcrt\u00fclerini kontrol etmeyi, daha dikkatli ve d\u00fczenli olmay\u0131 \u00f6\u011frenerek e\u011flenceye daha fazla zaman ay\u0131rmaktan da bahsediyor! DEHB\u2019li Harika Beynim, g\u00fcven verici s\u00f6zler, pratik tavsiyeler ve beceri geli\u015ftirici etkinlik fikirleriyle dolu, e\u011flenceli ve \u00e7ocuklar\u0131n kolayca ba\u011f kurabilece\u011fi bir kitap. Berrak \u0130diman\u2019\u0131n \u00e7evirdi\u011fi bu kitap, DEHB\u2019yi korkulacak ya da saklanacak bir durum olarak de\u011fil anla\u015f\u0131lmas\u0131, desteklenmesi ve kutlanmas\u0131 gereken bir farkl\u0131l\u0131k olarak ele al\u0131yor.<\/p>\n","protected":false},"excerpt":{"rendered":"<p>Dikkat Eksikli\u011fi ve Hiperaktivite Bozuklu\u011fu olan \u00e7ocuklar i\u00e7in&#8230; Pip, DEHB\u2019si olan, kendine g\u00fcvenen k\u00fc\u00e7\u00fck bir canavar. Bu kitapta, DEHB\u2019nin ne anlama geldi\u011fini ve baz\u0131 harika faydalar\u0131n\u0131<span class=\"excerpt-hellip\"> [\u2026]<\/span><\/p>\n","protected":false},"featured_media":0,"template":"","meta":{"_monsterinsights_skip_tracking":false,"_monsterinsights_sitenote_active":false,"_monsterinsights_sitenote_note":"","_monsterinsights_sitenote_category":0},"product_brand":[],"product_cat":[12274,12518],"product_tag":[],"class_list":{"0":"post-772832","1":"product","2":"type-product","3":"status-publish","5":"product_cat-cocuk-ve-genclik-kitaplari","6":"product_cat-okul-oncesi-kitaplar","7":"pa_cilt-ciltsiz","8":"pa_tur-kitap","9":"pa_yayinevi-literatur-yayinevi","10":"pa_yazar-emily-snape","12":"first","13":"instock","14":"sale","15":"shipping-taxable","16":"purchasable","17":"product-type-simple"},"_links":{"self":[{"href":"https:\/\/roveyayinevi.com.tr\/index.php\/wp-json\/wp\/v2\/product\/772832","targetHints":{"allow":["GET"]}}],"collection":[{"href":"https:\/\/roveyayinevi.com.tr\/index.php\/wp-json\/wp\/v2\/product"}],"about":[{"href":"https:\/\/roveyayinevi.com.tr\/index.php\/wp-json\/wp\/v2\/types\/product"}],"wp:attachment":[{"href":"https:\/\/roveyayinevi.com.tr\/index.php\/wp-json\/wp\/v2\/media?parent=772832"}],"wp:term":[{"taxonomy":"product_brand","embeddable":true,"href":"https:\/\/roveyayinevi.com.tr\/index.php\/wp-json\/wp\/v2\/product_brand?post=772832"},{"taxonomy":"product_cat","embeddable":true,"href":"https:\/\/roveyayinevi.com.tr\/index.php\/wp-json\/wp\/v2\/product_cat?post=772832"},{"taxonomy":"product_tag","embeddable":true,"href":"https:\/\/roveyayinevi.com.tr\/index.php\/wp-json\/wp\/v2\/product_tag?post=772832"}],"curies":[{"name":"wp","href":"https:\/\/api.w.org\/{rel}","templated":true}]}}