{"id":772830,"date":"2025-08-28T15:54:23","date_gmt":"2025-08-28T12:54:23","guid":{"rendered":"https:\/\/roveyayinevi.com.tr\/index.php\/urun\/franz-kafka-olmek-istemiyor\/"},"modified":"2026-04-15T03:39:14","modified_gmt":"2026-04-15T00:39:14","slug":"franz-kafka-olmek-istemiyor","status":"publish","type":"product","link":"https:\/\/roveyayinevi.com.tr\/index.php\/urun\/franz-kafka-olmek-istemiyor\/","title":{"rendered":"Franz Kafka \u00d6lmek \u0130stemiyor"},"content":{"rendered":"<p>\u201cBeni \u00f6ld\u00fcrmezseniz \u015fayet, siz bir katilsiniz\u201d diye say\u0131kl\u0131yordu \u00f6lmeden \u00f6nce Kafka, t\u0131p \u00f6\u011frencisi arkada\u015f\u0131 Robert Klopstock\u2019tan bir doz daha morfin isterken. Ba\u015fucunda Dora Diamant da bulunuyordu. Bu s\u0131rada k\u0131z karde\u015fi Ottla Kafka Prag\u2019da iyi haberler beklemekteydi.   Yazar\u0131n \u00f6l\u00fcm\u00fcnden sonra Robert Avrupa\u2019y\u0131 terk edip New York\u2019a yerle\u015fir ve t\u00fcberk\u00fcloz m\u00fctehass\u0131s\u0131 se\u00e7kin bir cerrah olur; Kafka\u2019n\u0131n baz\u0131 yap\u0131tlar\u0131n\u0131 bor\u00e7lu oldu\u011fumuz Dora, Nazilerin yapt\u0131\u011f\u0131 soyk\u0131r\u0131mdan ve sonras\u0131nda Stalin zulm\u00fcnden ka\u00e7\u0131p \u0130ngiltere\u2019ye s\u0131\u011f\u0131n\u0131r; Ottla ise Theresienstadt toplama kamp\u0131nda karde\u015fi Franz\u2019\u0131n altm\u0131\u015f\u0131nc\u0131 ya\u015f g\u00fcn\u00fcn\u00fc kutlad\u0131ktan sonra bir grup Yahudi \u00e7ocukla birlikte gaz odalar\u0131nda can verir.   Doktor ve yazar Laurent Seksik Franz Kafka \u00d6lmek \u0130stemiyor\u2019da Kafka\u2019n\u0131n hayat\u0131ndaki bu \u00fc\u00e7 \u00f6nemli insan\u0131n birbirleriyle kesi\u015fen hayatlar\u0131n\u0131 Kafka\u2019n\u0131n son y\u0131llar\u0131n\u0131n, ayr\u0131ca g\u00fcnl\u00fcklerinin ve mektupla\u015fmalar\u0131n\u0131n da izini s\u00fcrerek anlat\u0131yor.   Franz Kafka \u00d6lmek \u0130stemiyor her sat\u0131r\u0131ndan yaln\u0131zl\u0131k ve Kafkaesk duygular\u0131n damlad\u0131\u011f\u0131 bir roman. <\/p>\n","protected":false},"excerpt":{"rendered":"<p>\u201cBeni \u00f6ld\u00fcrmezseniz \u015fayet, siz bir katilsiniz\u201d diye say\u0131kl\u0131yordu \u00f6lmeden \u00f6nce Kafka, t\u0131p \u00f6\u011frencisi arkada\u015f\u0131 Robert Klopstock\u2019tan bir doz daha morfin isterken. Ba\u015fucunda Dora Diamant da bulunuyordu.<span class=\"excerpt-hellip\"> [\u2026]<\/span><\/p>\n","protected":false},"featured_media":0,"template":"","meta":{"_monsterinsights_skip_tracking":false,"_monsterinsights_sitenote_active":false,"_monsterinsights_sitenote_note":"","_monsterinsights_sitenote_category":0},"product_brand":[],"product_cat":[12291,12711],"product_tag":[],"class_list":{"0":"post-772830","1":"product","2":"type-product","3":"status-publish","5":"product_cat-edebiyat","6":"product_cat-roman-oyku","7":"pa_cilt-ciltsiz","8":"pa_tur-kitap","9":"pa_yayinevi-yapi-kredi-yayinlari","10":"pa_yazar-laurent-seksik","12":"first","13":"instock","14":"sale","15":"shipping-taxable","16":"purchasable","17":"product-type-simple"},"_links":{"self":[{"href":"https:\/\/roveyayinevi.com.tr\/index.php\/wp-json\/wp\/v2\/product\/772830","targetHints":{"allow":["GET"]}}],"collection":[{"href":"https:\/\/roveyayinevi.com.tr\/index.php\/wp-json\/wp\/v2\/product"}],"about":[{"href":"https:\/\/roveyayinevi.com.tr\/index.php\/wp-json\/wp\/v2\/types\/product"}],"wp:attachment":[{"href":"https:\/\/roveyayinevi.com.tr\/index.php\/wp-json\/wp\/v2\/media?parent=772830"}],"wp:term":[{"taxonomy":"product_brand","embeddable":true,"href":"https:\/\/roveyayinevi.com.tr\/index.php\/wp-json\/wp\/v2\/product_brand?post=772830"},{"taxonomy":"product_cat","embeddable":true,"href":"https:\/\/roveyayinevi.com.tr\/index.php\/wp-json\/wp\/v2\/product_cat?post=772830"},{"taxonomy":"product_tag","embeddable":true,"href":"https:\/\/roveyayinevi.com.tr\/index.php\/wp-json\/wp\/v2\/product_tag?post=772830"}],"curies":[{"name":"wp","href":"https:\/\/api.w.org\/{rel}","templated":true}]}}