{"id":772829,"date":"2025-08-28T15:53:51","date_gmt":"2025-08-28T12:53:51","guid":{"rendered":"https:\/\/roveyayinevi.com.tr\/index.php\/urun\/genc-kalemlerden-gizemli-maceralar\/"},"modified":"2026-04-15T03:39:14","modified_gmt":"2026-04-15T00:39:14","slug":"genc-kalemlerden-gizemli-maceralar","status":"publish","type":"product","link":"https:\/\/roveyayinevi.com.tr\/index.php\/urun\/genc-kalemlerden-gizemli-maceralar\/","title":{"rendered":"Gen\u00e7 Kalemlerden Gizemli Maceralar"},"content":{"rendered":"<p>Bir\u00e7ok kitap dostunun hayallerinin bir k\u00f6\u015fesinde, kapa\u011f\u0131nda kendi ad\u0131n\u0131n yazd\u0131\u011f\u0131 bir kitab\u0131n\u0131n olmas\u0131 d\u00fc\u015f\u00fcncesi vard\u0131r. Buna ra\u011fmen bu hayali kuran kitap dostlar\u0131 cesaret edip de kalemi ellerine alamazlar. Elinizdeki bu kitab\u0131n sekiz gen\u00e7 yazar\u0131, hayallerini ger\u00e7e\u011fe d\u00f6n\u00fc\u015ft\u00fcrmek i\u00e7in \u00dcnye B\u0130LSEK Yazarl\u0131k At\u00f6lyesi\u2019ne kat\u0131larak i\u00e7erisinde birer hik\u00e2yelerinin yer ald\u0131\u011f\u0131 G\u0130ZEML\u0130 MACERALAR kitab\u0131yla yazarl\u0131k ser\u00fcvenine ilk ad\u0131mlar\u0131n\u0131 att\u0131lar. Gen\u00e7 kalemlerimizin bu fantastik hik\u00e2yeleriyle birbirinden heyecanl\u0131 ve gizemlerle dolu maceralara at\u0131lacak, kimi hik\u00e2yede zamanda yolculuk yapacak kimi hik\u00e2yede ba\u015fka boyutlara seyahat edeceksiniz. Her hik\u00e2yede kahramanlar\u0131m\u0131z\u0131n duygular\u0131na ortak olacak ve ya\u015fayacaklar\u0131 ser\u00fcvenler boyunca ge\u00e7irdikleri de\u011fi\u015fimleri g\u00f6zlemleyeceksiniz. <\/p>\n","protected":false},"excerpt":{"rendered":"<p>Bir\u00e7ok kitap dostunun hayallerinin bir k\u00f6\u015fesinde, kapa\u011f\u0131nda kendi ad\u0131n\u0131n yazd\u0131\u011f\u0131 bir kitab\u0131n\u0131n olmas\u0131 d\u00fc\u015f\u00fcncesi vard\u0131r. Buna ra\u011fmen bu hayali kuran kitap dostlar\u0131 cesaret edip de kalemi<span class=\"excerpt-hellip\"> [\u2026]<\/span><\/p>\n","protected":false},"featured_media":0,"template":"","meta":{"_monsterinsights_skip_tracking":false,"_monsterinsights_sitenote_active":false,"_monsterinsights_sitenote_note":"","_monsterinsights_sitenote_category":0},"product_brand":[],"product_cat":[12274],"product_tag":[],"class_list":{"0":"post-772829","1":"product","2":"type-product","3":"status-publish","5":"product_cat-cocuk-ve-genclik-kitaplari","6":"pa_cilt-ciltsiz","7":"pa_tur-kitap","8":"pa_yayinevi-gulnar-yayinlari","9":"pa_yazar-kolektif","11":"first","12":"instock","13":"sale","14":"shipping-taxable","15":"purchasable","16":"product-type-simple"},"_links":{"self":[{"href":"https:\/\/roveyayinevi.com.tr\/index.php\/wp-json\/wp\/v2\/product\/772829","targetHints":{"allow":["GET"]}}],"collection":[{"href":"https:\/\/roveyayinevi.com.tr\/index.php\/wp-json\/wp\/v2\/product"}],"about":[{"href":"https:\/\/roveyayinevi.com.tr\/index.php\/wp-json\/wp\/v2\/types\/product"}],"wp:attachment":[{"href":"https:\/\/roveyayinevi.com.tr\/index.php\/wp-json\/wp\/v2\/media?parent=772829"}],"wp:term":[{"taxonomy":"product_brand","embeddable":true,"href":"https:\/\/roveyayinevi.com.tr\/index.php\/wp-json\/wp\/v2\/product_brand?post=772829"},{"taxonomy":"product_cat","embeddable":true,"href":"https:\/\/roveyayinevi.com.tr\/index.php\/wp-json\/wp\/v2\/product_cat?post=772829"},{"taxonomy":"product_tag","embeddable":true,"href":"https:\/\/roveyayinevi.com.tr\/index.php\/wp-json\/wp\/v2\/product_tag?post=772829"}],"curies":[{"name":"wp","href":"https:\/\/api.w.org\/{rel}","templated":true}]}}