{"id":772828,"date":"2025-08-28T15:53:49","date_gmt":"2025-08-28T12:53:49","guid":{"rendered":"https:\/\/roveyayinevi.com.tr\/index.php\/urun\/yolumuzu-aydinlatan-101-hadis-i-sereif\/"},"modified":"2025-08-31T21:42:27","modified_gmt":"2025-08-31T18:42:27","slug":"yolumuzu-aydinlatan-101-hadis-i-sereif","status":"publish","type":"product","link":"https:\/\/roveyayinevi.com.tr\/index.php\/urun\/yolumuzu-aydinlatan-101-hadis-i-sereif\/","title":{"rendered":"Yolumuzu Ayd\u0131nlatan 101 Hadis -i \u015eereif"},"content":{"rendered":"<p>\u201cAllah\u2019\u0131n (cc), ak\u0131l ve irade sahibi insanlara y\u00fckledi\u011fi sorumluluklar, ancak onlar\u0131n g\u00fc\u00e7lerinin yetti\u011fi kadard\u0131r (Bakara 286). \u0130stisnai durumlar hari\u00e7 insan, sorumlulu\u011fu s\u00fcrekli olan bir varl\u0131kt\u0131r. Bu sorumlulu\u011fun en ba\u015f\u0131nda da insan\u0131n Allah\u2019a kar\u015f\u0131 sorumlulu\u011fu gelir. \u0130nsan, kendine kar\u015f\u0131 sorumludur, anne babas\u0131na kar\u015f\u0131 sorumludur, ailesine kar\u015f\u0131 sorumludur, vatan\u0131na, milletine kar\u015f\u0131 sorumludur, topluma kar\u015f\u0131 sorumludur\u2026 Biz de bu kitab\u0131m\u0131z\u0131, bu sorumluluklar\u0131m\u0131z\u0131 bir nebze olsun yerine getirebilir miyiz umuduyla kaleme ald\u0131k. Hadis-i \u015eerifleri se\u00e7erken birbirinden ba\u011f\u0131ms\u0131z hadisleri se\u00e7meye \u00f6zen g\u00f6sterdik. Hadisleri yorumlarken hadis \u015farihlerinin bak\u0131\u015f a\u00e7\u0131lar\u0131ndan istifade ettik. Sade bir dille g\u00fcn\u00fcm\u00fcz T\u00fcrk\u00e7esiyle izaha \u00e7al\u0131\u015ft\u0131k. Hamd alemlerin Rabbi olan Allah\u2019a, selam hidayete tabi olanlara\u2026 <\/p>\n","protected":false},"excerpt":{"rendered":"<p>\u201cAllah\u2019\u0131n (cc), ak\u0131l ve irade sahibi insanlara y\u00fckledi\u011fi sorumluluklar, ancak onlar\u0131n g\u00fc\u00e7lerinin yetti\u011fi kadard\u0131r (Bakara 286). \u0130stisnai durumlar hari\u00e7 insan, sorumlulu\u011fu s\u00fcrekli olan bir varl\u0131kt\u0131r. Bu<span class=\"excerpt-hellip\"> [\u2026]<\/span><\/p>\n","protected":false},"featured_media":0,"template":"","meta":{"_monsterinsights_skip_tracking":false,"_monsterinsights_sitenote_active":false,"_monsterinsights_sitenote_note":"","_monsterinsights_sitenote_category":0},"product_brand":[],"product_cat":[12718],"product_tag":[],"class_list":{"0":"post-772828","1":"product","2":"type-product","3":"status-publish","5":"product_cat-din","6":"pa_cilt-ciltsiz","7":"pa_tur-kitap","8":"pa_yayinevi-gulnar-yayinlari","9":"pa_yazar-bekir-aydin","11":"first","12":"instock","13":"sale","14":"shipping-taxable","15":"purchasable","16":"product-type-simple"},"_links":{"self":[{"href":"https:\/\/roveyayinevi.com.tr\/index.php\/wp-json\/wp\/v2\/product\/772828","targetHints":{"allow":["GET"]}}],"collection":[{"href":"https:\/\/roveyayinevi.com.tr\/index.php\/wp-json\/wp\/v2\/product"}],"about":[{"href":"https:\/\/roveyayinevi.com.tr\/index.php\/wp-json\/wp\/v2\/types\/product"}],"wp:attachment":[{"href":"https:\/\/roveyayinevi.com.tr\/index.php\/wp-json\/wp\/v2\/media?parent=772828"}],"wp:term":[{"taxonomy":"product_brand","embeddable":true,"href":"https:\/\/roveyayinevi.com.tr\/index.php\/wp-json\/wp\/v2\/product_brand?post=772828"},{"taxonomy":"product_cat","embeddable":true,"href":"https:\/\/roveyayinevi.com.tr\/index.php\/wp-json\/wp\/v2\/product_cat?post=772828"},{"taxonomy":"product_tag","embeddable":true,"href":"https:\/\/roveyayinevi.com.tr\/index.php\/wp-json\/wp\/v2\/product_tag?post=772828"}],"curies":[{"name":"wp","href":"https:\/\/api.w.org\/{rel}","templated":true}]}}