{"id":772824,"date":"2025-08-28T15:53:40","date_gmt":"2025-08-28T12:53:40","guid":{"rendered":"https:\/\/roveyayinevi.com.tr\/index.php\/urun\/bitmek-bilmeyen-kotu-gunler\/"},"modified":"2026-04-15T03:39:13","modified_gmt":"2026-04-15T00:39:13","slug":"bitmek-bilmeyen-kotu-gunler","status":"publish","type":"product","link":"https:\/\/roveyayinevi.com.tr\/index.php\/urun\/bitmek-bilmeyen-kotu-gunler\/","title":{"rendered":"Bitmek Bilmeyen K\u00f6t\u00fc G\u00fcnler"},"content":{"rendered":"<p>Henley, d\u0131\u015far\u0131dan bak\u0131ld\u0131\u011f\u0131nda masals\u0131 bir kasabad\u0131r. Fakat Lydia Chass, \u00e7ocuklu\u011fundan beri bu b\u00fcy\u00fcleyici g\u00fczelli\u011fin ard\u0131nda karanl\u0131k bir \u015feylerin sakland\u0131\u011f\u0131n\u0131 hisseder. Mezuniyete haftalar kala, bir \u00f6\u011fretmenin ihmali y\u00fcz\u00fcnden lise diplomas\u0131n\u0131 alamayaca\u011f\u0131n\u0131 \u00f6\u011frendi\u011finde, i\u00e7ini kemiren o ku\u015fku yerini sars\u0131c\u0131 bir ger\u00e7ekle de\u011fi\u015ftirir. Yaz\u0131lmayan bir tarih dersi notu, Lydia\u2019n\u0131n \u00fclkenin en parlak okullar\u0131na gitmesinin \u00f6n\u00fcndeki en b\u00fcy\u00fck engeldir. \u00dcstelik bu konuda yaln\u0131z da de\u011fildir. Kasaban\u0131n asi ve mesafeli k\u0131z\u0131 Bristal Jamison da ayn\u0131 \u00e7\u0131kmazdad\u0131r. Bristal\u2019\u0131n en b\u00fcy\u00fck hedefi liseyi bitirmek olsa da hayatlar\u0131 z\u0131t kutuplarda, d\u00fcnyalar\u0131 bamba\u015fka bu iki gen\u00e7 k\u0131z, mecburen ayn\u0131 ama\u00e7 i\u00e7in bir araya gelmek zorunda kal\u0131r:            Eksik tarih kredilerini tamamlamak.   Lydia ile Bristal \u00e7areyi kasaban\u0131n g\u00f6m\u00fcl\u00fc ge\u00e7mi\u015fini ve tarihini ara\u015ft\u0131racaklar\u0131 bir podcast ba\u015flatmakta bulurlar. Ancak ba\u015flang\u0131\u00e7ta s\u0131radan bir ders projesi olarak g\u00f6rd\u00fckleri bu yay\u0131nlar, k\u0131sa s\u00fcrede gizemli bir cinayeti, kay\u0131p bir k\u0131z\u0131 ve y\u0131llard\u0131r bast\u0131r\u0131lan s\u0131rlar\u0131 g\u00fcn y\u00fcz\u00fcne \u00e7\u0131karan bir ser\u00fcvene d\u00f6n\u00fc\u015f\u00fcr. Lydia ve Bristal, att\u0131klar\u0131 her ad\u0131mda ge\u00e7mi\u015fin ac\u0131lar\u0131na, aile s\u0131rlar\u0131na ve kendi korkular\u0131na daha \u00e7ok yakla\u015f\u0131rken birlikte y\u00fcr\u00fcd\u00fckleri bu yol, sadece ge\u00e7mi\u015fi de\u011fil, aralar\u0131nda a\u015f\u0131lmaz g\u00f6r\u00fcnen mesafeyi de ayd\u0131nlat\u0131r.   \u00c7\u00fcnk\u00fc ger\u00e7ek dostluklar, bazen yaln\u0131zca karanl\u0131k s\u0131rlar\u0131n g\u00f6lgesinde filizlenebilir. <\/p>\n","protected":false},"excerpt":{"rendered":"<p>Henley, d\u0131\u015far\u0131dan bak\u0131ld\u0131\u011f\u0131nda masals\u0131 bir kasabad\u0131r. Fakat Lydia Chass, \u00e7ocuklu\u011fundan beri bu b\u00fcy\u00fcleyici g\u00fczelli\u011fin ard\u0131nda karanl\u0131k bir \u015feylerin sakland\u0131\u011f\u0131n\u0131 hisseder. Mezuniyete haftalar kala, bir \u00f6\u011fretmenin ihmali<span class=\"excerpt-hellip\"> [\u2026]<\/span><\/p>\n","protected":false},"featured_media":0,"template":"","meta":{"_monsterinsights_skip_tracking":false,"_monsterinsights_sitenote_active":false,"_monsterinsights_sitenote_note":"","_monsterinsights_sitenote_category":0},"product_brand":[],"product_cat":[12291,17033],"product_tag":[],"class_list":{"0":"post-772824","1":"product","2":"type-product","3":"status-publish","5":"product_cat-edebiyat","6":"product_cat-korku-gerilim","7":"pa_cilt-ciltsiz","8":"pa_tur-kitap","9":"pa_yayinevi-nemesis-kitap","10":"pa_yazar-mindy-mcginnis","12":"first","13":"instock","14":"sale","15":"shipping-taxable","16":"purchasable","17":"product-type-simple"},"_links":{"self":[{"href":"https:\/\/roveyayinevi.com.tr\/index.php\/wp-json\/wp\/v2\/product\/772824","targetHints":{"allow":["GET"]}}],"collection":[{"href":"https:\/\/roveyayinevi.com.tr\/index.php\/wp-json\/wp\/v2\/product"}],"about":[{"href":"https:\/\/roveyayinevi.com.tr\/index.php\/wp-json\/wp\/v2\/types\/product"}],"wp:attachment":[{"href":"https:\/\/roveyayinevi.com.tr\/index.php\/wp-json\/wp\/v2\/media?parent=772824"}],"wp:term":[{"taxonomy":"product_brand","embeddable":true,"href":"https:\/\/roveyayinevi.com.tr\/index.php\/wp-json\/wp\/v2\/product_brand?post=772824"},{"taxonomy":"product_cat","embeddable":true,"href":"https:\/\/roveyayinevi.com.tr\/index.php\/wp-json\/wp\/v2\/product_cat?post=772824"},{"taxonomy":"product_tag","embeddable":true,"href":"https:\/\/roveyayinevi.com.tr\/index.php\/wp-json\/wp\/v2\/product_tag?post=772824"}],"curies":[{"name":"wp","href":"https:\/\/api.w.org\/{rel}","templated":true}]}}