{"id":772820,"date":"2025-08-28T15:53:30","date_gmt":"2025-08-28T12:53:30","guid":{"rendered":"https:\/\/roveyayinevi.com.tr\/index.php\/urun\/gurbet-kuslari-tatilde\/"},"modified":"2026-01-30T04:11:37","modified_gmt":"2026-01-30T01:11:37","slug":"gurbet-kuslari-tatilde","status":"publish","type":"product","link":"https:\/\/roveyayinevi.com.tr\/index.php\/urun\/gurbet-kuslari-tatilde\/","title":{"rendered":"Gurbet Ku\u015flar\u0131 Tatilde"},"content":{"rendered":"<p>Can\u0131m dedem, nas\u0131ls\u0131n? Bizi sorarsan, biz \u00e7ok iyiyiz. Can\u0131m dedem, ben k\u00f6yde sana mektup yaz\u0131p b\u0131rakacakt\u0131m ama orada ne kalem bulabildim ne de ka\u011f\u0131t. Can\u0131m dedem, k\u00f6yden buraya gelirken, orada bir par\u00e7am\u0131z\u0131 b\u0131rakt\u0131k, yani seni b\u0131rakt\u0131k. Biliyorum, sen bizi bir yerlerden g\u00f6r\u00fcyorsun, bizi izliyorsun. Bizler her ne kadar seni g\u00f6rmesek de, senin kokunu al\u0131yoruz, senin her zaman her an\u0131m\u0131zda yan\u0131m\u0131zda oldu\u011funu biliyoruz. Can\u0131m dedem, bizler senin \u00f6zlemini ne kadar \u00e7ok \u00e7ekti\u011fimizi bilemezsin. Babam, amcam, halam, onlar da seni \u00e7ok ama \u00e7ok \u00f6zl\u00fcyor. Seni her zaman an\u0131yoruz, her ne kadar seni g\u00f6rmesek de, her zaman hep sanki yan\u0131m\u0131zdaym\u0131\u015fs\u0131n gibi hissediyoruz. Can\u0131m dedem, biz seninle beraber ya\u015f\u0131yoruz. Seni g\u00f6rmek i\u00e7in, seni g\u00f6rmemize gerek yok ki. \u015eu kalbimde hep Veysel Altun var ve bu kalp ya\u015fad\u0131\u011f\u0131 s\u00fcrece de hi\u00e7 \u00e7\u0131kmayacak. Seni \u00e7ok ama \u00e7ok seviyoruz. Kaan&#8217;\u0131n da sana \u00e7ok ama \u00e7ok selam\u0131 var can\u0131m dedem.<\/p>\n","protected":false},"excerpt":{"rendered":"<p>Can\u0131m dedem, nas\u0131ls\u0131n? Bizi sorarsan, biz \u00e7ok iyiyiz. Can\u0131m dedem, ben k\u00f6yde sana mektup yaz\u0131p b\u0131rakacakt\u0131m ama orada ne kalem bulabildim ne de ka\u011f\u0131t. Can\u0131m dedem,<span class=\"excerpt-hellip\"> [\u2026]<\/span><\/p>\n","protected":false},"featured_media":0,"template":"","meta":{"_monsterinsights_skip_tracking":false,"_monsterinsights_sitenote_active":false,"_monsterinsights_sitenote_note":"","_monsterinsights_sitenote_category":0},"product_brand":[],"product_cat":[12291,12711],"product_tag":[],"class_list":{"0":"post-772820","1":"product","2":"type-product","3":"status-publish","5":"product_cat-edebiyat","6":"product_cat-roman-oyku","7":"pa_cilt-ciltsiz","8":"pa_tur-kitap","9":"pa_yayinevi-vova-yayinlari","10":"pa_yazar-semih-dede","12":"first","13":"instock","14":"sale","15":"shipping-taxable","16":"purchasable","17":"product-type-simple"},"_links":{"self":[{"href":"https:\/\/roveyayinevi.com.tr\/index.php\/wp-json\/wp\/v2\/product\/772820","targetHints":{"allow":["GET"]}}],"collection":[{"href":"https:\/\/roveyayinevi.com.tr\/index.php\/wp-json\/wp\/v2\/product"}],"about":[{"href":"https:\/\/roveyayinevi.com.tr\/index.php\/wp-json\/wp\/v2\/types\/product"}],"wp:attachment":[{"href":"https:\/\/roveyayinevi.com.tr\/index.php\/wp-json\/wp\/v2\/media?parent=772820"}],"wp:term":[{"taxonomy":"product_brand","embeddable":true,"href":"https:\/\/roveyayinevi.com.tr\/index.php\/wp-json\/wp\/v2\/product_brand?post=772820"},{"taxonomy":"product_cat","embeddable":true,"href":"https:\/\/roveyayinevi.com.tr\/index.php\/wp-json\/wp\/v2\/product_cat?post=772820"},{"taxonomy":"product_tag","embeddable":true,"href":"https:\/\/roveyayinevi.com.tr\/index.php\/wp-json\/wp\/v2\/product_tag?post=772820"}],"curies":[{"name":"wp","href":"https:\/\/api.w.org\/{rel}","templated":true}]}}