{"id":772816,"date":"2025-08-28T15:53:23","date_gmt":"2025-08-28T12:53:23","guid":{"rendered":"https:\/\/roveyayinevi.com.tr\/index.php\/urun\/osmanlilardan-once-osmanli\/"},"modified":"2026-04-15T03:39:13","modified_gmt":"2026-04-15T00:39:13","slug":"osmanlilardan-once-osmanli","status":"publish","type":"product","link":"https:\/\/roveyayinevi.com.tr\/index.php\/urun\/osmanlilardan-once-osmanli\/","title":{"rendered":"Osmanl\u0131lardan \u00d6nce Osmanl\u0131"},"content":{"rendered":"<p>Osmanl\u0131 \u0130mparatorlu\u011fu yu\u0308zy\u0131llar boyunca Yak\u0131n Do\u011fu\u2019ya hu\u0308kmetti, Akdeniz\u2019e egemen oldu ve Avrupa\u2019ya \u201ckorku sald\u0131\u201d. Peki, Osmanl\u0131lar nereden geldi? Osman Gazi\u2019nin liderli\u011findeki ku\u0308\u00e7u\u0308k bir beylik, nas\u0131l oldu da bir du\u0308nya imparatorlu\u011funa d\u00f6nu\u0308\u015ftu\u0308? Clive Foss, bu bu\u0308yu\u0308leyici ama h\u00e2l\u00e2 tart\u0131\u015fmal\u0131 su\u0308recin izini su\u0308rerken yaln\u0131zca Tu\u0308rk\u00e7e, Yunanca, Arap\u00e7a ve Latince yaz\u0131l\u0131 kaynaklarla yetinmiyor; erken Osmanl\u0131 co\u011frafyas\u0131n\u0131 ad\u0131m ad\u0131m dola\u015f\u0131yor, arkeolojik kal\u0131nt\u0131lar\u0131 yerinde inceleyip bizzat foto\u011fraflayarak \u00f6zgu\u0308n bir saha ara\u015ft\u0131rmas\u0131 da sunuyor. Osman Gazi\u2019nin ya\u015fad\u0131\u011f\u0131 da\u011fl\u0131k Anadolu\u2019nun siyasi ve co\u011frafi ortam\u0131n\u0131 inceleyen Foss, onun yu\u0308kseli\u015fini Bizans\u2019\u0131n \u00e7\u00f6zu\u0308lme su\u0308reciyle birlikte ele al\u0131yor. Kitap, Orhan Gazi d\u00f6nemine kadar giderek, 1354\u2019te Osmanl\u0131lar\u0131n Avrupa\u2019ya ilk ge\u00e7i\u015fini bir d\u00f6nu\u0308m noktas\u0131 olarak mercek alt\u0131na al\u0131yor. Foss\u2019un \u00e7al\u0131\u015fmas\u0131, yaln\u0131zca Osmanl\u0131\u2019n\u0131n kurulu\u015funa dair yerle\u015fik teorileri sorgulamakla kalm\u0131yor; ayn\u0131 zamanda co\u011frafyan\u0131n, arkeolojinin ve tarihin i\u00e7 i\u00e7e ge\u00e7ti\u011fi bir okuma sunuyor. Bu kitap, okurunu tarihyaz\u0131m\u0131na ve mek\u00e2n alg\u0131s\u0131na dair du\u0308\u015fu\u0308nmeye de davet ediyor<\/p>\n","protected":false},"excerpt":{"rendered":"<p>Osmanl\u0131 \u0130mparatorlu\u011fu yu\u0308zy\u0131llar boyunca Yak\u0131n Do\u011fu\u2019ya hu\u0308kmetti, Akdeniz\u2019e egemen oldu ve Avrupa\u2019ya \u201ckorku sald\u0131\u201d. Peki, Osmanl\u0131lar nereden geldi? Osman Gazi\u2019nin liderli\u011findeki ku\u0308\u00e7u\u0308k bir beylik, nas\u0131l oldu<span class=\"excerpt-hellip\"> [\u2026]<\/span><\/p>\n","protected":false},"featured_media":0,"template":"","meta":{"_monsterinsights_skip_tracking":false,"_monsterinsights_sitenote_active":false,"_monsterinsights_sitenote_note":"","_monsterinsights_sitenote_category":0},"product_brand":[],"product_cat":[13517,12304],"product_tag":[],"class_list":{"0":"post-772816","1":"product","2":"type-product","3":"status-publish","5":"product_cat-osmanli-tarihi","6":"product_cat-tarih","7":"pa_cilt-ciltsiz","8":"pa_tur-kitap","9":"pa_yayinevi-ketebe-yayinlari","10":"pa_yazar-clive-foss","12":"first","13":"instock","14":"sale","15":"shipping-taxable","16":"purchasable","17":"product-type-simple"},"_links":{"self":[{"href":"https:\/\/roveyayinevi.com.tr\/index.php\/wp-json\/wp\/v2\/product\/772816","targetHints":{"allow":["GET"]}}],"collection":[{"href":"https:\/\/roveyayinevi.com.tr\/index.php\/wp-json\/wp\/v2\/product"}],"about":[{"href":"https:\/\/roveyayinevi.com.tr\/index.php\/wp-json\/wp\/v2\/types\/product"}],"wp:attachment":[{"href":"https:\/\/roveyayinevi.com.tr\/index.php\/wp-json\/wp\/v2\/media?parent=772816"}],"wp:term":[{"taxonomy":"product_brand","embeddable":true,"href":"https:\/\/roveyayinevi.com.tr\/index.php\/wp-json\/wp\/v2\/product_brand?post=772816"},{"taxonomy":"product_cat","embeddable":true,"href":"https:\/\/roveyayinevi.com.tr\/index.php\/wp-json\/wp\/v2\/product_cat?post=772816"},{"taxonomy":"product_tag","embeddable":true,"href":"https:\/\/roveyayinevi.com.tr\/index.php\/wp-json\/wp\/v2\/product_tag?post=772816"}],"curies":[{"name":"wp","href":"https:\/\/api.w.org\/{rel}","templated":true}]}}