{"id":772813,"date":"2025-08-28T15:53:18","date_gmt":"2025-08-28T12:53:18","guid":{"rendered":"https:\/\/roveyayinevi.com.tr\/index.php\/urun\/cebimdeki-hapsirik\/"},"modified":"2026-04-15T03:39:13","modified_gmt":"2026-04-15T00:39:13","slug":"cebimdeki-hapsirik","status":"publish","type":"product","link":"https:\/\/roveyayinevi.com.tr\/index.php\/urun\/cebimdeki-hapsirik\/","title":{"rendered":"Cebimdeki Hap\u015f\u0131r\u0131k"},"content":{"rendered":"<p>\u201cCan\u0131 biraz \u015fekerleme istedi\u011finde, gayri ihtiyari elini cebine att\u0131. Tuhaf bir g\u0131d\u0131klanma hissetti. Ard\u0131ndan k\u00fc\u00e7\u00fck bir hap\u015f\u0131r\u0131k duydu\u011funu zannetti. Tan\u0131d\u0131k bir \u015feye dokunuyordu ve bu kesinlikle \u015fekerleme de\u011fildi. \u0130nanam\u0131yordu. Oradayd\u0131 i\u015fte!\u201d Selim ve arkada\u015flar\u0131n\u0131 takip ederken kendini Kimsenin Bilmedi\u011fi K\u00f6y\u2019de tuhaf bir kul\u00fcbede bulaca\u011f\u0131n bu gizemli hikayede, iyilik ve k\u00f6t\u00fcl\u00fc\u011f\u00fcn ezeli m\u00fccadelesine tan\u0131k olacaks\u0131n. Tuhaf ama \u00e7ok tuhaf baz\u0131 \u015feyler ve o kadar da tuhaf olmayan ba\u015fka \u015feylerle dolu sayfalar aras\u0131nda kaybolursan talimatlar i\u00e7in yazar\u0131n notuna g\u00f6z atmay\u0131 unutma.<\/p>\n","protected":false},"excerpt":{"rendered":"<p>\u201cCan\u0131 biraz \u015fekerleme istedi\u011finde, gayri ihtiyari elini cebine att\u0131. Tuhaf bir g\u0131d\u0131klanma hissetti. Ard\u0131ndan k\u00fc\u00e7\u00fck bir hap\u015f\u0131r\u0131k duydu\u011funu zannetti. Tan\u0131d\u0131k bir \u015feye dokunuyordu ve bu kesinlikle<span class=\"excerpt-hellip\"> [\u2026]<\/span><\/p>\n","protected":false},"featured_media":0,"template":"","meta":{"_monsterinsights_skip_tracking":false,"_monsterinsights_sitenote_active":false,"_monsterinsights_sitenote_note":"","_monsterinsights_sitenote_category":0},"product_brand":[],"product_cat":[12274,12284],"product_tag":[],"class_list":{"0":"post-772813","1":"product","2":"type-product","3":"status-publish","5":"product_cat-cocuk-ve-genclik-kitaplari","6":"product_cat-hikayeler","7":"pa_cilt-ciltsiz","8":"pa_tur-kitap","9":"pa_yayinevi-tulu-kitap","10":"pa_yazar-kevser-senel-yilmaz","12":"first","13":"instock","14":"sale","15":"shipping-taxable","16":"purchasable","17":"product-type-simple"},"_links":{"self":[{"href":"https:\/\/roveyayinevi.com.tr\/index.php\/wp-json\/wp\/v2\/product\/772813","targetHints":{"allow":["GET"]}}],"collection":[{"href":"https:\/\/roveyayinevi.com.tr\/index.php\/wp-json\/wp\/v2\/product"}],"about":[{"href":"https:\/\/roveyayinevi.com.tr\/index.php\/wp-json\/wp\/v2\/types\/product"}],"wp:attachment":[{"href":"https:\/\/roveyayinevi.com.tr\/index.php\/wp-json\/wp\/v2\/media?parent=772813"}],"wp:term":[{"taxonomy":"product_brand","embeddable":true,"href":"https:\/\/roveyayinevi.com.tr\/index.php\/wp-json\/wp\/v2\/product_brand?post=772813"},{"taxonomy":"product_cat","embeddable":true,"href":"https:\/\/roveyayinevi.com.tr\/index.php\/wp-json\/wp\/v2\/product_cat?post=772813"},{"taxonomy":"product_tag","embeddable":true,"href":"https:\/\/roveyayinevi.com.tr\/index.php\/wp-json\/wp\/v2\/product_tag?post=772813"}],"curies":[{"name":"wp","href":"https:\/\/api.w.org\/{rel}","templated":true}]}}