{"id":772812,"date":"2025-08-28T15:53:15","date_gmt":"2025-08-28T12:53:15","guid":{"rendered":"https:\/\/roveyayinevi.com.tr\/index.php\/urun\/kar-ve-inci\/"},"modified":"2026-04-15T03:38:57","modified_gmt":"2026-04-15T00:38:57","slug":"kar-ve-inci","status":"publish","type":"product","link":"https:\/\/roveyayinevi.com.tr\/index.php\/urun\/kar-ve-inci\/","title":{"rendered":"Kar ve \u0130nci"},"content":{"rendered":"<p>Edebiyat ile Psikolojinin Kesi\u015fimi: Kar ve \u0130nci  Kar ve \u0130nci, edebiyat ile psikolojiyi harmanlayan bir roman. \u201cZihni unutmu\u015ftu. Ama duygular\u0131 hat\u0131rl\u0131yordu.\u201d dedi\u011fimiz bir kad\u0131n\u0131n anlatt\u0131\u011f\u0131 fantastik hikayeler \u00fczerinden ger\u00e7e\u011fin izini s\u00fcr\u00fcyoruz romanda kimi zaman. Tek e\u015fyas\u0131 olan k\u0131rm\u0131z\u0131 ayakkab\u0131lar\u0131n\u0131 elinde ta\u015f\u0131yarak kendisine anne-baba arayan k\u0131z \u00e7ocu\u011fu bir insan\u0131n i\u00e7inde \u00f6m\u00fcr boyu nas\u0131l ya\u015far; bunu d\u00fc\u015f\u00fcn\u00fcyoruz. Kimi zaman, bizi kaya gibi \u00e7arpan sert ger\u00e7ekli\u011fin eksik par\u00e7alar\u0131 yol g\u00f6steriyor. Roman\u0131n sonunda bu par\u00e7alar\u0131n hepsi birle\u015ferek bizi \u015fa\u015f\u0131rtacak.    Y\u0131l\u0131n En Uzun Gecesinde D\u00fczenlenen Bir Gece ve Gece \u0130sminde Bir Kad\u0131n  Y\u0131l\u0131n en uzun gecesi, 21 Aral\u0131k gecesi, \u00fcnl\u00fc bestekar Deniz \u0130lter i\u00e7in b\u00fcy\u00fck bir gece d\u00fczenlenmektedir. Gece isminde bir kad\u0131n \u015fatafatl\u0131 geceye \u00fczerinde d\u00fcmd\u00fcz, sade bir siyah elbise ve d\u00fcmd\u00fcz siyah ayakkab\u0131larla girer. Salonda hi\u00e7 kimseyi umursamadan y\u00fcr\u00fcmektedir. Deniz \u0130lter\u2019in o\u011flu Kaya, uzaktan izledi\u011fi Gece\u2019nin her hareketini bize hayranl\u0131kla aktar\u0131r. Y\u0131llar \u00f6nce tutkulu bir a\u015fk ya\u015farlarken Gece\u2019nin Kaya\u2019y\u0131 birdenbire, hi\u00e7bir neden belirtmeksizin terk etti\u011fini, birlikte \u00e7al\u0131\u015ft\u0131klar\u0131 orkestradan da ayr\u0131larak inzivaya \u00e7ekildi\u011fini \u00f6\u011freniriz. Kaya Gece\u2019nin onu neden terk etti\u011fini h\u00e2l\u00e2 merak etmekte, ama sorular\u0131na mant\u0131kl\u0131 bir cevap bulamamaktad\u0131r.    Denizden \u00c7\u0131kan K\u0131z Kim?  Deniz \u0130lter\u2019in hi\u00e7 kimsenin g\u00f6rmedi\u011fi k\u00fc\u00e7\u00fck bir k\u0131z \u00e7ocu\u011fu g\u00f6rd\u00fc\u011f\u00fcn\u00fc anlar\u0131z. K\u0131z denizden \u00e7\u0131km\u0131\u015ft\u0131r, sa\u00e7lar\u0131 \u0131slakt\u0131r ve beyaz bir gecelik giymektedir. Deniz \u0130lter\u2019i her yerde takip etmekte, hi\u00e7bir \u015fey s\u00f6ylemese de hesap soran bak\u0131\u015flar\u0131n\u0131 Deniz \u0130lter\u2019den hi\u00e7 ay\u0131rmamaktad\u0131r. K\u0131z\u0131n varl\u0131\u011f\u0131, Deniz \u0130lter\u2019in su\u00e7luluk duydu\u011fu bir s\u0131rr\u0131 oldu\u011funu hissettirir.  Bir ba\u015fka yerde, ba\u015fka zamanda, bo\u011fulmaktan kurtar\u0131lan gen\u00e7 bir kad\u0131n kendisine dair hi\u00e7bir \u015fey hat\u0131rlamamakta, ismini dahi bilmemektedir. Ona Nehir ad\u0131n\u0131 verirler. Polis mi psikanalist mi oldu\u011funu bilmedi\u011fimiz Ayd\u0131n, Nehir\u2019in anlatt\u0131\u011f\u0131 sembolik hikayelerden ger\u00e7e\u011fi bulmaya \u00e7al\u0131\u015f\u0131r. Nehir\u2019e \u00f6te beri getiren, ama onu tan\u0131mad\u0131\u011f\u0131n\u0131 iddia eden kad\u0131n\u0131n Deniz \u0130lter\u2019in e\u015fi Dolunay \u0130lter oldu\u011funu anlar.   Denizden \u00e7\u0131kar\u0131lan gen\u00e7 kad\u0131n\u0131n Deniz \u0130lter\u2019i takip eden k\u00fc\u00e7\u00fck k\u0131zla ilgisi ne? Herkesin g\u0131ptayla bakt\u0131\u011f\u0131 Deniz \u0130lter ailesi nas\u0131l bir s\u0131rr\u0131 sakl\u0131yor? T\u00fcm bunlar\u0131n Gece\u2019nin Kaya\u2019y\u0131 terk etmesiyle nas\u0131l bir ba\u011flant\u0131s\u0131 var? Ayd\u0131n ve Kaya bu sorular\u0131n izlerini s\u00fcrerler ve bu ba\u011flant\u0131lar ke\u015ffedildik\u00e7e romanda ta\u015flar yava\u015f yava\u015f yerine oturur.   Kar ve \u0130nci, Gizli \u00d6zne gibi, sonu ile okuru \u015fa\u015f\u0131rtan, s\u00fcrprizli bir \u201cson bak\u0131\u015fta a\u015fk\u201d roman\u0131. Ba\u015flarda gizem hep korunsa da roman\u0131n sonunda b\u00fct\u00fcn birdenbire anlam kazan\u0131yor.     \u201cKar\u201d Kim? \u201c\u0130nci\u201d Kim?  Nehir, denizde bir k\u0131z \u00e7ocu\u011funun \u00f6lmek \u00fczere oldu\u011funu s\u00f6yler. Suyun i\u00e7inde \u00f6l\u00fcmle kar\u015f\u0131la\u015fan kendisi midir, yoksa rahmindeki k\u0131z \u00e7ocu\u011fu mu? Ya da her ikisi birden?  Kar ve \u0130nci, farkl\u0131 okumalar\u0131 ayn\u0131 anda m\u00fcmk\u00fcn k\u0131lan bir roman. Kurmacan\u0131n s\u0131n\u0131rlar\u0131n\u0131 hem zorluyor hem de sorguluyor.  Kar ve \u0130nci bazen buz tutmu\u015f g\u00f6ller gibi donan, bazen de co\u015fkun nehirler gibi akan bir anlat\u0131. Metin, suyun b\u00fct\u00fcn formlar\u0131n\u0131 okura ya\u015fat\u0131yor ve hem \u201ckar\u201d\u0131 hem de \u201cinci\u201dyi bize bir su anlat\u0131s\u0131 i\u00e7inden hissettiriyor. \u00d6len k\u0131z \u00e7ocu\u011fu, Deniz \u0130lter ile Dolunay \u0130lter\u2019\u0131n \u00f6len k\u0131zlar\u0131 Kar m\u0131? Kar, Karin\u2019in k\u0131saltmas\u0131 m\u0131? K\u00fc\u00e7\u00fck k\u0131z\u0131n \u201cinci\u201d y\u00fcz\u00fcnden \u00f6ld\u00fcr\u00fcld\u00fc\u011f\u00fcn\u00fc hisseden Nehir, incinin suyun ne kadar derinindeyse o kadar g\u00fczelle\u015fece\u011fini de neden ayn\u0131 anda i\u00e7inde duyuyor? Dolunay \u0130lter\u2019in evlenmeden \u00f6nceki soyad\u0131 \u201c\u0130nci\u201d ve evlenerek feda etti\u011fi her \u015fey, do\u011fmadan \u00f6len benliklerimizin ifadesi olabilir mi?    Kar ve \u0130nci: Kendimizin Yas\u0131n\u0131 Tutman\u0131n Roman\u0131  Kar ve \u0130nci, bir yas roman\u0131. Do\u011fmadan \u00f6len benliklerimizin yas\u0131. Yaz\u0131n da\u011flar\u0131n kuytu k\u00f6\u015felerinde saklanan karlar gibi direnirsek, kendimizi kendimizden yeniden do\u011furmam\u0131z m\u00fcmk\u00fcn m\u00fc? Kar ve \u0130nci bu sorunun cevab\u0131n\u0131 Gece\u2019nin tutkuyla \u00e7ald\u0131\u011f\u0131 \u00e7ello ile veriyor. Fonda, Deniz \u0130lter\u2019in besteleriyle.   \u201cKar\u201d ve \u201c\u0130nci\u201d birle\u015febilir mi? Ayn\u0131 orkestrada \u00e7alan Kaya ve Gece, keman ve \u00e7ello, farkl\u0131 enstr\u00fcmanlar ayn\u0131 anda birbirlerine ses ve g\u00fc\u00e7 verebilir mi? Ayr\u0131\u015f\u0131rken birle\u015febilmenin, cinselli\u011fin, arzunun bize farkl\u0131 semboller \u00fczerinden bir hikaye ile g\u00f6sterilmesine \u015fahitlik ediyoruz Kar ve \u0130nci\u2019de.  <\/p>\n","protected":false},"excerpt":{"rendered":"<p>Edebiyat ile Psikolojinin Kesi\u015fimi: Kar ve \u0130nci Kar ve \u0130nci, edebiyat ile psikolojiyi harmanlayan bir roman. \u201cZihni unutmu\u015ftu. Ama duygular\u0131 hat\u0131rl\u0131yordu.\u201d dedi\u011fimiz bir kad\u0131n\u0131n anlatt\u0131\u011f\u0131 fantastik<span class=\"excerpt-hellip\"> [\u2026]<\/span><\/p>\n","protected":false},"featured_media":0,"template":"","meta":{"_monsterinsights_skip_tracking":false,"_monsterinsights_sitenote_active":false,"_monsterinsights_sitenote_note":"","_monsterinsights_sitenote_category":0},"product_brand":[],"product_cat":[12291,12711],"product_tag":[],"class_list":{"0":"post-772812","1":"product","2":"type-product","3":"status-publish","5":"product_cat-edebiyat","6":"product_cat-roman-oyku","7":"pa_cilt-ciltsiz","8":"pa_tur-kitap","9":"pa_yayinevi-okuyan-us-yayin","10":"pa_yazar-nihan-kaya","12":"first","13":"instock","14":"sale","15":"shipping-taxable","16":"purchasable","17":"product-type-simple"},"_links":{"self":[{"href":"https:\/\/roveyayinevi.com.tr\/index.php\/wp-json\/wp\/v2\/product\/772812","targetHints":{"allow":["GET"]}}],"collection":[{"href":"https:\/\/roveyayinevi.com.tr\/index.php\/wp-json\/wp\/v2\/product"}],"about":[{"href":"https:\/\/roveyayinevi.com.tr\/index.php\/wp-json\/wp\/v2\/types\/product"}],"wp:attachment":[{"href":"https:\/\/roveyayinevi.com.tr\/index.php\/wp-json\/wp\/v2\/media?parent=772812"}],"wp:term":[{"taxonomy":"product_brand","embeddable":true,"href":"https:\/\/roveyayinevi.com.tr\/index.php\/wp-json\/wp\/v2\/product_brand?post=772812"},{"taxonomy":"product_cat","embeddable":true,"href":"https:\/\/roveyayinevi.com.tr\/index.php\/wp-json\/wp\/v2\/product_cat?post=772812"},{"taxonomy":"product_tag","embeddable":true,"href":"https:\/\/roveyayinevi.com.tr\/index.php\/wp-json\/wp\/v2\/product_tag?post=772812"}],"curies":[{"name":"wp","href":"https:\/\/api.w.org\/{rel}","templated":true}]}}