{"id":772808,"date":"2025-08-28T15:53:08","date_gmt":"2025-08-28T12:53:08","guid":{"rendered":"https:\/\/roveyayinevi.com.tr\/index.php\/urun\/tedirgin-yeni-dunya\/"},"modified":"2026-04-15T03:38:57","modified_gmt":"2026-04-15T00:38:57","slug":"tedirgin-yeni-dunya","status":"publish","type":"product","link":"https:\/\/roveyayinevi.com.tr\/index.php\/urun\/tedirgin-yeni-dunya\/","title":{"rendered":"Tedirgin Yeni D\u00fcnya"},"content":{"rendered":"<p>Belirsizlik \u00c7a\u011f\u0131nda Bir Yol Haritas\u0131, \u00c7arp\u0131c\u0131 Bir \u00c7a\u011fr\u0131 ve Dayan\u0131\u015fman\u0131n Dayan\u0131lmaz Hafifli\u011fi   D\u00fcnyan\u0131n d\u00f6rt bir yan\u0131nda artan toplumsal e\u015fitsizlik, ekonomik dalgalanmalar, iklim krizleri ve politik kutupla\u015fma\u2026 Modern hayat\u0131n her an\u0131na sirayet eden bu karma\u015f\u0131k sorunlar i\u00e7inde insanlar kendilerini daha k\u0131r\u0131lgan, daha yaln\u0131z ve daha \u201ctedirgin\u201d hissediyorlar. \u0130\u015fte tam bu noktada Astra Taylor\u2019\u0131n Tedirgin Yeni D\u00fcnya: Her \u015eey Alt\u00fcst Olurken Bir Araya Gelmek eseri devreye giriyor. Kitap, yaln\u0131zca bir analiz de\u011fil; ayn\u0131 zamanda kolektif bir uyan\u0131\u015f \u00e7a\u011fr\u0131s\u0131.   Kitap, \u201ctedirgin\u201d kavram\u0131n\u0131 sadece maddi eksiklikle s\u0131n\u0131rlam\u0131yor. Taylor, modern toplumda duygusal, sosyal ve k\u00fclt\u00fcrel g\u00fcvencesizlik bi\u00e7imlerini de g\u00f6z \u00f6n\u00fcne seriyor. \u0130ster tam zamanl\u0131 \u00e7al\u0131\u015fan bir ebeveyn olun, ister serbest \u00e7al\u0131\u015fan bir sanat\u00e7\u0131 ya da i\u015fini kaybetme korkusuyla ya\u015fayan bir beyaz yakal\u0131; hepimiz, bu sistemin bize dayatt\u0131\u011f\u0131 \u201ctedirginlik hissi\u201d ile ba\u015f etmeye \u00e7al\u0131\u015f\u0131yoruz.   Taylor\u2019\u0131n en \u00e7arp\u0131c\u0131 iddialar\u0131ndan biri \u015fu: Tedirginlik yaln\u0131zca bir yan \u00fcr\u00fcn de\u011fil; kapitalizmin temelinde yatan bilin\u00e7li bir strateji. \u0130nsanlar ne kadar kendilerini k\u0131r\u0131lgan hissederse, sisteme o kadar ba\u011f\u0131ml\u0131 hale gelirler.     Kapitalizmin \u0130nce Ayar\u0131: Tedirginlik Halinin \u00dcretimi   Taylor, tedirgin olma halinin kapitalizmin \u201ckazara\u201d yaratt\u0131\u011f\u0131 bir yan \u00fcr\u00fcn olmad\u0131\u011f\u0131n\u0131; aksine, sistemin s\u00fcrd\u00fcr\u00fclebilirli\u011fi i\u00e7in bilin\u00e7li bi\u00e7imde \u00fcretildi\u011fini \u00f6ne s\u00fcr\u00fcyor. Kendisini yetersiz hisseden, gelece\u011finden emin olamayan bireyler daha \u00e7ok \u00e7al\u0131\u015f\u0131yor, daha az sorguluyor, daha fazla t\u00fcketiyor.   Bu yakla\u015f\u0131m, Taylor\u2019\u0131n aktivist ge\u00e7mi\u015fiyle birle\u015fince kitap sadece bir analiz metni olmaktan \u00e7\u0131k\u0131yor, bir uyar\u0131 ziline, hatta bir kolektif \u00e7a\u011fr\u0131ya d\u00f6n\u00fc\u015f\u00fcyor. \u201cTedirgin haliniz ka\u00e7\u0131n\u0131lmaz de\u011fil, normalle\u015ftirilmi\u015f bir \u015fiddet bi\u00e7imidir,\u201d diyor Taylor ve bu fikri \u00f6rneklerle, deneyimlerle ve teorik arka planla peki\u015ftiriyor.     Ki\u015fisel Olan Politik De\u011fil mi Zaten?   Taylor, anlat\u0131s\u0131n\u0131 kuru verilerle de\u011fil, ki\u015fisel hik\u00e2yeler ve bireysel deneyimlerle \u00f6r\u00fcyor. Kanada\u2019daki g\u00f6\u00e7men k\u00f6kenli \u00e7ocuklu\u011fundan, \u00f6\u011frenci borcu kriziyle bo\u011fu\u015fan gen\u00e7lik y\u0131llar\u0131na kadar uzanan ya\u015fam\u0131, anlat\u0131ya hem i\u00e7tenlik hem de me\u015fruiyet kazand\u0131r\u0131yor.   \u00d6zellikle 2010\u2019larda y\u00fckselen Occupy Wall Street hareketiyle birlikte \u015fekillenen politik bilinci, kitab\u0131n d\u00fc\u015f\u00fcnsel omurgas\u0131n\u0131 olu\u015fturuyor. Bug\u00fcn\u00fcn krizlerini ge\u00e7mi\u015fle ili\u015fkilendiren Taylor, \u00e7\u00f6z\u00fcm\u00fc de ge\u00e7mi\u015fteki direni\u015f bi\u00e7imlerinde ve gelece\u011fe dair dayan\u0131\u015fma olas\u0131l\u0131klar\u0131nda ar\u0131yor.     Dayan\u0131\u015fma M\u00fcmk\u00fcn m\u00fc?   Taylor, kitab\u0131n ikinci yar\u0131s\u0131nda \u00e7\u00f6z\u00fcmlere odaklan\u0131yor: Karamsarl\u0131\u011f\u0131 a\u015fman\u0131n yolu dayan\u0131\u015fmadan, kolektif hareketlerden ve toplumsal \u00f6rg\u00fctlenmeden ge\u00e7iyor. \u201cBirlikte tedirginiz\u201d diyen Taylor, bu ortak deneyimi bir zay\u0131fl\u0131k de\u011fil, bir g\u00fc\u00e7 olarak g\u00f6rmeyi \u00f6neriyor. Ona g\u00f6re as\u0131l mesele, bu ortakl\u0131\u011f\u0131n fark\u0131na varmak ve onu d\u00f6n\u00fc\u015ft\u00fcr\u00fcc\u00fc bir g\u00fcce \u00e7evirmek.   Kitab\u0131n en \u00e7arp\u0131c\u0131 y\u00f6nlerinden biri, karamsarl\u0131\u011fa saplanmamas\u0131. Tedirginlik duygusu kar\u015f\u0131s\u0131nda i\u00e7e kapanmak yerine, birlikte hareket etmenin, ortakla\u015fman\u0131n ve dayan\u0131\u015fma bi\u00e7imlerinin \u00e7o\u011falt\u0131lmas\u0131n\u0131n \u00f6nemini vurguluyor. Her \u015eey Alt\u00fcst Olurken Bir Araya Gelmek alt ba\u015fl\u0131\u011f\u0131 da tam olarak bunu s\u00f6yl\u00fcyor: Her \u015fey da\u011f\u0131l\u0131rken dahi bir araya gelebiliriz.   <\/p>\n","protected":false},"excerpt":{"rendered":"<p>Belirsizlik \u00c7a\u011f\u0131nda Bir Yol Haritas\u0131, \u00c7arp\u0131c\u0131 Bir \u00c7a\u011fr\u0131 ve Dayan\u0131\u015fman\u0131n Dayan\u0131lmaz Hafifli\u011fi D\u00fcnyan\u0131n d\u00f6rt bir yan\u0131nda artan toplumsal e\u015fitsizlik, ekonomik dalgalanmalar, iklim krizleri ve politik kutupla\u015fma\u2026<span class=\"excerpt-hellip\"> [\u2026]<\/span><\/p>\n","protected":false},"featured_media":0,"template":"","meta":{"_monsterinsights_skip_tracking":false,"_monsterinsights_sitenote_active":false,"_monsterinsights_sitenote_note":"","_monsterinsights_sitenote_category":0},"product_brand":[],"product_cat":[12357],"product_tag":[],"class_list":{"0":"post-772808","1":"product","2":"type-product","3":"status-publish","5":"product_cat-psikoloji","6":"pa_cilt-ciltsiz","7":"pa_tur-kitap","8":"pa_yayinevi-okuyan-us-yayin","9":"pa_yazar-astra-taylor","11":"first","12":"instock","13":"sale","14":"shipping-taxable","15":"purchasable","16":"product-type-simple"},"_links":{"self":[{"href":"https:\/\/roveyayinevi.com.tr\/index.php\/wp-json\/wp\/v2\/product\/772808","targetHints":{"allow":["GET"]}}],"collection":[{"href":"https:\/\/roveyayinevi.com.tr\/index.php\/wp-json\/wp\/v2\/product"}],"about":[{"href":"https:\/\/roveyayinevi.com.tr\/index.php\/wp-json\/wp\/v2\/types\/product"}],"wp:attachment":[{"href":"https:\/\/roveyayinevi.com.tr\/index.php\/wp-json\/wp\/v2\/media?parent=772808"}],"wp:term":[{"taxonomy":"product_brand","embeddable":true,"href":"https:\/\/roveyayinevi.com.tr\/index.php\/wp-json\/wp\/v2\/product_brand?post=772808"},{"taxonomy":"product_cat","embeddable":true,"href":"https:\/\/roveyayinevi.com.tr\/index.php\/wp-json\/wp\/v2\/product_cat?post=772808"},{"taxonomy":"product_tag","embeddable":true,"href":"https:\/\/roveyayinevi.com.tr\/index.php\/wp-json\/wp\/v2\/product_tag?post=772808"}],"curies":[{"name":"wp","href":"https:\/\/api.w.org\/{rel}","templated":true}]}}