{"id":772807,"date":"2025-08-28T15:53:07","date_gmt":"2025-08-28T12:53:07","guid":{"rendered":"https:\/\/roveyayinevi.com.tr\/index.php\/urun\/memnu-arapca-kutu-oyunu\/"},"modified":"2026-04-15T03:38:57","modified_gmt":"2026-04-15T00:38:57","slug":"memnu-arapca-kutu-oyunu","status":"publish","type":"product","link":"https:\/\/roveyayinevi.com.tr\/index.php\/urun\/memnu-arapca-kutu-oyunu\/","title":{"rendered":"Memnu Arap\u00e7a Kutu Oyunu"},"content":{"rendered":"<p>Memnu Arap\u00e7a nedir ve ne i\u015fe yarar? Memnu Arap\u00e7a, i\u00e7eri\u011finde arkal\u0131 \u00f6nl\u00fc 72 kart ve 864 kelime bar\u0131nd\u0131rmas\u0131 ile dolayl\u0131 olarak yakla\u015f\u0131k 3000 kelime \u00f6\u011fretmeyi hedefleyen bir kelime oyunudur. Kelime bilgisi ve konu\u015fma becerisini art\u0131r\u0131r. Yarat\u0131c\u0131 d\u00fc\u015f\u00fcnme ve zihinsel esneklik becerisini geli\u015ftirir. Etkili ileti\u015fim kurma becerisi kazand\u0131r. Arap\u00e7a \u00f6\u011frenimini e\u011flenceli hale getirir. Grup \u00e7al\u0131\u015fmas\u0131nda ileti\u015fimi, i\u015f birli\u011fini ve problem \u00e7\u00f6zme becerilerini geli\u015ftirir. Nas\u0131l oynan\u0131r? Oyun, iki veya daha fazla ki\u015fi ya da tak\u0131m aras\u0131nda oynan\u0131r. Her tak\u0131mdan bir ki\u015fi &#8220;anlat\u0131c\u0131&#8221; olarak se\u00e7ilir. Anlat\u0131c\u0131, karttaki soru kelimesini, alt\u0131nda yer alan yasakl\u0131 5 kelimeyi kullanmadan anlatmaya \u00e7al\u0131\u015f\u0131r. Anlat\u0131c\u0131, belirlenen s\u00fcre i\u00e7inde tak\u0131m arkada\u015flar\u0131n\u0131n kelimeyi tahmin etmesini sa\u011flar. Anlat\u0131c\u0131n\u0131n yasakl\u0131 kelimelerden birini kullanmas\u0131 halinde tak\u0131m\u0131n\u0131n puan hanesinden bir puan eksilir. Soru kelimesinin do\u011fru tahmin edilmesi halinde ise, tak\u0131m\u0131n hanesine bir puan eklenir ve anlat\u0131c\u0131 bir sonraki karta ge\u00e7er. Oyunun sonunda en \u00e7ok puan\u0131 toplayan tak\u0131m oyunun kazanan\u0131 olur. Her anlat\u0131c\u0131n\u0131n belirlenen s\u00fcre i\u00e7erisinde toplamda en fazla 3 pas hakk\u0131 bulunmaktad\u0131r.<\/p>\n","protected":false},"excerpt":{"rendered":"<p>Memnu Arap\u00e7a nedir ve ne i\u015fe yarar? Memnu Arap\u00e7a, i\u00e7eri\u011finde arkal\u0131 \u00f6nl\u00fc 72 kart ve 864 kelime bar\u0131nd\u0131rmas\u0131 ile dolayl\u0131 olarak yakla\u015f\u0131k 3000 kelime \u00f6\u011fretmeyi hedefleyen<span class=\"excerpt-hellip\"> [\u2026]<\/span><\/p>\n","protected":false},"featured_media":0,"template":"","meta":{"_monsterinsights_skip_tracking":false,"_monsterinsights_sitenote_active":false,"_monsterinsights_sitenote_note":"","_monsterinsights_sitenote_category":0},"product_brand":[],"product_cat":[139410,15563],"product_tag":[],"class_list":{"0":"post-772807","1":"product","2":"type-product","3":"status-publish","5":"product_cat-buyukler-icin-oyun","6":"product_cat-hobi","7":"pa_cilt-ciltsiz","8":"pa_tur-kitap10","9":"pa_yayinevi-delta-kultur-yayinevi","10":"pa_yazar-emrah-dilek-mahmut-kalkan","12":"first","13":"instock","14":"sale","15":"shipping-taxable","16":"purchasable","17":"product-type-simple"},"_links":{"self":[{"href":"https:\/\/roveyayinevi.com.tr\/index.php\/wp-json\/wp\/v2\/product\/772807","targetHints":{"allow":["GET"]}}],"collection":[{"href":"https:\/\/roveyayinevi.com.tr\/index.php\/wp-json\/wp\/v2\/product"}],"about":[{"href":"https:\/\/roveyayinevi.com.tr\/index.php\/wp-json\/wp\/v2\/types\/product"}],"wp:attachment":[{"href":"https:\/\/roveyayinevi.com.tr\/index.php\/wp-json\/wp\/v2\/media?parent=772807"}],"wp:term":[{"taxonomy":"product_brand","embeddable":true,"href":"https:\/\/roveyayinevi.com.tr\/index.php\/wp-json\/wp\/v2\/product_brand?post=772807"},{"taxonomy":"product_cat","embeddable":true,"href":"https:\/\/roveyayinevi.com.tr\/index.php\/wp-json\/wp\/v2\/product_cat?post=772807"},{"taxonomy":"product_tag","embeddable":true,"href":"https:\/\/roveyayinevi.com.tr\/index.php\/wp-json\/wp\/v2\/product_tag?post=772807"}],"curies":[{"name":"wp","href":"https:\/\/api.w.org\/{rel}","templated":true}]}}