{"id":772806,"date":"2025-08-28T15:53:05","date_gmt":"2025-08-28T12:53:05","guid":{"rendered":"https:\/\/roveyayinevi.com.tr\/index.php\/urun\/caliskan-ayi-insaat-ustasi-hareketli-kitap\/"},"modified":"2026-04-15T03:38:57","modified_gmt":"2026-04-15T00:38:57","slug":"caliskan-ayi-insaat-ustasi-hareketli-kitap","status":"publish","type":"product","link":"https:\/\/roveyayinevi.com.tr\/index.php\/urun\/caliskan-ayi-insaat-ustasi-hareketli-kitap\/","title":{"rendered":"\u00c7al\u0131\u015fkan Ay\u0131 &#8211; \u0130n\u015faat Ustas\u0131 (Hareketli Kitap)"},"content":{"rendered":"<p>Ke\u015ffedip \u00f6\u011frenecek ne \u00e7ok \u015fey var! \u00c7al\u0131\u015fkan Ay\u0131 in\u015faat alan\u0131nda \u00e7ok \u00e7al\u0131\u015f\u0131yor! Motor becerileri geli\u015ftirmeye yard\u0131mc\u0131, hareketli kollar ve s\u00fcrpriz pencerelerle \u00e7ok e\u011flenceli!   \u0130n\u015faat ara\u00e7lar\u0131n\u0131 seven minikler bu kitaba bay\u0131lacak!<\/p>\n","protected":false},"excerpt":{"rendered":"<p>Ke\u015ffedip \u00f6\u011frenecek ne \u00e7ok \u015fey var! \u00c7al\u0131\u015fkan Ay\u0131 in\u015faat alan\u0131nda \u00e7ok \u00e7al\u0131\u015f\u0131yor! Motor becerileri geli\u015ftirmeye yard\u0131mc\u0131, hareketli kollar ve s\u00fcrpriz pencerelerle \u00e7ok e\u011flenceli! \u0130n\u015faat ara\u00e7lar\u0131n\u0131 seven<span class=\"excerpt-hellip\"> [\u2026]<\/span><\/p>\n","protected":false},"featured_media":0,"template":"","meta":{"_monsterinsights_skip_tracking":false,"_monsterinsights_sitenote_active":false,"_monsterinsights_sitenote_note":"","_monsterinsights_sitenote_category":0},"product_brand":[],"product_cat":[12274,12518],"product_tag":[],"class_list":{"0":"post-772806","1":"product","2":"type-product","3":"status-publish","5":"product_cat-cocuk-ve-genclik-kitaplari","6":"product_cat-okul-oncesi-kitaplar","7":"pa_cilt-ciltli","8":"pa_tur-kitap","9":"pa_yayinevi-buyulu-fener-yayinlari","10":"pa_yazar-benji-davies","12":"first","13":"instock","14":"sale","15":"shipping-taxable","16":"purchasable","17":"product-type-simple"},"_links":{"self":[{"href":"https:\/\/roveyayinevi.com.tr\/index.php\/wp-json\/wp\/v2\/product\/772806","targetHints":{"allow":["GET"]}}],"collection":[{"href":"https:\/\/roveyayinevi.com.tr\/index.php\/wp-json\/wp\/v2\/product"}],"about":[{"href":"https:\/\/roveyayinevi.com.tr\/index.php\/wp-json\/wp\/v2\/types\/product"}],"wp:attachment":[{"href":"https:\/\/roveyayinevi.com.tr\/index.php\/wp-json\/wp\/v2\/media?parent=772806"}],"wp:term":[{"taxonomy":"product_brand","embeddable":true,"href":"https:\/\/roveyayinevi.com.tr\/index.php\/wp-json\/wp\/v2\/product_brand?post=772806"},{"taxonomy":"product_cat","embeddable":true,"href":"https:\/\/roveyayinevi.com.tr\/index.php\/wp-json\/wp\/v2\/product_cat?post=772806"},{"taxonomy":"product_tag","embeddable":true,"href":"https:\/\/roveyayinevi.com.tr\/index.php\/wp-json\/wp\/v2\/product_tag?post=772806"}],"curies":[{"name":"wp","href":"https:\/\/api.w.org\/{rel}","templated":true}]}}