{"id":772805,"date":"2025-08-28T15:53:04","date_gmt":"2025-08-28T12:53:04","guid":{"rendered":"https:\/\/roveyayinevi.com.tr\/index.php\/urun\/devrim-mutfagi\/"},"modified":"2026-04-15T03:38:57","modified_gmt":"2026-04-15T00:38:57","slug":"devrim-mutfagi","status":"publish","type":"product","link":"https:\/\/roveyayinevi.com.tr\/index.php\/urun\/devrim-mutfagi\/","title":{"rendered":"Devrim Mutfa\u011f\u0131"},"content":{"rendered":"<p>\u0130lgin\u00e7 al\u0131\u015fkanl\u0131klar\u0131, \u00f6ng\u00f6r\u00fclmesi g\u00fc\u00e7 hamleleri, zaman\u0131n \u00f6tesindeki fikir ve d\u00fc\u015f\u00fcnceleriyle tarihin ak\u0131\u015f\u0131n\u0131 de\u011fi\u015ftirmeyi ba\u015farabilmi\u015f devrimcilerin sofralar\u0131nda neler oldu\u011funu hi\u00e7 merak ettiniz mi?Onlar\u0131n yapt\u0131klar\u0131, nerelere gittikleri, kimlerle g\u00f6r\u00fc\u015ft\u00fckleri, eylemleri ve d\u00fc\u015f\u00fcnce d\u00fcnyalar\u0131 tarihin sayfalar\u0131n\u0131 sat\u0131r sat\u0131r doldururken ne yiyip i\u00e7tikleri \u00fczerinde pek durulmam\u0131\u015ft\u0131r&#8230;Tabii bug\u00fcne kadar!Bengi Ba\u015faran ve Umur Talu\u2019nun titiz ara\u015ft\u0131rmalar\u0131 sonucu kaleme ald\u0131klar\u0131 Devrim Mutfa\u011f\u0131\u2019nda bazen b\u00fcy\u00fck, g\u00f6rkemli, bazen de zorlu ko\u015fullarda ve k\u0131s\u0131tl\u0131 imk\u00e2nlarla kurulan k\u00fc\u00e7\u00fck sofralara davetlisiniz.Ve hepsinin ortak bir y\u00f6n\u00fc var: Enfes g\u00f6r\u00fcn\u00fcyorlar!Marx\u2019tan Napolyon\u2019a, Fidel\u2019den Atat\u00fcrk\u2019e, Deniz ve Mahir\u2019den Mother Jones\u2019a bir\u00e7ok devrimcinin sofralar\u0131nda yer edinip damak tatland\u0131rm\u0131\u015f tarifleri bulabilece\u011finiz bu eserde, devrimci ya\u015famlara dair s\u0131rad\u0131\u015f\u0131 bir anlat\u0131yla da kar\u015f\u0131la\u015facaks\u0131n\u0131z.E\u015fitlik, \u00f6zg\u00fcrl\u00fck ve hak m\u00fccadelesinin kokular\u0131n\u0131n sindi\u011fi Devrim Mutfa\u011f\u0131\u2019na ho\u015fgeldiniz!<\/p>\n","protected":false},"excerpt":{"rendered":"<p>\u0130lgin\u00e7 al\u0131\u015fkanl\u0131klar\u0131, \u00f6ng\u00f6r\u00fclmesi g\u00fc\u00e7 hamleleri, zaman\u0131n \u00f6tesindeki fikir ve d\u00fc\u015f\u00fcnceleriyle tarihin ak\u0131\u015f\u0131n\u0131 de\u011fi\u015ftirmeyi ba\u015farabilmi\u015f devrimcilerin sofralar\u0131nda neler oldu\u011funu hi\u00e7 merak ettiniz mi?Onlar\u0131n yapt\u0131klar\u0131, nerelere gittikleri, kimlerle<span class=\"excerpt-hellip\"> [\u2026]<\/span><\/p>\n","protected":false},"featured_media":0,"template":"","meta":{"_monsterinsights_skip_tracking":false,"_monsterinsights_sitenote_active":false,"_monsterinsights_sitenote_note":"","_monsterinsights_sitenote_category":0},"product_brand":[],"product_cat":[22706,12457],"product_tag":[],"class_list":{"0":"post-772805","1":"product","2":"type-product","3":"status-publish","5":"product_cat-dunya-mutfagi","6":"product_cat-yemek-kitaplari","7":"pa_cilt-ciltsiz","8":"pa_tur-kitap","9":"pa_yayinevi-kafka-yayinevi","10":"pa_yazar-bengi-basaran-umur-talu","12":"first","13":"instock","14":"sale","15":"shipping-taxable","16":"purchasable","17":"product-type-simple"},"_links":{"self":[{"href":"https:\/\/roveyayinevi.com.tr\/index.php\/wp-json\/wp\/v2\/product\/772805","targetHints":{"allow":["GET"]}}],"collection":[{"href":"https:\/\/roveyayinevi.com.tr\/index.php\/wp-json\/wp\/v2\/product"}],"about":[{"href":"https:\/\/roveyayinevi.com.tr\/index.php\/wp-json\/wp\/v2\/types\/product"}],"wp:attachment":[{"href":"https:\/\/roveyayinevi.com.tr\/index.php\/wp-json\/wp\/v2\/media?parent=772805"}],"wp:term":[{"taxonomy":"product_brand","embeddable":true,"href":"https:\/\/roveyayinevi.com.tr\/index.php\/wp-json\/wp\/v2\/product_brand?post=772805"},{"taxonomy":"product_cat","embeddable":true,"href":"https:\/\/roveyayinevi.com.tr\/index.php\/wp-json\/wp\/v2\/product_cat?post=772805"},{"taxonomy":"product_tag","embeddable":true,"href":"https:\/\/roveyayinevi.com.tr\/index.php\/wp-json\/wp\/v2\/product_tag?post=772805"}],"curies":[{"name":"wp","href":"https:\/\/api.w.org\/{rel}","templated":true}]}}