{"id":772803,"date":"2025-08-28T15:53:00","date_gmt":"2025-08-28T12:53:00","guid":{"rendered":"https:\/\/roveyayinevi.com.tr\/index.php\/urun\/cennetin-tanrilari\/"},"modified":"2025-10-23T11:51:16","modified_gmt":"2025-10-23T08:51:16","slug":"cennetin-tanrilari","status":"publish","type":"product","link":"https:\/\/roveyayinevi.com.tr\/index.php\/urun\/cennetin-tanrilari\/","title":{"rendered":"Cennetin Tanr\u0131lar\u0131"},"content":{"rendered":"<p>M\u0131s\u0131r\u2019\u0131n Giza Platosu\u2019ndaki kumlarla gizli yap\u0131lar B\u00fcy\u00fck Piramit&#8217;le ve M\u0131s\u0131r uygarl\u0131\u011f\u0131n\u0131n in\u015fa etmeyi mucizevi bir bi\u00e7imde ba\u015fard\u0131\u011f\u0131 k\u00fclt\u00fcr\u00fcn ard\u0131nda yatan t\u00fcm di\u011fer teknolojilerle ilgili s\u0131r perdesini aralayabilecek mi?  \u00c7\u0131\u011f\u0131r a\u00e7an Meleklerin K\u00fcllerinden ve G\u00f6beklitepe adl\u0131 kitaplar\u0131n \u00fcnl\u00fc yazar\u0131 Andrew Collins, Cennetin Tanr\u0131lar\u0131 kitab\u0131nda kutsal metinlerden antik d\u00f6nem mimarl\u0131k y\u00f6ntemlerine, y\u00f6n bilimden kavimlerin g\u00f6\u00e7lerine dek uzanan geni\u015f bir bak\u0131\u015f a\u00e7\u0131s\u0131yla M\u0131s\u0131rl\u0131lar\u2019\u0131n g\u00fcn\u00fcm\u00fczde bile e\u015fi bulunmaz bir teknolojiye sahip oldu\u011fu kan\u0131tlanm\u0131\u015f kadim k\u00fclt\u00fcr\u00fcn\u00fc zengin kaynaklarla destekleyerek okuyucular\u0131yla bulu\u015fturuyor. Collins M\u0131s\u0131r k\u00fclt\u00fcr\u00fcn\u00fcn mitoloji, arkeoloji ve ustala\u015ft\u0131klar\u0131 akustik teknolojilerle in\u015fa etti\u011fi devasa yap\u0131lar\u0131n nas\u0131l da M\u0131s\u0131r\u2019\u0131n k\u00f6kenini g\u00f6stermekte oldu\u011funu 20 y\u0131l\u0131 a\u015fan bir ara\u015ft\u0131rman\u0131n sonu\u00e7lar\u0131yla bizlere aktar\u0131yor.<\/p>\n","protected":false},"excerpt":{"rendered":"<p>M\u0131s\u0131r\u2019\u0131n Giza Platosu\u2019ndaki kumlarla gizli yap\u0131lar B\u00fcy\u00fck Piramit&#8217;le ve M\u0131s\u0131r uygarl\u0131\u011f\u0131n\u0131n in\u015fa etmeyi mucizevi bir bi\u00e7imde ba\u015fard\u0131\u011f\u0131 k\u00fclt\u00fcr\u00fcn ard\u0131nda yatan t\u00fcm di\u011fer teknolojilerle ilgili s\u0131r perdesini<span class=\"excerpt-hellip\"> [\u2026]<\/span><\/p>\n","protected":false},"featured_media":0,"template":"","meta":{"_monsterinsights_skip_tracking":false,"_monsterinsights_sitenote_active":false,"_monsterinsights_sitenote_note":"","_monsterinsights_sitenote_category":0},"product_brand":[],"product_cat":[12718,12858],"product_tag":[],"class_list":{"0":"post-772803","1":"product","2":"type-product","3":"status-publish","5":"product_cat-din","6":"product_cat-mitolojiler","7":"pa_cilt-ciltsiz","8":"pa_tur-kitap","9":"pa_yayinevi-kapi-yayinlari","10":"pa_yazar-andrew-collins","12":"first","13":"instock","14":"sale","15":"shipping-taxable","16":"purchasable","17":"product-type-simple"},"_links":{"self":[{"href":"https:\/\/roveyayinevi.com.tr\/index.php\/wp-json\/wp\/v2\/product\/772803","targetHints":{"allow":["GET"]}}],"collection":[{"href":"https:\/\/roveyayinevi.com.tr\/index.php\/wp-json\/wp\/v2\/product"}],"about":[{"href":"https:\/\/roveyayinevi.com.tr\/index.php\/wp-json\/wp\/v2\/types\/product"}],"wp:attachment":[{"href":"https:\/\/roveyayinevi.com.tr\/index.php\/wp-json\/wp\/v2\/media?parent=772803"}],"wp:term":[{"taxonomy":"product_brand","embeddable":true,"href":"https:\/\/roveyayinevi.com.tr\/index.php\/wp-json\/wp\/v2\/product_brand?post=772803"},{"taxonomy":"product_cat","embeddable":true,"href":"https:\/\/roveyayinevi.com.tr\/index.php\/wp-json\/wp\/v2\/product_cat?post=772803"},{"taxonomy":"product_tag","embeddable":true,"href":"https:\/\/roveyayinevi.com.tr\/index.php\/wp-json\/wp\/v2\/product_tag?post=772803"}],"curies":[{"name":"wp","href":"https:\/\/api.w.org\/{rel}","templated":true}]}}