{"id":772802,"date":"2025-08-28T15:52:58","date_gmt":"2025-08-28T12:52:58","guid":{"rendered":"https:\/\/roveyayinevi.com.tr\/index.php\/urun\/iliskiler-uzerine\/"},"modified":"2026-04-08T03:35:35","modified_gmt":"2026-04-08T00:35:35","slug":"iliskiler-uzerine","status":"publish","type":"product","link":"https:\/\/roveyayinevi.com.tr\/index.php\/urun\/iliskiler-uzerine\/","title":{"rendered":"\u0130li\u015fkiler  \u00dczerine"},"content":{"rendered":"<p>\u0130nsana en \u00e7ok mutluluk vadeden \u015feylerden biri ku\u015fkusuz ili\u015fkilerdir. Ancak ayn\u0131 \u015fekilde mutsuzluk ve hayal k\u0131r\u0131kl\u0131\u011f\u0131n\u0131 getirmesi en garanti kavramlardan biri de bizzat odur. Hatal\u0131 oldu\u011fumuz nokta, sevmeyi do\u011fu\u015ftan bildi\u011fimizi ve bu nedenle bir ili\u015fkiyi y\u00fcr\u00fctmenin sezgisel ve kolay olabilece\u011fini varsaymakt\u0131r. Bu kitap ise farkl\u0131 bir yakla\u015f\u0131mdan yola \u00e7\u0131k\u0131yor. Sevginin yaln\u0131zca hissedilen bir duygu de\u011fil, \u00f6\u011frenilmesi gereken bir beceri oldu\u011funu \u00f6ne s\u00fcr\u00fcyor. Tart\u0131\u015fmalardan cinselli\u011fe, affetmekten ileti\u015fime kadar ili\u015fkilerin temel konular\u0131n\u0131 sakin ve etkileyici bir \u015fekilde ele al\u0131yor ve a\u015fkta ba\u015far\u0131ya ula\u015fman\u0131n bir daha asla \u015fans meselesi olmamas\u0131 i\u00e7in benzersiz bir rehberlik sunuyor.<\/p>\n","protected":false},"excerpt":{"rendered":"<p>\u0130nsana en \u00e7ok mutluluk vadeden \u015feylerden biri ku\u015fkusuz ili\u015fkilerdir. Ancak ayn\u0131 \u015fekilde mutsuzluk ve hayal k\u0131r\u0131kl\u0131\u011f\u0131n\u0131 getirmesi en garanti kavramlardan biri de bizzat odur. Hatal\u0131 oldu\u011fumuz<span class=\"excerpt-hellip\"> [\u2026]<\/span><\/p>\n","protected":false},"featured_media":0,"template":"","meta":{"_monsterinsights_skip_tracking":false,"_monsterinsights_sitenote_active":false,"_monsterinsights_sitenote_note":"","_monsterinsights_sitenote_category":0},"product_brand":[],"product_cat":[12364,12376],"product_tag":[],"class_list":{"0":"post-772802","1":"product","2":"type-product","3":"status-publish","5":"product_cat-genel-konular","6":"product_cat-kisisel-gelisim","7":"pa_cilt-ciltsiz","8":"pa_tur-kitap","9":"pa_yayinevi-mona-kitap","10":"pa_yazar-kolektif","12":"first","13":"instock","14":"sale","15":"shipping-taxable","16":"purchasable","17":"product-type-simple"},"_links":{"self":[{"href":"https:\/\/roveyayinevi.com.tr\/index.php\/wp-json\/wp\/v2\/product\/772802","targetHints":{"allow":["GET"]}}],"collection":[{"href":"https:\/\/roveyayinevi.com.tr\/index.php\/wp-json\/wp\/v2\/product"}],"about":[{"href":"https:\/\/roveyayinevi.com.tr\/index.php\/wp-json\/wp\/v2\/types\/product"}],"wp:attachment":[{"href":"https:\/\/roveyayinevi.com.tr\/index.php\/wp-json\/wp\/v2\/media?parent=772802"}],"wp:term":[{"taxonomy":"product_brand","embeddable":true,"href":"https:\/\/roveyayinevi.com.tr\/index.php\/wp-json\/wp\/v2\/product_brand?post=772802"},{"taxonomy":"product_cat","embeddable":true,"href":"https:\/\/roveyayinevi.com.tr\/index.php\/wp-json\/wp\/v2\/product_cat?post=772802"},{"taxonomy":"product_tag","embeddable":true,"href":"https:\/\/roveyayinevi.com.tr\/index.php\/wp-json\/wp\/v2\/product_tag?post=772802"}],"curies":[{"name":"wp","href":"https:\/\/api.w.org\/{rel}","templated":true}]}}