{"id":772801,"date":"2025-08-28T15:52:57","date_gmt":"2025-08-28T12:52:57","guid":{"rendered":"https:\/\/roveyayinevi.com.tr\/index.php\/urun\/gunesin-cocuklari-lazlar\/"},"modified":"2026-01-27T04:08:06","modified_gmt":"2026-01-27T01:08:06","slug":"gunesin-cocuklari-lazlar","status":"publish","type":"product","link":"https:\/\/roveyayinevi.com.tr\/index.php\/urun\/gunesin-cocuklari-lazlar\/","title":{"rendered":"G\u00fcne\u015fin \u00c7ocuklar\u0131 Lazlar"},"content":{"rendered":"<p>Bu kitap, bir halk\u0131 anlatm\u0131yor; insanl\u0131\u011f\u0131n unuttu\u011fu k\u00f6kleri hat\u0131rlat\u0131yor.Lazlar&#8230; Karadeniz\u2019in r\u00fczg\u00e2r\u0131nda dans eden bir dilin, g\u00f6ky\u00fcz\u00fcne uzanan bir bilincin, yeralt\u0131n\u0131n gizemli tanr\u0131\u00e7alar\u0131n\u0131n ta\u015f\u0131y\u0131c\u0131s\u0131.Bilge tanr\u0131 Enki-Lazuta\u2019n\u0131n miras\u0131n\u0131, k\u0131z\u0131 Ere\u015fkigal\u2019in yeralt\u0131 bilgeli\u011fini, Kolkhis\u2019te yank\u0131lanan Alt\u0131n Post efsanesini; Laz diliyle f\u0131s\u0131ldayan bir uygarl\u0131k anlat\u0131l\u0131yor bu sayfalarda.D\u00fcnya\u2019ya Kiana, Almanya\u2019ya Germany diyen, tarih boyunca ba\u015fka halklar\u0131 adland\u0131ran ama kendi ismini unutmaya zorlanan bir halk\u0131n kozmostan gelen sesidir bu kitap.E\u011fer Laz diliyle yaz\u0131lm\u0131\u015f tarihi hi\u00e7 duymad\u0131ysan, bu kitap senin i\u00e7in hem bir ba\u015flang\u0131\u00e7 hem bir sars\u0131nt\u0131 olacak.\u00c7\u00fcnk\u00fc bu sat\u0131rlarda, yaln\u0131zca bir etnik kimlik de\u011fil; \u0131\u015f\u0131\u011f\u0131n i\u00e7inden ge\u00e7mi\u015f, tufanlardan sa\u011f \u00e7\u0131km\u0131\u015f, tanr\u0131lar\u0131n izini s\u00fcren bir halk\u0131n evrensel sesi konu\u015fuyor.\u015eimdi ger\u00e7e\u011fi duymaya haz\u0131r m\u0131s\u0131n\u0131z? <\/p>\n","protected":false},"excerpt":{"rendered":"<p>Bu kitap, bir halk\u0131 anlatm\u0131yor; insanl\u0131\u011f\u0131n unuttu\u011fu k\u00f6kleri hat\u0131rlat\u0131yor.Lazlar&#8230; Karadeniz\u2019in r\u00fczg\u00e2r\u0131nda dans eden bir dilin, g\u00f6ky\u00fcz\u00fcne uzanan bir bilincin, yeralt\u0131n\u0131n gizemli tanr\u0131\u00e7alar\u0131n\u0131n ta\u015f\u0131y\u0131c\u0131s\u0131.Bilge tanr\u0131 Enki-Lazuta\u2019n\u0131n miras\u0131n\u0131,<span class=\"excerpt-hellip\"> [\u2026]<\/span><\/p>\n","protected":false},"featured_media":0,"template":"","meta":{"_monsterinsights_skip_tracking":false,"_monsterinsights_sitenote_active":false,"_monsterinsights_sitenote_note":"","_monsterinsights_sitenote_category":0},"product_brand":[],"product_cat":[12370,12304],"product_tag":[],"class_list":{"0":"post-772801","1":"product","2":"type-product","3":"status-publish","5":"product_cat-arastirma-inceleme","6":"product_cat-tarih","7":"pa_cilt-ciltsiz","8":"pa_tur-kitap","9":"pa_yayinevi-servet-yayinevi","10":"pa_yazar-yilmaz-erdogan","12":"first","13":"instock","14":"sale","15":"shipping-taxable","16":"purchasable","17":"product-type-simple"},"_links":{"self":[{"href":"https:\/\/roveyayinevi.com.tr\/index.php\/wp-json\/wp\/v2\/product\/772801","targetHints":{"allow":["GET"]}}],"collection":[{"href":"https:\/\/roveyayinevi.com.tr\/index.php\/wp-json\/wp\/v2\/product"}],"about":[{"href":"https:\/\/roveyayinevi.com.tr\/index.php\/wp-json\/wp\/v2\/types\/product"}],"wp:attachment":[{"href":"https:\/\/roveyayinevi.com.tr\/index.php\/wp-json\/wp\/v2\/media?parent=772801"}],"wp:term":[{"taxonomy":"product_brand","embeddable":true,"href":"https:\/\/roveyayinevi.com.tr\/index.php\/wp-json\/wp\/v2\/product_brand?post=772801"},{"taxonomy":"product_cat","embeddable":true,"href":"https:\/\/roveyayinevi.com.tr\/index.php\/wp-json\/wp\/v2\/product_cat?post=772801"},{"taxonomy":"product_tag","embeddable":true,"href":"https:\/\/roveyayinevi.com.tr\/index.php\/wp-json\/wp\/v2\/product_tag?post=772801"}],"curies":[{"name":"wp","href":"https:\/\/api.w.org\/{rel}","templated":true}]}}