{"id":772800,"date":"2025-08-28T15:52:55","date_gmt":"2025-08-28T12:52:55","guid":{"rendered":"https:\/\/roveyayinevi.com.tr\/index.php\/urun\/nazik-olmaya-dair\/"},"modified":"2026-04-13T03:34:58","modified_gmt":"2026-04-13T00:34:58","slug":"nazik-olmaya-dair","status":"publish","type":"product","link":"https:\/\/roveyayinevi.com.tr\/index.php\/urun\/nazik-olmaya-dair\/","title":{"rendered":"Nazik Olmaya Dair"},"content":{"rendered":"<p>Bizi de\u011fi\u015ftirme iddias\u0131ndaki \u00e7o\u011fu kitap, g\u00fc\u00e7, zenginlik ya da zay\u0131f bedenler vadeder. Bu kitapsa daha nazik olmam\u0131za yard\u0131m etmeyi ama\u00e7l\u0131yor. Bir ba\u015fka deyi\u015fle daha az asabi, daha sab\u0131rl\u0131, dinlemeye daha haz\u0131r, daha s\u0131cak, daha az huysuz olmam\u0131za&#8230; Nezaket, paran\u0131n ya da \u015f\u00f6hretin cazibesine sahip olmayabilir, yine de eksikli\u011fi olumsuz sonu\u00e7lar do\u011furabilir. Bu kitap, g\u00f6z ard\u0131 edilen bu niteli\u011fin ke\u015ffedilmemi\u015f topraklar\u0131na dair bir zarif rehber. Nas\u0131l yard\u0131msever olaca\u011f\u0131m\u0131z\u0131, nas\u0131l affedece\u011fimizi, nas\u0131l do\u011fal davranaca\u011f\u0131m\u0131z\u0131 ve nas\u0131l g\u00fcven verece\u011fimizi \u00f6\u011frenece\u011fiz. Nezaketin g\u00fc\u00e7le uyumlu oldu\u011funu ve safl\u0131\u011f\u0131n bir g\u00f6stergesi olmad\u0131\u011f\u0131n\u0131 anlayaca\u011f\u0131z. Nezaket, insanl\u0131\u011f\u0131n en b\u00fcy\u00fck ba\u015far\u0131lar\u0131ndan biri olarak yeniden ke\u015ffedilmeyi hak ediyor. <\/p>\n","protected":false},"excerpt":{"rendered":"<p>Bizi de\u011fi\u015ftirme iddias\u0131ndaki \u00e7o\u011fu kitap, g\u00fc\u00e7, zenginlik ya da zay\u0131f bedenler vadeder. Bu kitapsa daha nazik olmam\u0131za yard\u0131m etmeyi ama\u00e7l\u0131yor. Bir ba\u015fka deyi\u015fle daha az asabi,<span class=\"excerpt-hellip\"> [\u2026]<\/span><\/p>\n","protected":false},"featured_media":0,"template":"","meta":{"_monsterinsights_skip_tracking":false,"_monsterinsights_sitenote_active":false,"_monsterinsights_sitenote_note":"","_monsterinsights_sitenote_category":0},"product_brand":[],"product_cat":[12364,12376],"product_tag":[],"class_list":{"0":"post-772800","1":"product","2":"type-product","3":"status-publish","5":"product_cat-genel-konular","6":"product_cat-kisisel-gelisim","7":"pa_cilt-ciltsiz","8":"pa_tur-kitap","9":"pa_yayinevi-mona-kitap","10":"pa_yazar-kolektif","12":"first","13":"instock","14":"sale","15":"shipping-taxable","16":"purchasable","17":"product-type-simple"},"_links":{"self":[{"href":"https:\/\/roveyayinevi.com.tr\/index.php\/wp-json\/wp\/v2\/product\/772800","targetHints":{"allow":["GET"]}}],"collection":[{"href":"https:\/\/roveyayinevi.com.tr\/index.php\/wp-json\/wp\/v2\/product"}],"about":[{"href":"https:\/\/roveyayinevi.com.tr\/index.php\/wp-json\/wp\/v2\/types\/product"}],"wp:attachment":[{"href":"https:\/\/roveyayinevi.com.tr\/index.php\/wp-json\/wp\/v2\/media?parent=772800"}],"wp:term":[{"taxonomy":"product_brand","embeddable":true,"href":"https:\/\/roveyayinevi.com.tr\/index.php\/wp-json\/wp\/v2\/product_brand?post=772800"},{"taxonomy":"product_cat","embeddable":true,"href":"https:\/\/roveyayinevi.com.tr\/index.php\/wp-json\/wp\/v2\/product_cat?post=772800"},{"taxonomy":"product_tag","embeddable":true,"href":"https:\/\/roveyayinevi.com.tr\/index.php\/wp-json\/wp\/v2\/product_tag?post=772800"}],"curies":[{"name":"wp","href":"https:\/\/api.w.org\/{rel}","templated":true}]}}