{"id":772798,"date":"2025-08-28T15:52:51","date_gmt":"2025-08-28T12:52:51","guid":{"rendered":"https:\/\/roveyayinevi.com.tr\/index.php\/urun\/insanlik-krizi-ve-diger-konferanslar-1937-1958\/"},"modified":"2026-04-15T03:38:56","modified_gmt":"2026-04-15T00:38:56","slug":"insanlik-krizi-ve-diger-konferanslar-1937-1958","status":"publish","type":"product","link":"https:\/\/roveyayinevi.com.tr\/index.php\/urun\/insanlik-krizi-ve-diger-konferanslar-1937-1958\/","title":{"rendered":"\u0130nsanl\u0131k Krizi ve Di\u011fer Konferanslar 1937-1958"},"content":{"rendered":"<p>\u0130nsanl\u0131k krizi, en az\u0131ndan yar\u0131 yar\u0131ya, d\u00fcnya \u00fczerinde biriktirmeye devam etti\u011fimiz aptal ilkeler ve k\u00f6t\u00fc eylemler kar\u015f\u0131s\u0131nda bireylerin kap\u0131ld\u0131klar\u0131 tembellik ve yorgunluk hallerinden olu\u015fur.   Bu kitap, Albert Camus\u2019n\u00fcn \u00e7e\u015fitli konferanslarda yapt\u0131\u011f\u0131 siyaset, edebiyat, sava\u015f ve insanl\u0131\u011f\u0131n genel \u00e7\u00f6k\u00fc\u015f\u00fc gibi \u00e7ok \u00e7e\u015fitli konular\u0131 kapsayan otuz d\u00f6rt konu\u015fma metnini bir araya getiriyor. Camus her konferansta bir \u201cinsanl\u0131k krizi\u201d te\u015fhisi koyuyor ve yar\u0131m y\u00fczy\u0131l boyunca seslerinden mahrum b\u0131rak\u0131lanlara seslerini ve haysiyetlerini geri kazand\u0131rmak i\u00e7in yola \u00e7\u0131k\u0131yor.   Columbia \u00dcniversitesi\u2019nde \u201cinsanl\u0131k krizi\u201d \u00fczerine yapt\u0131\u011f\u0131 konu\u015fma, Nobel Edebiyat \u00d6d\u00fcl\u00fc t\u00f6reni konu\u015fmas\u0131nda de\u011findi\u011fi felaket d\u00f6nemlerinde sanat\u00e7\u0131n\u0131n rol\u00fc\u2026 Bug\u00fcn hepsi g\u00fcncelli\u011fini korumaya devam ediyor.   \u201cAlbert Camus i\u00e7in her insan\u0131n bir g\u00f6revi vard\u0131r ve bu g\u00f6rev, d\u00fcnyan\u0131n sefilli\u011fine kar\u015f\u0131 koyarak yo\u011funlu\u011funu m\u00fcmk\u00fcn oldu\u011funca azaltmakt\u0131r.\u201d Gallimard<\/p>\n","protected":false},"excerpt":{"rendered":"<p>\u0130nsanl\u0131k krizi, en az\u0131ndan yar\u0131 yar\u0131ya, d\u00fcnya \u00fczerinde biriktirmeye devam etti\u011fimiz aptal ilkeler ve k\u00f6t\u00fc eylemler kar\u015f\u0131s\u0131nda bireylerin kap\u0131ld\u0131klar\u0131 tembellik ve yorgunluk hallerinden olu\u015fur. Bu kitap,<span class=\"excerpt-hellip\"> [\u2026]<\/span><\/p>\n","protected":false},"featured_media":0,"template":"","meta":{"_monsterinsights_skip_tracking":false,"_monsterinsights_sitenote_active":false,"_monsterinsights_sitenote_note":"","_monsterinsights_sitenote_category":0},"product_brand":[],"product_cat":[12777,12291],"product_tag":[],"class_list":{"0":"post-772798","1":"product","2":"type-product","3":"status-publish","5":"product_cat-deneme","6":"product_cat-edebiyat","7":"pa_cilt-ciltsiz","8":"pa_tur-kitap","9":"pa_yayinevi-can-yayinlari","10":"pa_yazar-albert-camus","12":"first","13":"instock","14":"sale","15":"shipping-taxable","16":"purchasable","17":"product-type-simple"},"_links":{"self":[{"href":"https:\/\/roveyayinevi.com.tr\/index.php\/wp-json\/wp\/v2\/product\/772798","targetHints":{"allow":["GET"]}}],"collection":[{"href":"https:\/\/roveyayinevi.com.tr\/index.php\/wp-json\/wp\/v2\/product"}],"about":[{"href":"https:\/\/roveyayinevi.com.tr\/index.php\/wp-json\/wp\/v2\/types\/product"}],"wp:attachment":[{"href":"https:\/\/roveyayinevi.com.tr\/index.php\/wp-json\/wp\/v2\/media?parent=772798"}],"wp:term":[{"taxonomy":"product_brand","embeddable":true,"href":"https:\/\/roveyayinevi.com.tr\/index.php\/wp-json\/wp\/v2\/product_brand?post=772798"},{"taxonomy":"product_cat","embeddable":true,"href":"https:\/\/roveyayinevi.com.tr\/index.php\/wp-json\/wp\/v2\/product_cat?post=772798"},{"taxonomy":"product_tag","embeddable":true,"href":"https:\/\/roveyayinevi.com.tr\/index.php\/wp-json\/wp\/v2\/product_tag?post=772798"}],"curies":[{"name":"wp","href":"https:\/\/api.w.org\/{rel}","templated":true}]}}