{"id":772797,"date":"2025-08-28T15:52:49","date_gmt":"2025-08-28T12:52:49","guid":{"rendered":"https:\/\/roveyayinevi.com.tr\/index.php\/urun\/bebeginiz-uyumuyor-mu\/"},"modified":"2026-04-15T03:38:56","modified_gmt":"2026-04-15T00:38:56","slug":"bebeginiz-uyumuyor-mu","status":"publish","type":"product","link":"https:\/\/roveyayinevi.com.tr\/index.php\/urun\/bebeginiz-uyumuyor-mu\/","title":{"rendered":"Bebe\u011finiz Uyumuyor Mu?"},"content":{"rendered":"<p>Uykusuz ge\u00e7irilen geceler, dinlenemedi\u011fi i\u00e7in daha da huzursuzla\u015fan bebekler, onlarla birlikte peri\u015fan olan anne, baba, hatta di\u011fer bak\u0131m verenler\u2026 Bebe\u011fin uyumas\u0131 onun fiziksel ve zihinsel geli\u015fimi i\u00e7in vazge\u00e7ilemez \u00f6neme sahipken, ebeveynin de ya\u015fam kalitesini koruyabilmesi i\u00e7in hayati bir unsur. \u00d6yleyse, bebekleri nas\u0131l uyutal\u0131m?   \u201cUyku e\u011fitimi, bebeklerin biyolojik ritmine uygun bir \u015fekilde, \u015fefkatli ama kararl\u0131 bir yakla\u015f\u0131m sunarak sa\u011fl\u0131kl\u0131 bir uyku al\u0131\u015fkanl\u0131\u011f\u0131 kazanmalar\u0131na yard\u0131mc\u0131 olur. Uzun s\u00fcreli uykusuzluk yaln\u0131zca bebe\u011fi olumsuz etkilemez. T\u00fcm bak\u0131m verenlerin, \u00f6zellikle de annenin ruh sa\u011fl\u0131\u011f\u0131n\u0131 olumsuz etkileyebilir ve aile i\u00e7indeki dengeleri sarsabilir. Neyse ki i\u015fin g\u00fczel yan\u0131, t\u00fcm bunlar bebe\u011finizin, dolay\u0131s\u0131yla sizin yeniden kesintisiz uykulara kavu\u015fman\u0131zla k\u0131sa s\u00fcrede ortadan kalkabilecek durumlard\u0131r. Bu kitap i\u015fte tam da bu noktada size, bebe\u011finizin uyku sorunlar\u0131n\u0131 \u00e7\u00f6zmeniz i\u00e7in yol g\u00f6stermek ve uykusuz bir ebeveyn olarak yaln\u0131z olmad\u0131\u011f\u0131n\u0131z\u0131 hissettirmek i\u00e7in yaz\u0131ld\u0131. Ger\u00e7ek vaka \u00f6rnekleri ve bilimsel yakla\u015f\u0131mlarla, benimle umut dolu bir yolculu\u011fa \u00e7\u0131kmaya haz\u0131r m\u0131s\u0131n\u0131z? \u015eimdi g\u00f6zlerinizi kapat\u0131n ve hayal edin: Bebe\u011finiz yata\u011f\u0131nda m\u0131\u015f\u0131l m\u0131\u015f\u0131l uyuyor, sizse ayaklar\u0131n\u0131z\u0131 uzatm\u0131\u015f dinlenirken \u00e7ay\u0131n\u0131z\u0131 belki de uzun zaman sonra ilk kez yeniden s\u0131cak bir \u015fekilde i\u00e7iyorsunuz. Bug\u00fcn e\u011fer uykusuz bir anneyseniz hayat\u0131n bu en basit keyifleri bile uzak birer hayale d\u00f6n\u00fc\u015fm\u00fc\u015f olabilir sizin i\u00e7in. Bu hayali ger\u00e7e\u011fe d\u00f6n\u00fc\u015ft\u00fcrmeye ne dersiniz? Haz\u0131rsan\u0131z, ba\u015flayal\u0131m.\u201d<\/p>\n","protected":false},"excerpt":{"rendered":"<p>Uykusuz ge\u00e7irilen geceler, dinlenemedi\u011fi i\u00e7in daha da huzursuzla\u015fan bebekler, onlarla birlikte peri\u015fan olan anne, baba, hatta di\u011fer bak\u0131m verenler\u2026 Bebe\u011fin uyumas\u0131 onun fiziksel ve zihinsel geli\u015fimi<span class=\"excerpt-hellip\"> [\u2026]<\/span><\/p>\n","protected":false},"featured_media":0,"template":"","meta":{"_monsterinsights_skip_tracking":false,"_monsterinsights_sitenote_active":false,"_monsterinsights_sitenote_note":"","_monsterinsights_sitenote_category":0},"product_brand":[],"product_cat":[14902,13365],"product_tag":[],"class_list":{"0":"post-772797","1":"product","2":"type-product","3":"status-publish","5":"product_cat-annelik-ve-cocuk-bakimi","6":"product_cat-saglik","7":"pa_cilt-ciltsiz","8":"pa_tur-kitap","9":"pa_yayinevi-mundi","10":"pa_yazar-pinar-sibirsky","12":"first","13":"instock","14":"sale","15":"shipping-taxable","16":"purchasable","17":"product-type-simple"},"_links":{"self":[{"href":"https:\/\/roveyayinevi.com.tr\/index.php\/wp-json\/wp\/v2\/product\/772797","targetHints":{"allow":["GET"]}}],"collection":[{"href":"https:\/\/roveyayinevi.com.tr\/index.php\/wp-json\/wp\/v2\/product"}],"about":[{"href":"https:\/\/roveyayinevi.com.tr\/index.php\/wp-json\/wp\/v2\/types\/product"}],"wp:attachment":[{"href":"https:\/\/roveyayinevi.com.tr\/index.php\/wp-json\/wp\/v2\/media?parent=772797"}],"wp:term":[{"taxonomy":"product_brand","embeddable":true,"href":"https:\/\/roveyayinevi.com.tr\/index.php\/wp-json\/wp\/v2\/product_brand?post=772797"},{"taxonomy":"product_cat","embeddable":true,"href":"https:\/\/roveyayinevi.com.tr\/index.php\/wp-json\/wp\/v2\/product_cat?post=772797"},{"taxonomy":"product_tag","embeddable":true,"href":"https:\/\/roveyayinevi.com.tr\/index.php\/wp-json\/wp\/v2\/product_tag?post=772797"}],"curies":[{"name":"wp","href":"https:\/\/api.w.org\/{rel}","templated":true}]}}