{"id":772792,"date":"2025-08-28T15:52:35","date_gmt":"2025-08-28T12:52:35","guid":{"rendered":"https:\/\/roveyayinevi.com.tr\/index.php\/urun\/kentlerde-yaban-hayati\/"},"modified":"2026-04-15T03:38:56","modified_gmt":"2026-04-15T00:38:56","slug":"kentlerde-yaban-hayati","status":"publish","type":"product","link":"https:\/\/roveyayinevi.com.tr\/index.php\/urun\/kentlerde-yaban-hayati\/","title":{"rendered":"Kentlerde Yaban Hayat\u0131"},"content":{"rendered":"<p>Kentler milyonlarca insan\u0131n ya\u015fad\u0131\u011f\u0131, kalabal\u0131k yerlerdir. Ama kent sakinleri insanlarla s\u0131n\u0131rl\u0131 de\u011fildir. Sokaklar\u0131m\u0131z, binalar\u0131m\u0131z, parklar\u0131m\u0131z, akarsular\u0131m\u0131z ve bah\u00e7elerimiz g\u00fcvercinlerden penguenlere, \u00f6r\u00fcmceklerden k\u00f6pek bal\u0131klar\u0131na kadar t\u00fcrl\u00fc \u00e7e\u015fitli hayvan\u0131n da evidir. Hatta baz\u0131lar\u0131 do\u011frudan evinizin i\u00e7inde de olabilir! KENTLERDE YABAN HAYATI New York, Londra, Tokyo, Singapur ve Mumbai gibi kalabal\u0131k ve b\u00fcy\u00fck kentlerde hayvanlar\u0131n insanlarla nas\u0131l yan yana, i\u00e7 i\u00e7e ya\u015fad\u0131klar\u0131n\u0131 anlat\u0131yor. D\u00fcnyan\u0131n neresinde olursan\u0131z olun, bu kitap kentsel \u00e7evreye yeni bir g\u00f6zle bakman\u0131z\u0131 ve bu \u00e7evreyi evleri olarak g\u00f6ren canl\u0131lar\u0131n inan\u0131lmaz \u00e7e\u015fitlili\u011fini ke\u015ffetmenizi sa\u011flayacak. BBC Wildlife dergisinin edit\u00f6rl\u00fc\u011f\u00fcn\u00fc de yapm\u0131\u015f \u00f6d\u00fcll\u00fc gazeteci BEN HOARE, \u0130ngiliz Ku\u015fbilim Vakf\u0131 (British Trust for Ornithology) taraf\u0131ndan bilimsel ileti\u015fim alan\u0131ndaki katk\u0131lar\u0131ndan \u00f6t\u00fcr\u00fc Dilys Breese madalyas\u0131 verilmi\u015f on be\u015f ki\u015fiden biridir. <\/p>\n","protected":false},"excerpt":{"rendered":"<p>Kentler milyonlarca insan\u0131n ya\u015fad\u0131\u011f\u0131, kalabal\u0131k yerlerdir. Ama kent sakinleri insanlarla s\u0131n\u0131rl\u0131 de\u011fildir. Sokaklar\u0131m\u0131z, binalar\u0131m\u0131z, parklar\u0131m\u0131z, akarsular\u0131m\u0131z ve bah\u00e7elerimiz g\u00fcvercinlerden penguenlere, \u00f6r\u00fcmceklerden k\u00f6pek bal\u0131klar\u0131na kadar t\u00fcrl\u00fc \u00e7e\u015fitli<span class=\"excerpt-hellip\"> [\u2026]<\/span><\/p>\n","protected":false},"featured_media":0,"template":"","meta":{"_monsterinsights_skip_tracking":false,"_monsterinsights_sitenote_active":false,"_monsterinsights_sitenote_note":"","_monsterinsights_sitenote_category":0},"product_brand":[],"product_cat":[13829,12274],"product_tag":[],"class_list":{"0":"post-772792","1":"product","2":"type-product","3":"status-publish","5":"product_cat-bilimsel-kitaplar","6":"product_cat-cocuk-ve-genclik-kitaplari","7":"pa_cilt-ciltsiz","8":"pa_tur-kitap","9":"pa_yayinevi-is-bankasi-kultur-yayinlari","10":"pa_yazar-ben-hoare","12":"first","13":"instock","14":"sale","15":"shipping-taxable","16":"purchasable","17":"product-type-simple"},"_links":{"self":[{"href":"https:\/\/roveyayinevi.com.tr\/index.php\/wp-json\/wp\/v2\/product\/772792","targetHints":{"allow":["GET"]}}],"collection":[{"href":"https:\/\/roveyayinevi.com.tr\/index.php\/wp-json\/wp\/v2\/product"}],"about":[{"href":"https:\/\/roveyayinevi.com.tr\/index.php\/wp-json\/wp\/v2\/types\/product"}],"wp:attachment":[{"href":"https:\/\/roveyayinevi.com.tr\/index.php\/wp-json\/wp\/v2\/media?parent=772792"}],"wp:term":[{"taxonomy":"product_brand","embeddable":true,"href":"https:\/\/roveyayinevi.com.tr\/index.php\/wp-json\/wp\/v2\/product_brand?post=772792"},{"taxonomy":"product_cat","embeddable":true,"href":"https:\/\/roveyayinevi.com.tr\/index.php\/wp-json\/wp\/v2\/product_cat?post=772792"},{"taxonomy":"product_tag","embeddable":true,"href":"https:\/\/roveyayinevi.com.tr\/index.php\/wp-json\/wp\/v2\/product_tag?post=772792"}],"curies":[{"name":"wp","href":"https:\/\/api.w.org\/{rel}","templated":true}]}}