{"id":772790,"date":"2025-08-28T15:52:32","date_gmt":"2025-08-28T12:52:32","guid":{"rendered":"https:\/\/roveyayinevi.com.tr\/index.php\/urun\/findik-ile-titiz-robot\/"},"modified":"2026-04-15T03:38:56","modified_gmt":"2026-04-15T00:38:56","slug":"findik-ile-titiz-robot","status":"publish","type":"product","link":"https:\/\/roveyayinevi.com.tr\/index.php\/urun\/findik-ile-titiz-robot\/","title":{"rendered":"F\u0131nd\u0131k \u0130le Titiz Robot"},"content":{"rendered":"<p>Karn\u0131 ac\u0131kan F\u0131nd\u0131k, son f\u0131nd\u0131\u011f\u0131n\u0131 ar\u0131yor ama yuvas\u0131 \u00e7ok da\u011f\u0131n\u0131k oldu\u011fu i\u00e7in bulam\u0131yordu. Titiz, onun yard\u0131m\u0131na ko\u015ftu ve yuvay\u0131 g\u00fczelce derleyip toplad\u0131. G\u00fcnler ge\u00e7tik\u00e7e Titiz de tembelli\u011fe al\u0131\u015ft\u0131 ve yuva eskisinden de da\u011f\u0131n\u0131k bir hale geldi. \u00dcstelik yuvadan f\u0131rlayan bir sepet neredeyse kirpinin kafas\u0131na d\u00fc\u015f\u00fcyordu. F\u0131nd\u0131k ile Titiz bu duruma acilen bir \u00e7\u00f6z\u00fcm bulmal\u0131yd\u0131! D\u00fczen al\u0131\u015fkanl\u0131\u011f\u0131 ve sorumluluk kazanma \u00fczerine e\u011flenceli bir \u00f6yk\u00fc. <\/p>\n","protected":false},"excerpt":{"rendered":"<p>Karn\u0131 ac\u0131kan F\u0131nd\u0131k, son f\u0131nd\u0131\u011f\u0131n\u0131 ar\u0131yor ama yuvas\u0131 \u00e7ok da\u011f\u0131n\u0131k oldu\u011fu i\u00e7in bulam\u0131yordu. Titiz, onun yard\u0131m\u0131na ko\u015ftu ve yuvay\u0131 g\u00fczelce derleyip toplad\u0131. G\u00fcnler ge\u00e7tik\u00e7e Titiz de<span class=\"excerpt-hellip\"> [\u2026]<\/span><\/p>\n","protected":false},"featured_media":0,"template":"","meta":{"_monsterinsights_skip_tracking":false,"_monsterinsights_sitenote_active":false,"_monsterinsights_sitenote_note":"","_monsterinsights_sitenote_category":0},"product_brand":[],"product_cat":[12274,12284],"product_tag":[],"class_list":{"0":"post-772790","1":"product","2":"type-product","3":"status-publish","5":"product_cat-cocuk-ve-genclik-kitaplari","6":"product_cat-hikayeler","7":"pa_cilt-ciltsiz","8":"pa_tur-kitap","9":"pa_yayinevi-is-bankasi-kultur-yayinlari","10":"pa_yazar-xochil-a-schutz","12":"first","13":"instock","14":"sale","15":"shipping-taxable","16":"purchasable","17":"product-type-simple"},"_links":{"self":[{"href":"https:\/\/roveyayinevi.com.tr\/index.php\/wp-json\/wp\/v2\/product\/772790","targetHints":{"allow":["GET"]}}],"collection":[{"href":"https:\/\/roveyayinevi.com.tr\/index.php\/wp-json\/wp\/v2\/product"}],"about":[{"href":"https:\/\/roveyayinevi.com.tr\/index.php\/wp-json\/wp\/v2\/types\/product"}],"wp:attachment":[{"href":"https:\/\/roveyayinevi.com.tr\/index.php\/wp-json\/wp\/v2\/media?parent=772790"}],"wp:term":[{"taxonomy":"product_brand","embeddable":true,"href":"https:\/\/roveyayinevi.com.tr\/index.php\/wp-json\/wp\/v2\/product_brand?post=772790"},{"taxonomy":"product_cat","embeddable":true,"href":"https:\/\/roveyayinevi.com.tr\/index.php\/wp-json\/wp\/v2\/product_cat?post=772790"},{"taxonomy":"product_tag","embeddable":true,"href":"https:\/\/roveyayinevi.com.tr\/index.php\/wp-json\/wp\/v2\/product_tag?post=772790"}],"curies":[{"name":"wp","href":"https:\/\/api.w.org\/{rel}","templated":true}]}}