{"id":772784,"date":"2025-08-28T15:52:19","date_gmt":"2025-08-28T12:52:19","guid":{"rendered":"https:\/\/roveyayinevi.com.tr\/index.php\/urun\/aytasi\/"},"modified":"2026-04-15T03:38:56","modified_gmt":"2026-04-15T00:38:56","slug":"aytasi","status":"publish","type":"product","link":"https:\/\/roveyayinevi.com.tr\/index.php\/urun\/aytasi\/","title":{"rendered":"Ayta\u015f\u0131"},"content":{"rendered":"<p>Wilkie Collins (1824-1889): Gizem ve dedektif romanlar\u0131n\u0131n \u00f6nc\u00fcs\u00fc kabul edilen \u0130ngiliz romanc\u0131. Collins, birlikte de \u00e7al\u0131\u015ft\u0131\u011f\u0131 dostu Charles Dickens\u2019\u0131n g\u00f6lgesinde kalmadan \u00f6nce hat\u0131r\u0131 say\u0131l\u0131r bir \u015f\u00f6hrete kavu\u015fmu\u015ftur. Bir\u00e7ok kaynak\u00e7a ilk dedektif roman\u0131 say\u0131lan Ayta\u015f\u0131, 1868\u2019de Charles Dickens\u2019\u0131n All the Year Round dergisinde tefrika edilmeye ba\u015fland\u0131. Bu son derece s\u00fcr\u00fckleyici eser, Hindistan\u2019da bir tap\u0131naktan \u00e7al\u0131nan Ayta\u015f\u0131\u2019n\u0131n ikinci defa \u00e7al\u0131nmas\u0131n\u0131 konu edinir. Anlat\u0131 farkl\u0131 tan\u0131klar\u0131n a\u011fz\u0131ndan yaz\u0131lm\u0131\u015f, b\u00f6ylelikle olay \u00f6rg\u00fcs\u00fc de t\u0131pk\u0131 bir elmas\u0131n y\u00fczeyleri gibi tek tek i\u015flenmi\u015ftir. Janr i\u00e7inde g\u00fcncelli\u011fini h\u00e2l\u00e2 koruyan eksantrik d\u00e2hi dedektif karakteri, \u015f\u00fcphelilerle dolu k\u0131r evi, olay\u0131n su\u00e7 mahallinde yeniden canland\u0131r\u0131lmas\u0131 gibi temalar ilk kez Ayta\u015f\u0131\u2019nda yer bulmu\u015ftur. \u0130ngiltere Hindistan ili\u015fkilerini ele al\u0131\u015f\u0131 bak\u0131m\u0131ndan da Ayta\u015f\u0131 kesinlikle \u00e7a\u011f\u0131n\u0131n \u00f6tesindedir. <\/p>\n","protected":false},"excerpt":{"rendered":"<p>Wilkie Collins (1824-1889): Gizem ve dedektif romanlar\u0131n\u0131n \u00f6nc\u00fcs\u00fc kabul edilen \u0130ngiliz romanc\u0131. Collins, birlikte de \u00e7al\u0131\u015ft\u0131\u011f\u0131 dostu Charles Dickens\u2019\u0131n g\u00f6lgesinde kalmadan \u00f6nce hat\u0131r\u0131 say\u0131l\u0131r bir \u015f\u00f6hrete<span class=\"excerpt-hellip\"> [\u2026]<\/span><\/p>\n","protected":false},"featured_media":0,"template":"","meta":{"_monsterinsights_skip_tracking":false,"_monsterinsights_sitenote_active":false,"_monsterinsights_sitenote_note":"","_monsterinsights_sitenote_category":0},"product_brand":[],"product_cat":[12291,12711],"product_tag":[],"class_list":{"0":"post-772784","1":"product","2":"type-product","3":"status-publish","5":"product_cat-edebiyat","6":"product_cat-roman-oyku","7":"pa_cilt-ciltsiz","8":"pa_tur-kitap","9":"pa_yayinevi-is-bankasi-kultur-yayinlari","10":"pa_yazar-wilkie-collins","12":"first","13":"instock","14":"sale","15":"shipping-taxable","16":"purchasable","17":"product-type-simple"},"_links":{"self":[{"href":"https:\/\/roveyayinevi.com.tr\/index.php\/wp-json\/wp\/v2\/product\/772784","targetHints":{"allow":["GET"]}}],"collection":[{"href":"https:\/\/roveyayinevi.com.tr\/index.php\/wp-json\/wp\/v2\/product"}],"about":[{"href":"https:\/\/roveyayinevi.com.tr\/index.php\/wp-json\/wp\/v2\/types\/product"}],"wp:attachment":[{"href":"https:\/\/roveyayinevi.com.tr\/index.php\/wp-json\/wp\/v2\/media?parent=772784"}],"wp:term":[{"taxonomy":"product_brand","embeddable":true,"href":"https:\/\/roveyayinevi.com.tr\/index.php\/wp-json\/wp\/v2\/product_brand?post=772784"},{"taxonomy":"product_cat","embeddable":true,"href":"https:\/\/roveyayinevi.com.tr\/index.php\/wp-json\/wp\/v2\/product_cat?post=772784"},{"taxonomy":"product_tag","embeddable":true,"href":"https:\/\/roveyayinevi.com.tr\/index.php\/wp-json\/wp\/v2\/product_tag?post=772784"}],"curies":[{"name":"wp","href":"https:\/\/api.w.org\/{rel}","templated":true}]}}