{"id":772780,"date":"2025-08-28T15:52:12","date_gmt":"2025-08-28T12:52:12","guid":{"rendered":"https:\/\/roveyayinevi.com.tr\/index.php\/urun\/gobekli-tepe-ucuncu-kitap\/"},"modified":"2026-04-15T03:38:56","modified_gmt":"2026-04-15T00:38:56","slug":"gobekli-tepe-ucuncu-kitap","status":"publish","type":"product","link":"https:\/\/roveyayinevi.com.tr\/index.php\/urun\/gobekli-tepe-ucuncu-kitap\/","title":{"rendered":"G\u00f6bekli Tepe  (\u00dc\u00e7\u00fcnc\u00fc Kitap)"},"content":{"rendered":"<p>Kitap dizimizin \u00fc\u00e7\u00fcnc\u00fcs\u00fcyle tekrar bir araday\u0131z. Bu arada kaz\u0131larla ilgili \u00e7ok yeni geli\u015fmeler oldu. Harran civar\u0131ndaki tepelerde yap\u0131lan kaz\u0131lar arac\u0131l\u0131\u011f\u0131yla ilgin\u00e7 ve zengin verilere ula\u015f\u0131ld\u0131. Bu, bizim G\u00f6bekli Tepe\/Gir\u00ea Mirazan ile ba\u015flayan ve di\u011fer tepelerle devam eden ara\u015ft\u0131rmalar\u0131m\u0131z\u0131 daha sa\u011flam bir temele oturtacak bir ortam yaratt\u0131. Hen\u00fcz istenen gerekli t\u00fcm veri ve bilgilere ula\u015famam\u0131za ra\u011fmen Epipaleolitik ve Neolitik devirlerde bu y\u00f6rede ya\u015fayan insan toplumlar\u0131n\u0131n dinsel, d\u00fc\u015f\u00fcnsel ve sosyal yap\u0131lar\u0131 hakk\u0131nda daha \u00e7ok fikir sahibi olduk. Elinizdeki bu \u00dc\u00e7\u00fcnc\u00fc Kitapta \u00f6zellikle kaz\u0131larda ortaya \u00e7\u0131kan yeni arkeolojik verileri esas alarak baz\u0131 de\u011ferlendirmelerde bulunup, uygun sonu\u00e7lar \u00e7\u0131kartmaya \u00e7al\u0131\u015ft\u0131m. Daha \u00f6nceleri sansasyonel bir bi\u00e7imde \u00f6n planda olan merkez, G\u00f6bekli Tepe\/Gir\u00ea Mirazan iken; son kaz\u0131larla birlikte Karahan Tepe\/Gir\u00ea Ke\u00e7l\u00ea, fantastik tap\u0131nak yap\u0131lar\u0131 ve k\u00fclt eserleriyle fark atarak \u00f6ne ge\u00e7ti. Ben her ne kadar bir kompleks halinde t\u00fcm tepelerdeki geli\u015fmeleri birbirleriyle ba\u011flant\u0131l\u0131 ve i\u00e7 i\u00e7e \u00f6r\u00fclm\u00fc\u015f halde ele alsam da, \u00dc\u00e7\u00fcnc\u00fc Kitapta Karahan Tepe\/Gir\u00ea Ke\u00e7l\u00ea \u00fczerinde de duraca\u011f\u0131m. <\/p>\n","protected":false},"excerpt":{"rendered":"<p>Kitap dizimizin \u00fc\u00e7\u00fcnc\u00fcs\u00fcyle tekrar bir araday\u0131z. Bu arada kaz\u0131larla ilgili \u00e7ok yeni geli\u015fmeler oldu. Harran civar\u0131ndaki tepelerde yap\u0131lan kaz\u0131lar arac\u0131l\u0131\u011f\u0131yla ilgin\u00e7 ve zengin verilere ula\u015f\u0131ld\u0131. Bu,<span class=\"excerpt-hellip\"> [\u2026]<\/span><\/p>\n","protected":false},"featured_media":0,"template":"","meta":{"_monsterinsights_skip_tracking":false,"_monsterinsights_sitenote_active":false,"_monsterinsights_sitenote_note":"","_monsterinsights_sitenote_category":0},"product_brand":[],"product_cat":[52477,52478],"product_tag":[],"class_list":{"0":"post-772780","1":"product","2":"type-product","3":"status-publish","5":"product_cat-arastirma","6":"product_cat-arkeoloji","7":"pa_cilt-ciltli","8":"pa_tur-kitap","9":"pa_yayinevi-kalkedon-yayincilik","10":"pa_yazar-cemal-ozcelik","12":"first","13":"instock","14":"sale","15":"shipping-taxable","16":"purchasable","17":"product-type-simple"},"_links":{"self":[{"href":"https:\/\/roveyayinevi.com.tr\/index.php\/wp-json\/wp\/v2\/product\/772780","targetHints":{"allow":["GET"]}}],"collection":[{"href":"https:\/\/roveyayinevi.com.tr\/index.php\/wp-json\/wp\/v2\/product"}],"about":[{"href":"https:\/\/roveyayinevi.com.tr\/index.php\/wp-json\/wp\/v2\/types\/product"}],"wp:attachment":[{"href":"https:\/\/roveyayinevi.com.tr\/index.php\/wp-json\/wp\/v2\/media?parent=772780"}],"wp:term":[{"taxonomy":"product_brand","embeddable":true,"href":"https:\/\/roveyayinevi.com.tr\/index.php\/wp-json\/wp\/v2\/product_brand?post=772780"},{"taxonomy":"product_cat","embeddable":true,"href":"https:\/\/roveyayinevi.com.tr\/index.php\/wp-json\/wp\/v2\/product_cat?post=772780"},{"taxonomy":"product_tag","embeddable":true,"href":"https:\/\/roveyayinevi.com.tr\/index.php\/wp-json\/wp\/v2\/product_tag?post=772780"}],"curies":[{"name":"wp","href":"https:\/\/api.w.org\/{rel}","templated":true}]}}