{"id":772779,"date":"2025-08-28T15:52:11","date_gmt":"2025-08-28T12:52:11","guid":{"rendered":"https:\/\/roveyayinevi.com.tr\/index.php\/urun\/kamu-diplomasisi-sozlugu\/"},"modified":"2026-04-15T03:38:56","modified_gmt":"2026-04-15T00:38:56","slug":"kamu-diplomasisi-sozlugu","status":"publish","type":"product","link":"https:\/\/roveyayinevi.com.tr\/index.php\/urun\/kamu-diplomasisi-sozlugu\/","title":{"rendered":"Kamu Diplomasisi S\u00f6zl\u00fc\u011f\u00fc"},"content":{"rendered":"<p>K\u00fcresel ve diyalojik bir ruhla uyguland\u0131\u011f\u0131nda, kamu diplomasisi h\u00fck\u00fcmetler aras\u0131 ili\u015fkilerin b\u00fcrokratik y\u00f6nlerine hem tamamlay\u0131c\u0131 hem de d\u00fczeltici bir katk\u0131 sa\u011flayabilir. K\u00fclt\u00fcrler ve medeniyetler aras\u0131nda diyalog i\u00e7in yenilik\u00e7i bir ara\u00e7 i\u015flevi g\u00f6rebilir; devletler aras\u0131nda bar\u0131\u015f\u00e7\u0131l bir birlikte ya\u015famaya katk\u0131da bulunabilir ve k\u00fcresel gerilim d\u00f6nemlerinde halklar aras\u0131nda k\u00f6pr\u00fcler kurabilir. Elinizdeki bu kitap, kamu diplomasisinin \u00e7o\u011fu zaman yeterince takdir edilmeyen potansiyeline dair fark\u0131ndal\u0131\u011f\u0131n artmas\u0131na yard\u0131mc\u0131 olacakt\u0131r. Hans K\u00f6chler, Professor of Philosophy, President of the International Progress Organization, Vienna Kamu Diplomasisi S\u00f6zl\u00fc\u011f\u00fc, kamu diplomasisi alan\u0131nda \u00e7al\u0131\u015fan uygulay\u0131c\u0131lar ve \u00f6\u011frenciler i\u00e7in faydal\u0131 bir ba\u015fvuru kayna\u011f\u0131d\u0131r. Kamu diplomasisi, yabanc\u0131 kitlelere ula\u015fman\u0131n ve onlar\u0131 geli\u015ftirme \u00e7abas\u0131n\u0131n \u00f6nemini kavrayan destekleyici bir kamuoyu olu\u015fturmay\u0131 gerektirir. Diplomasinin di\u011fer alanlar\u0131nda oldu\u011fu gibi, burada da anlam a\u00e7\u0131s\u0131ndan hassasiyet b\u00fcy\u00fck \u00f6nem ta\u015f\u0131r. Bu s\u00f6zl\u00fck, bu s\u00fcrece katk\u0131 sa\u011flayacakt\u0131r. Philip Seib, Professor Emeritus of Journalism and Public Diplomacy, University of Southern California Kamu Diplomasisi S\u00f6zl\u00fc\u011f\u00fc, kamu diplomasisinin karma\u015f\u0131k alan\u0131nda yol almak isteyen uygulay\u0131c\u0131lar ve \u00f6\u011frenciler i\u00e7in de\u011ferli bir kaynakt\u0131r. Yabanc\u0131 kamuoyuyla etkili bir \u015fekilde ileti\u015fim kurmak, bu t\u00fcr d\u0131\u015fa d\u00f6n\u00fck \u00e7abalar\u0131n stratejik \u00f6nemini kavrayan, iyi bilgilendirilmi\u015f bir i\u00e7 kamuoyu olu\u015fturmay\u0131 gerektirir. Diplomasinin t\u00fcm alanlar\u0131nda oldu\u011fu gibi, dilde a\u00e7\u0131kl\u0131k ve hassasiyet hayati \u00f6nem ta\u015f\u0131r \u2014ve bu eser de bu \u00e7abaya anlaml\u0131 bir katk\u0131 sunmaktad\u0131r. Yasushi Watanabe, Professor of Public Diplomacy, Keio University Emrah Aydemir ve O\u011fuz G\u00fcner\u2019in Kamu Diplomasisi S\u00f6zl\u00fc\u011f\u00fc, sava\u015f ve bar\u0131\u015f konular\u0131ndaki hayati kamuoyu tart\u0131\u015fmalar\u0131na a\u00e7\u0131kl\u0131k ve kesinlik kazand\u0131rmaktad\u0131r. Bu ba\u015fvuru kayna\u011f\u0131, hem profesyonel diplomatlardan hem de duyarl\u0131 vatanda\u015flar ve akademisyenlerden olu\u015fan geni\u015f bir kesime fayda sa\u011flayacakt\u0131r. <\/p>\n","protected":false},"excerpt":{"rendered":"<p>K\u00fcresel ve diyalojik bir ruhla uyguland\u0131\u011f\u0131nda, kamu diplomasisi h\u00fck\u00fcmetler aras\u0131 ili\u015fkilerin b\u00fcrokratik y\u00f6nlerine hem tamamlay\u0131c\u0131 hem de d\u00fczeltici bir katk\u0131 sa\u011flayabilir. K\u00fclt\u00fcrler ve medeniyetler aras\u0131nda diyalog<span class=\"excerpt-hellip\"> [\u2026]<\/span><\/p>\n","protected":false},"featured_media":0,"template":"","meta":{"_monsterinsights_skip_tracking":false,"_monsterinsights_sitenote_active":false,"_monsterinsights_sitenote_note":"","_monsterinsights_sitenote_category":0},"product_brand":[],"product_cat":[13059,12337],"product_tag":[],"class_list":{"0":"post-772779","1":"product","2":"type-product","3":"status-publish","5":"product_cat-diger-politika-siyaset","6":"product_cat-politika-siyaset","7":"pa_cilt-ciltsiz","8":"pa_tur-kitap","9":"pa_yayinevi-kalkedon-yayincilik","10":"pa_yazar-emrah-aydemir-oguz-guner","12":"first","13":"instock","14":"sale","15":"shipping-taxable","16":"purchasable","17":"product-type-simple"},"_links":{"self":[{"href":"https:\/\/roveyayinevi.com.tr\/index.php\/wp-json\/wp\/v2\/product\/772779","targetHints":{"allow":["GET"]}}],"collection":[{"href":"https:\/\/roveyayinevi.com.tr\/index.php\/wp-json\/wp\/v2\/product"}],"about":[{"href":"https:\/\/roveyayinevi.com.tr\/index.php\/wp-json\/wp\/v2\/types\/product"}],"wp:attachment":[{"href":"https:\/\/roveyayinevi.com.tr\/index.php\/wp-json\/wp\/v2\/media?parent=772779"}],"wp:term":[{"taxonomy":"product_brand","embeddable":true,"href":"https:\/\/roveyayinevi.com.tr\/index.php\/wp-json\/wp\/v2\/product_brand?post=772779"},{"taxonomy":"product_cat","embeddable":true,"href":"https:\/\/roveyayinevi.com.tr\/index.php\/wp-json\/wp\/v2\/product_cat?post=772779"},{"taxonomy":"product_tag","embeddable":true,"href":"https:\/\/roveyayinevi.com.tr\/index.php\/wp-json\/wp\/v2\/product_tag?post=772779"}],"curies":[{"name":"wp","href":"https:\/\/api.w.org\/{rel}","templated":true}]}}