{"id":772778,"date":"2025-08-28T15:52:09","date_gmt":"2025-08-28T12:52:09","guid":{"rendered":"https:\/\/roveyayinevi.com.tr\/index.php\/urun\/istanbul-edebiyat-haritasi\/"},"modified":"2026-04-15T03:38:56","modified_gmt":"2026-04-15T00:38:56","slug":"istanbul-edebiyat-haritasi","status":"publish","type":"product","link":"https:\/\/roveyayinevi.com.tr\/index.php\/urun\/istanbul-edebiyat-haritasi\/","title":{"rendered":"\u0130stanbul Edebiyat Haritas\u0131"},"content":{"rendered":"<p>Haritalar bir \u015fehirde yaln\u0131zca yollar\u0131 de\u011fil, zaman\u0131n ve haf\u0131zan\u0131n izlerini de g\u00f6sterir.\u00d6n\u00fcnden \u00f6ylece ge\u00e7ti\u011fimiz bir apartmanda bir zamanlar hangi \u015fairin ya\u015fad\u0131\u011f\u0131n\u0131, unutulmaz romanlar\u0131n hangi evlerde filizlendi\u011fini, kalbimize i\u015fleyen dizelerin hangi pencerelerden bak\u0131larak yaz\u0131ld\u0131\u011f\u0131n\u0131 ve bir \u00f6\u011fleden sonra k\u00f6\u015fe ba\u015f\u0131ndaki kahvede hangi edebiyat\u00e7\u0131lar\u0131n bulu\u015ftu\u011funu ancak k\u00fclt\u00fcrel miras\u0131n izinden giden \u00e7al\u0131\u015fmalar ortaya koyabilir. \u00c7\u00fcnk\u00fc bir \u015fehri sadece ad\u0131mlarla de\u011fil, kelimelerle de dola\u015f\u0131r\u0131z. \u0130stanbul Edebiyat Haritas\u0131, okuru yazarlar\u0131n izinde; Suri\u00e7i\u2019nden Be\u015fikta\u015f\u2019a, \u015ei\u015fli\u2019den Beyo\u011flu\u2019na, Bo\u011fazi\u00e7i\u2019nden \u00dcsk\u00fcdar\u2019a, Kad\u0131k\u00f6y\u2019den Adalar\u2019a uzanan zengin bir edebiyat yolculu\u011funa \u00e7\u0131kar\u0131yor.Y\u00fczlerce adresin izini s\u00fcrerek titiz bir ara\u015ft\u0131rman\u0131n \u00fcr\u00fcn\u00fc olan bu kitap; mektuplar, biyografiler, an\u0131lar ve unutulmu\u015f r\u00f6portajlar arac\u0131l\u0131\u011f\u0131yla kentin edebiyatla yo\u011frulmu\u015f belle\u011fini ortaya koyuyor. N\u00e2z\u0131m Hikmet\u2019in Beyo\u011flu\u2019ndaki dairesinden Suat Dervi\u015f\u2019in \u015ei\u015fli\u2019deki evine, Selim \u0130leri\u2019nin d\u00fcnyaya g\u00f6zlerini a\u00e7t\u0131\u011f\u0131 Kad\u0131k\u00f6y\u2019deki apartmandan Halide Edib\u2019in Milli M\u00fccadele\u2019ye kat\u0131lmak \u00fczere sakland\u0131\u011f\u0131 tekkeye kadar bir\u00e7ok \u00f6zel mek\u00e2n bu haritada bir araya geliyor.Sadece yazarlar\u0131n ya\u015fad\u0131\u011f\u0131 evleri de\u011fil, edebiyat\u0131n sosyal ve k\u00fclt\u00fcrel bulu\u015fma noktalar\u0131n\u0131 da kapsayan bu \u00e7al\u0131\u015fma, okurlar i\u00e7in hem bir edebiyat rehberi hem de ge\u00e7mi\u015fin g\u00f6lgeleriyle bug\u00fcn\u00fcn merak\u0131n\u0131 bulu\u015fturan \u00f6zel bir haf\u0131za atlas\u0131. \u0130stanbul Edebiyat Haritas\u0131; edebiyat\u0131n mek\u00e2nla kurdu\u011fu ba\u011f\u0131 g\u00f6rmek ve \u015fehri yeniden okumak isteyenlere zaman, edebiyat ve \u015fehir \u00fc\u00e7geninde benzersiz bir ke\u015fif \u00e7a\u011fr\u0131s\u0131 yap\u0131yor. <\/p>\n","protected":false},"excerpt":{"rendered":"<p>Haritalar bir \u015fehirde yaln\u0131zca yollar\u0131 de\u011fil, zaman\u0131n ve haf\u0131zan\u0131n izlerini de g\u00f6sterir.\u00d6n\u00fcnden \u00f6ylece ge\u00e7ti\u011fimiz bir apartmanda bir zamanlar hangi \u015fairin ya\u015fad\u0131\u011f\u0131n\u0131, unutulmaz romanlar\u0131n hangi evlerde filizlendi\u011fini,<span class=\"excerpt-hellip\"> [\u2026]<\/span><\/p>\n","protected":false},"featured_media":0,"template":"","meta":{"_monsterinsights_skip_tracking":false,"_monsterinsights_sitenote_active":false,"_monsterinsights_sitenote_note":"","_monsterinsights_sitenote_category":0},"product_brand":[],"product_cat":[13072,12291],"product_tag":[],"class_list":{"0":"post-772778","1":"product","2":"type-product","3":"status-publish","5":"product_cat-arastirma-inceleme-referans","6":"product_cat-edebiyat","7":"pa_cilt-ciltsiz","8":"pa_tur-kitap","9":"pa_yayinevi-masa-kitap","10":"pa_yazar-bahriye-ceri","12":"first","13":"instock","14":"sale","15":"shipping-taxable","16":"purchasable","17":"product-type-simple"},"_links":{"self":[{"href":"https:\/\/roveyayinevi.com.tr\/index.php\/wp-json\/wp\/v2\/product\/772778","targetHints":{"allow":["GET"]}}],"collection":[{"href":"https:\/\/roveyayinevi.com.tr\/index.php\/wp-json\/wp\/v2\/product"}],"about":[{"href":"https:\/\/roveyayinevi.com.tr\/index.php\/wp-json\/wp\/v2\/types\/product"}],"wp:attachment":[{"href":"https:\/\/roveyayinevi.com.tr\/index.php\/wp-json\/wp\/v2\/media?parent=772778"}],"wp:term":[{"taxonomy":"product_brand","embeddable":true,"href":"https:\/\/roveyayinevi.com.tr\/index.php\/wp-json\/wp\/v2\/product_brand?post=772778"},{"taxonomy":"product_cat","embeddable":true,"href":"https:\/\/roveyayinevi.com.tr\/index.php\/wp-json\/wp\/v2\/product_cat?post=772778"},{"taxonomy":"product_tag","embeddable":true,"href":"https:\/\/roveyayinevi.com.tr\/index.php\/wp-json\/wp\/v2\/product_tag?post=772778"}],"curies":[{"name":"wp","href":"https:\/\/api.w.org\/{rel}","templated":true}]}}