{"id":772777,"date":"2025-08-28T15:52:06","date_gmt":"2025-08-28T12:52:06","guid":{"rendered":"https:\/\/roveyayinevi.com.tr\/index.php\/urun\/sarki-hikayeleri\/"},"modified":"2026-04-15T03:38:56","modified_gmt":"2026-04-15T00:38:56","slug":"sarki-hikayeleri","status":"publish","type":"product","link":"https:\/\/roveyayinevi.com.tr\/index.php\/urun\/sarki-hikayeleri\/","title":{"rendered":"\u015eark\u0131 Hikayeleri"},"content":{"rendered":"<p>Baz\u0131 \u015fark\u0131lar sadece kula\u011f\u0131m\u0131za de\u011fil, kalbimize de kaz\u0131n\u0131r. Bir melodi, bir s\u00f6z, bir nakarat, her duydu\u011fumuzda bizi ba\u015fka bir zamana, mek\u00e2na ve duyguya g\u00f6t\u00fcr\u00fcr. Herkesin diline dolanan, bazen a\u011flayarak, bazen kahkahalarla s\u00f6ylenen \u015fark\u0131lar unutulmazd\u0131r. Peki ya bu \u015fark\u0131lar\u0131n ard\u0131ndaki hik\u00e2yeler?Yavuz Hakan Tok\u2019un se\u00e7kisiyle haz\u0131rlanan \u015eark\u0131 Hik\u00e2yeleri, T\u00fcrk pop\u00fcler m\u00fczi\u011finin 60\u2019lardan 90\u2019lara uzanan ser\u00fcvenine seksen unutulmaz \u015fark\u0131 \u00fczerinden \u0131\u015f\u0131k tutuyor.T\u00fcrk\u00e7e m\u00fczi\u011fin \u201cS\u00fcperstar\u201d\u0131 Ajda Pekkan\u2019\u0131n sahne hayat\u0131, karde\u015fine a\u00e7t\u0131rd\u0131\u011f\u0131 bir telefonla nas\u0131l ba\u015flad\u0131?Bir d\u00fc\u011f\u00fcn gecesi Metin Oktay, \u00dcmit Besen\u2019i dinlemeseydi, \u201cNik\u00e2h Masas\u0131\u201d efsanesi do\u011fabilir miydi?80\u2019ler d\u00f6neminin ritmini belirleyen \u201cHonki Ponki\u201dnin s\u00f6zleri ne anlama geliyordu?Bar\u0131\u015f Man\u00e7o\u2019nun, Nazan \u015eoray i\u00e7in yazd\u0131\u011f\u0131 \u201cNazo Gelin aya\u011f\u0131na takar halhal\u201d s\u00f6zleriyle halhal modas\u0131 nas\u0131l ba\u015flad\u0131? \u015eark\u0131 Hik\u00e2yeleri, Erol Evgin\u2019den Ayten Alpman\u2019a, Sezen Aksu\u2019dan Tarkan\u2019a kadar, bazen \u00e7ok bilinen, bazense neredeyse unutulmu\u015f \u015fark\u0131lar\u0131n ard\u0131ndaki hik\u00e2yelere odaklan\u0131yor. Do\u011fru bilinen yanl\u0131\u015flar\u0131n d\u00fczeltildi\u011fi, kulaktan dolma \u015fehir efsanelerinin rafa kald\u0131r\u0131ld\u0131\u011f\u0131, belgeler ve tan\u0131kl\u0131klarla beraber titiz bir ara\u015ft\u0131rma sonucu ortaya \u00e7\u0131kan bu kitap, anlatacak hik\u00e2yesi olan \u015fark\u0131lar\u0131n kitab\u0131d\u0131r. Bestecilerden s\u00f6z yazarlar\u0131na, aranj\u00f6rlerden yorumculara kadar \u015fark\u0131lar\u0131n ard\u0131ndaki yarat\u0131c\u0131 ruhlara bir sayg\u0131 duru\u015fu olan \u015eark\u0131 Hik\u00e2yeleri, m\u00fczik merakl\u0131lar\u0131na ve \u015fark\u0131larla b\u00fcy\u00fcyen herkese, T\u00fcrkiye\u2019nin sesli haf\u0131zas\u0131nda bir yolculuk vaat ediyor. <\/p>\n","protected":false},"excerpt":{"rendered":"<p>Baz\u0131 \u015fark\u0131lar sadece kula\u011f\u0131m\u0131za de\u011fil, kalbimize de kaz\u0131n\u0131r. Bir melodi, bir s\u00f6z, bir nakarat, her duydu\u011fumuzda bizi ba\u015fka bir zamana, mek\u00e2na ve duyguya g\u00f6t\u00fcr\u00fcr. Herkesin diline<span class=\"excerpt-hellip\"> [\u2026]<\/span><\/p>\n","protected":false},"featured_media":0,"template":"","meta":{"_monsterinsights_skip_tracking":false,"_monsterinsights_sitenote_active":false,"_monsterinsights_sitenote_note":"","_monsterinsights_sitenote_category":0},"product_brand":[],"product_cat":[18545,12291],"product_tag":[],"class_list":{"0":"post-772777","1":"product","2":"type-product","3":"status-publish","5":"product_cat-anlati","6":"product_cat-edebiyat","7":"pa_cilt-ciltsiz","8":"pa_tur-kitap","9":"pa_yayinevi-masa-kitap","10":"pa_yazar-yavuz-hakan-tok","12":"first","13":"instock","14":"sale","15":"shipping-taxable","16":"purchasable","17":"product-type-simple"},"_links":{"self":[{"href":"https:\/\/roveyayinevi.com.tr\/index.php\/wp-json\/wp\/v2\/product\/772777","targetHints":{"allow":["GET"]}}],"collection":[{"href":"https:\/\/roveyayinevi.com.tr\/index.php\/wp-json\/wp\/v2\/product"}],"about":[{"href":"https:\/\/roveyayinevi.com.tr\/index.php\/wp-json\/wp\/v2\/types\/product"}],"wp:attachment":[{"href":"https:\/\/roveyayinevi.com.tr\/index.php\/wp-json\/wp\/v2\/media?parent=772777"}],"wp:term":[{"taxonomy":"product_brand","embeddable":true,"href":"https:\/\/roveyayinevi.com.tr\/index.php\/wp-json\/wp\/v2\/product_brand?post=772777"},{"taxonomy":"product_cat","embeddable":true,"href":"https:\/\/roveyayinevi.com.tr\/index.php\/wp-json\/wp\/v2\/product_cat?post=772777"},{"taxonomy":"product_tag","embeddable":true,"href":"https:\/\/roveyayinevi.com.tr\/index.php\/wp-json\/wp\/v2\/product_tag?post=772777"}],"curies":[{"name":"wp","href":"https:\/\/api.w.org\/{rel}","templated":true}]}}