{"id":772774,"date":"2025-08-28T15:52:01","date_gmt":"2025-08-28T12:52:01","guid":{"rendered":"https:\/\/roveyayinevi.com.tr\/index.php\/urun\/satir-arasi-yazilari\/"},"modified":"2026-03-12T03:36:54","modified_gmt":"2026-03-12T00:36:54","slug":"satir-arasi-yazilari","status":"publish","type":"product","link":"https:\/\/roveyayinevi.com.tr\/index.php\/urun\/satir-arasi-yazilari\/","title":{"rendered":"Sat\u0131r Aras\u0131 Yaz\u0131lar\u0131"},"content":{"rendered":"<p>Hayat\u0131m\u0131z\u0131 anlaml\u0131 i\u015flerle s\u00fcslemek iyi ya\u015famak, kaliteli ya\u015famak demektir. O kadar h\u0131zl\u0131 ya\u015f\u0131yoruz ki kovalamaca oynad\u0131\u011f\u0131m\u0131z g\u00fcnlerin fark\u0131nda bile olam\u0131yoruz bazen. Bu \u00e7a\u011f\u0131n hastal\u0131\u011f\u0131 h\u0131z, haz ve h\u0131rs ile ruhumuz yorgun d\u00fc\u015f\u00fcyor maalesef. \u00c7ok yorduk onu. Edebiyat, sanat yorulan ruhumuza \u015fifa oluyor, bizi bir ba\u015fka d\u00fcnyaya \u00e7a\u011f\u0131r\u0131yor. Mutlu\u011fun pe\u015findeyiz hepimiz ama arad\u0131\u011f\u0131m\u0131z mutluluk denen o iksirin dev al\u0131\u015fveri\u015f merkezlerinde, modern teknolojinin bize sundu\u011fu alet edevat aras\u0131nda olmad\u0131\u011f\u0131n\u0131 anlamaya pek yana\u015fm\u0131yoruz. Mutluluk i\u00e7in de bir gayret, bir bedel \u00f6demek gerekir. Onun i\u00e7in buna de\u011fecek bir hayat s\u00fcrmemiz laz\u0131m. Edebiyat ve sanat i\u015fte bu noktada bize kap\u0131 aralar, yiti\u011fimiz olan hikmeti bulabilmek i\u00e7in imk\u00e2nlar sunar. O zaman g\u00fczel eserler \u00fcretmeye devam edelim. \u00c7ocuklar\u0131m\u0131z\u0131, gen\u00e7lerimizi de bu i\u015fe ortak edelim. Evlerimizde edebi metinler okuma saati, hik\u00e2ye saati, \u015fiir saati gibi anlaml\u0131 zamanlar planlayal\u0131m. Hayat\u0131n edebiyat ve sanatla daha anlaml\u0131 oldu\u011funu g\u00f6relim, ya\u015fayal\u0131m, fark edelim. <\/p>\n","protected":false},"excerpt":{"rendered":"<p>Hayat\u0131m\u0131z\u0131 anlaml\u0131 i\u015flerle s\u00fcslemek iyi ya\u015famak, kaliteli ya\u015famak demektir. O kadar h\u0131zl\u0131 ya\u015f\u0131yoruz ki kovalamaca oynad\u0131\u011f\u0131m\u0131z g\u00fcnlerin fark\u0131nda bile olam\u0131yoruz bazen. Bu \u00e7a\u011f\u0131n hastal\u0131\u011f\u0131 h\u0131z, haz<span class=\"excerpt-hellip\"> [\u2026]<\/span><\/p>\n","protected":false},"featured_media":0,"template":"","meta":{"_monsterinsights_skip_tracking":false,"_monsterinsights_sitenote_active":false,"_monsterinsights_sitenote_note":"","_monsterinsights_sitenote_category":0},"product_brand":[],"product_cat":[13835],"product_tag":[],"class_list":{"0":"post-772774","1":"product","2":"type-product","3":"status-publish","5":"product_cat-cok-satanlar","6":"pa_cilt-ciltsiz","7":"pa_tur-kitap","8":"pa_yayinevi-kirmizi-cati-yayinlari","9":"pa_yazar-recep-sen","11":"first","12":"instock","13":"sale","14":"shipping-taxable","15":"purchasable","16":"product-type-simple"},"_links":{"self":[{"href":"https:\/\/roveyayinevi.com.tr\/index.php\/wp-json\/wp\/v2\/product\/772774","targetHints":{"allow":["GET"]}}],"collection":[{"href":"https:\/\/roveyayinevi.com.tr\/index.php\/wp-json\/wp\/v2\/product"}],"about":[{"href":"https:\/\/roveyayinevi.com.tr\/index.php\/wp-json\/wp\/v2\/types\/product"}],"wp:attachment":[{"href":"https:\/\/roveyayinevi.com.tr\/index.php\/wp-json\/wp\/v2\/media?parent=772774"}],"wp:term":[{"taxonomy":"product_brand","embeddable":true,"href":"https:\/\/roveyayinevi.com.tr\/index.php\/wp-json\/wp\/v2\/product_brand?post=772774"},{"taxonomy":"product_cat","embeddable":true,"href":"https:\/\/roveyayinevi.com.tr\/index.php\/wp-json\/wp\/v2\/product_cat?post=772774"},{"taxonomy":"product_tag","embeddable":true,"href":"https:\/\/roveyayinevi.com.tr\/index.php\/wp-json\/wp\/v2\/product_tag?post=772774"}],"curies":[{"name":"wp","href":"https:\/\/api.w.org\/{rel}","templated":true}]}}