{"id":772773,"date":"2025-08-28T15:51:58","date_gmt":"2025-08-28T12:51:58","guid":{"rendered":"https:\/\/roveyayinevi.com.tr\/index.php\/urun\/gec-olmadan-2\/"},"modified":"2026-03-12T03:36:54","modified_gmt":"2026-03-12T00:36:54","slug":"gec-olmadan-2","status":"publish","type":"product","link":"https:\/\/roveyayinevi.com.tr\/index.php\/urun\/gec-olmadan-2\/","title":{"rendered":"Ge\u00e7 Olmadan"},"content":{"rendered":"<p>\u201cG\u00f6z \u00f6n\u00fcnde olan baz\u0131 \u015feylerin, daha \u00e7ok g\u00f6z \u00f6n\u00fcnde olan k\u0131s\u0131mlar\u0131yla ilgilenmeye meyilli bir yap\u0131ya sahibizdir. Oysaki g\u00f6z \u00f6n\u00fcnde olmayan detaylar, g\u00f6z \u00f6n\u00fcnde olan \u015feyi g\u00f6z \u00f6n\u00fcnde yapan as\u0131l detaylard\u0131r.\u201d   \u201cBedensel \u00f6l\u00fcms\u00fczl\u00fckten ziyade, manevi \u00f6l\u00fcms\u00fczl\u00fck pe\u015finde ko\u015fsak daha iyi de\u011fil mi? Bir \u015feyler \u00fcretsek. G\u00fczel fikirler \u00fcretsek. Eserler \u00fcretsek. Bir \u015feyler b\u0131raksak geriye. Hem daha ger\u00e7ek\u00e7i de\u011fil mi?\u201d   \u201c\u00d6yleydi, bizim \u00e7ocuklu\u011fumuzda a\u00e7\u0131k kapal\u0131 diye bir \u015fey yoktu. Sonradan neden b\u00f6yle oldu, neden bu kadar kamplara b\u00f6l\u00fcnd\u00fck, neden birbirimize nefretle bakar olduk, neden sen \u015f\u00f6ylesin b\u00f6ylesin diyerek birbirimizi \u00f6teledik, hi\u00e7 anlayamad\u0131m. \u00c7\u00fcnk\u00fc biz insan\u00ee de\u011ferlerle yeti\u015ftirilmi\u015f \u00e7ocuklard\u0131k. \u0130nsan\u00ee de\u011ferlerimizin birileri taraf\u0131ndan kullan\u0131lmas\u0131na, yok edilmesine, k\u00f6t\u00fclenmesine, i\u00e7ten pazarl\u0131kl\u0131, b\u00f6l\u00fcnm\u00fc\u015f ve menfaat\u00e7i bir anlay\u0131\u015fa s\u00fcr\u00fcklenmesine dur diyebilmeliydik. Diyemedik.\u201d   \u201cHayat\u0131n bizlere sunulmu\u015f bir arma\u011fan oldu\u011funu ne zaman tam anlam\u0131yla fark edece\u011fiz acaba? Hayat\u0131n, ya\u015fad\u0131\u011f\u0131m\u0131z anlar\u0131n, an\u0131lar\u0131n ve duygular\u0131n bir toplam\u0131ndan ibaret oldu\u011funu ne zaman idrak edece\u011fiz? Ve ne zaman hayat\u0131 hayat gibi ya\u015fayaca\u011f\u0131z? Ge\u00e7 olmadan\u2026\u201d <\/p>\n","protected":false},"excerpt":{"rendered":"<p>\u201cG\u00f6z \u00f6n\u00fcnde olan baz\u0131 \u015feylerin, daha \u00e7ok g\u00f6z \u00f6n\u00fcnde olan k\u0131s\u0131mlar\u0131yla ilgilenmeye meyilli bir yap\u0131ya sahibizdir. Oysaki g\u00f6z \u00f6n\u00fcnde olmayan detaylar, g\u00f6z \u00f6n\u00fcnde olan \u015feyi g\u00f6z<span class=\"excerpt-hellip\"> [\u2026]<\/span><\/p>\n","protected":false},"featured_media":0,"template":"","meta":{"_monsterinsights_skip_tracking":false,"_monsterinsights_sitenote_active":false,"_monsterinsights_sitenote_note":"","_monsterinsights_sitenote_category":0},"product_brand":[],"product_cat":[12291,12711],"product_tag":[],"class_list":{"0":"post-772773","1":"product","2":"type-product","3":"status-publish","5":"product_cat-edebiyat","6":"product_cat-roman-oyku","7":"pa_cilt-ciltsiz","8":"pa_tur-kitap","9":"pa_yayinevi-kirmizi-cati-yayinlari","10":"pa_yazar-volkan-konya","12":"first","13":"instock","14":"sale","15":"shipping-taxable","16":"purchasable","17":"product-type-simple"},"_links":{"self":[{"href":"https:\/\/roveyayinevi.com.tr\/index.php\/wp-json\/wp\/v2\/product\/772773","targetHints":{"allow":["GET"]}}],"collection":[{"href":"https:\/\/roveyayinevi.com.tr\/index.php\/wp-json\/wp\/v2\/product"}],"about":[{"href":"https:\/\/roveyayinevi.com.tr\/index.php\/wp-json\/wp\/v2\/types\/product"}],"wp:attachment":[{"href":"https:\/\/roveyayinevi.com.tr\/index.php\/wp-json\/wp\/v2\/media?parent=772773"}],"wp:term":[{"taxonomy":"product_brand","embeddable":true,"href":"https:\/\/roveyayinevi.com.tr\/index.php\/wp-json\/wp\/v2\/product_brand?post=772773"},{"taxonomy":"product_cat","embeddable":true,"href":"https:\/\/roveyayinevi.com.tr\/index.php\/wp-json\/wp\/v2\/product_cat?post=772773"},{"taxonomy":"product_tag","embeddable":true,"href":"https:\/\/roveyayinevi.com.tr\/index.php\/wp-json\/wp\/v2\/product_tag?post=772773"}],"curies":[{"name":"wp","href":"https:\/\/api.w.org\/{rel}","templated":true}]}}